{"id":13698,"date":"2024-11-24T14:38:05","date_gmt":"2024-11-24T11:38:05","guid":{"rendered":"https:\/\/www.reksan.com.tr\/?post_type=product&#038;p=13698"},"modified":"2024-12-22T14:32:14","modified_gmt":"2024-12-22T11:32:14","slug":"ip-68-s-etanj-polyamid-ventilli-kablo-rakoru","status":"publish","type":"product","link":"https:\/\/www.reksan.com.tr\/ar\/ip-68-s-etanj-polyamid-ventilli-kablo-rakoru\/","title":{"rendered":"\u0648\u0635\u0644\u0627\u062a \u0643\u0627\u0628\u0644\u0627\u062a \u0641\u0646\u062a\u064a\u0644\u064a \u0645\u0635\u0646\u0648\u0639\u0629 \u0645\u0646 \u0627\u0644\u0628\u0648\u0644\u064a \u0623\u0645\u064a\u062f IP-68 S.Etanj"},"content":{"rendered":"<div class=\"wpb-content-wrapper\"><div class=\"vc_row wpb_row vc_row-fluid\"><div class=\"wpb_column vc_column_container vc_col-sm-12\"><div class=\"vc_column-inner\"><div class=\"wpb_wrapper\"><div class=\"vc_separator wpb_content_element vc_separator_align_center vc_sep_width_100 vc_sep_pos_align_center vc_sep_color_grey urunozellikleri vc_separator-has-text\" ><span class=\"vc_sep_holder vc_sep_holder_l\"><span class=\"vc_sep_line\"><\/span><\/span><h4>\u0627\u0644\u0645\u0648\u0627\u0635\u0641\u0627\u062a \u0627\u0644\u0641\u0646\u064a\u0629<\/h4><span class=\"vc_sep_holder vc_sep_holder_r\"><span class=\"vc_sep_line\"><\/span><\/span>\n<\/div>\n\t<div class=\"wpb_text_column wpb_content_element tobolum\" >\n\t\t<div class=\"wpb_wrapper\">\n\t\t\t\n<table id=\"tablepress-421\" class=\"tablepress tablepress-id-421 teknik\">\n<tbody class=\"row-striping row-hover\">\n<tr class=\"row-1\">\n\t<td class=\"column-1\">\u0628\u0648\u0644\u064a \u0623\u0645\u064a\u062f<\/td><td class=\"column-2\"><a target=\"_blank\" href=\"https:\/\/www.reksan.com.tr\/ar\/polyamid-pa-6\/\">\u0627\u0644\u0645\u0627\u062f\u0629 \u0627\u0644\u062e\u0627\u0645  PA 6 \u24d8<\/a><\/td>\n<\/tr>\n<tr class=\"row-2\">\n\t<td class=\"column-1\">\u0645\u0639\u0627\u064a\u064a\u0631 \u0627\u0644\u062e\u064a\u0648\u0637\t<\/td><td class=\"column-2\"><a target=\"_blank\" href=\"https:\/\/www.reksan.com.tr\/ar\/dis-standartlari\/\">PG DIN 46320<\/a> | <a target=\"_blank\" href=\"https:\/\/www.reksan.com.tr\/ar\/dis-standartlari\/\">\u0645\u062a\u0631\u064a EN 60423<\/a><\/td>\n<\/tr>\n<tr class=\"row-3\">\n\t<td class=\"column-1\">\u0627\u0644\u0625\u062d\u0643\u0627\u0645<\/td><td class=\"column-2\"><a target=\"_blank\" href=\"https:\/\/www.reksan.com.tr\/ar\/ip-kodlarinin-siniflari\/\">IP 68  \u24d8<\/a> - 5 \u0628\u0627\u0631\u060c 30 \u062f\u0642\u064a\u0642\u0629<\/td>\n<\/tr>\n<tr class=\"row-4\">\n\t<td class=\"column-1\">\u0645\u0642\u0627\u0648\u0645\u0629 \u0627\u0644\u062d\u0631\u0627\u0631\u0629<\/td><td class=\"column-2\">-20\u00b0 C +80\u00b0 C<\/td>\n<\/tr>\n<tr class=\"row-5\">\n\t<td class=\"column-1\">\u0627\u0644\u0644\u0648\u0646<\/td><td class=\"column-2\">RAL 7035 - \u0631\u0645\u0627\u062f\u064a<br \/>\nRAL 7001 - \u0631\u0645\u0627\u062f\u064a \u0641\u0627\u062a\u062d<br \/>\nRAL 9005 - \u0623\u0633\u0648\u062f<\/td>\n<\/tr>\n<tr class=\"row-6\">\n\t<td class=\"column-1\">\u0627\u0633\u062a\u062e\u062f\u0627\u0645<\/td><td class=\"column-2\">\u064a\u064f\u0633\u062a\u062e\u062f\u0645 \u0641\u064a \u0627\u0644\u0628\u064a\u0626\u0627\u062a \u0627\u0644\u062a\u064a \u062a\u062a\u0637\u0644\u0628 \u0645\u0648\u0627\u0632\u0646\u0629 \u0627\u0644\u0636\u063a\u0637 \u0648\u062a\u062a\u0643\u0648\u0646 \u0641\u064a\u0647\u0627 \u0627\u0644\u062a\u0643\u062b\u064a\u0641\u0627\u062a.<\/td>\n<\/tr>\n<tr class=\"row-7\">\n\t<td class=\"column-1\">\u062e\u0635\u0627\u0626\u0635 \u0627\u0644\u063a\u0634\u0627\u0621<\/td><td class=\"column-2\">\u0643\u0627\u0631\u0647 \u0644\u0644\u0645\u0627\u0621 (\u0647\u064a\u062f\u0631\u0648\u0641\u0648\u0628\u064a\u0643)<br \/>\n\u0643\u0627\u0631\u0647 \u0644\u0644\u0632\u064a\u062a (\u0623\u0648\u0644\u064a\u0648\u0641\u0648\u0628\u064a\u0643)<\/td>\n<\/tr>\n<\/tbody>\n<\/table>\n<!-- #tablepress-421 from cache -->\n\n\t\t<\/div>\n\t<\/div>\n<div class=\"wpb_gallery wpb_content_element vc_clearfix\" id=\"isaretler\"><div class=\"wpb_wrapper\"><div class=\"wpb_gallery_slides wpb_image_grid\" data-interval=\"3\"><ul class=\"wpb_image_grid_ul\"><li class=\"isotope-item\"><img loading=\"lazy\" decoding=\"async\" width=\"300\" height=\"300\" src=\"https:\/\/www.reksan.com.tr\/wp-content\/uploads\/2024\/11\/uv-icon.png\" class=\"attachment-full\" alt=\"\" title=\"UV Direnci\" srcset=\"https:\/\/www.reksan.com.tr\/wp-content\/uploads\/2024\/11\/uv-icon.png 300w, https:\/\/www.reksan.com.tr\/wp-content\/uploads\/2024\/11\/uv-icon-150x150.png 150w\" sizes=\"auto, (max-width: 300px) 100vw, 300px\"><\/li><li class=\"isotope-item\"><img loading=\"lazy\" decoding=\"async\" width=\"300\" height=\"300\" src=\"https:\/\/www.reksan.com.tr\/wp-content\/uploads\/2024\/12\/nem-icon.png\" class=\"attachment-full\" alt=\"\" title=\"Hava Ko\u015fullar\u0131na Dayan\u0131kl\u0131l\u0131k\" srcset=\"https:\/\/www.reksan.com.tr\/wp-content\/uploads\/2024\/12\/nem-icon.png 300w, https:\/\/www.reksan.com.tr\/wp-content\/uploads\/2024\/12\/nem-icon-150x150.png 150w\" sizes=\"auto, (max-width: 300px) 100vw, 300px\"><\/li><li class=\"isotope-item\"><img loading=\"lazy\" decoding=\"async\" width=\"300\" height=\"300\" src=\"https:\/\/www.reksan.com.tr\/wp-content\/uploads\/2024\/11\/alev-icon.png\" class=\"attachment-full\" alt=\"\" title=\"Yanmay\u0131 Desteklemez\" srcset=\"https:\/\/www.reksan.com.tr\/wp-content\/uploads\/2024\/11\/alev-icon.png 300w, https:\/\/www.reksan.com.tr\/wp-content\/uploads\/2024\/11\/alev-icon-150x150.png 150w\" sizes=\"auto, (max-width: 300px) 100vw, 300px\"><\/li><li class=\"isotope-item\"><img loading=\"lazy\" decoding=\"async\" width=\"300\" height=\"300\" src=\"https:\/\/www.reksan.com.tr\/wp-content\/uploads\/2024\/11\/oil-icon.png\" class=\"attachment-full\" alt=\"\" title=\"Ya\u011fa Dayan\u0131kl\u0131\" srcset=\"https:\/\/www.reksan.com.tr\/wp-content\/uploads\/2024\/11\/oil-icon.png 300w, https:\/\/www.reksan.com.tr\/wp-content\/uploads\/2024\/11\/oil-icon-150x150.png 150w\" sizes=\"auto, (max-width: 300px) 100vw, 300px\"><\/li><li class=\"isotope-item\"><img loading=\"lazy\" decoding=\"async\" width=\"300\" height=\"300\" src=\"https:\/\/www.reksan.com.tr\/wp-content\/uploads\/2024\/12\/soguk-icon.png\" class=\"attachment-full\" alt=\"\" title=\"Dona Dayan\u0131kl\u0131\" srcset=\"https:\/\/www.reksan.com.tr\/wp-content\/uploads\/2024\/12\/soguk-icon.png 300w, https:\/\/www.reksan.com.tr\/wp-content\/uploads\/2024\/12\/soguk-icon-150x150.png 150w\" sizes=\"auto, (max-width: 300px) 100vw, 300px\"><\/li><li class=\"isotope-item\"><img loading=\"lazy\" decoding=\"async\" width=\"300\" height=\"300\" src=\"https:\/\/www.reksan.com.tr\/wp-content\/uploads\/2024\/11\/hf-icon.png\" class=\"attachment-full\" alt=\"\" title=\"Halojen \u0130\u00e7ermez\" srcset=\"https:\/\/www.reksan.com.tr\/wp-content\/uploads\/2024\/11\/hf-icon.png 300w, https:\/\/www.reksan.com.tr\/wp-content\/uploads\/2024\/11\/hf-icon-150x150.png 150w\" sizes=\"auto, (max-width: 300px) 100vw, 300px\"><\/li><li class=\"isotope-item\"><img loading=\"lazy\" decoding=\"async\" width=\"300\" height=\"300\" src=\"https:\/\/www.reksan.com.tr\/wp-content\/uploads\/2024\/12\/Geri-Dnusturulebilir.png\" class=\"attachment-full\" alt=\"\" title=\"Yeniden Kullan\u0131labilir\" srcset=\"https:\/\/www.reksan.com.tr\/wp-content\/uploads\/2024\/12\/Geri-Dnusturulebilir.png 300w, https:\/\/www.reksan.com.tr\/wp-content\/uploads\/2024\/12\/Geri-Dnusturulebilir-150x150.png 150w\" sizes=\"auto, (max-width: 300px) 100vw, 300px\"><\/li><li class=\"isotope-item\"><img loading=\"lazy\" decoding=\"async\" width=\"300\" height=\"300\" src=\"https:\/\/www.reksan.com.tr\/wp-content\/uploads\/2024\/12\/Hafif-Model.png\" class=\"attachment-full\" alt=\"\" title=\"Hafif Model\" srcset=\"https:\/\/www.reksan.com.tr\/wp-content\/uploads\/2024\/12\/Hafif-Model.png 300w, https:\/\/www.reksan.com.tr\/wp-content\/uploads\/2024\/12\/Hafif-Model-150x150.png 150w\" sizes=\"auto, (max-width: 300px) 100vw, 300px\"><\/li><li class=\"isotope-item\"><img loading=\"lazy\" decoding=\"async\" width=\"300\" height=\"300\" src=\"https:\/\/www.reksan.com.tr\/wp-content\/uploads\/2024\/12\/1-KWa-Kadar-Dielektik.png\" class=\"attachment-full\" alt=\"\" title=\"1 KW&#039;a Kadar Dielektik\" srcset=\"https:\/\/www.reksan.com.tr\/wp-content\/uploads\/2024\/12\/1-KWa-Kadar-Dielektik.png 300w, https:\/\/www.reksan.com.tr\/wp-content\/uploads\/2024\/12\/1-KWa-Kadar-Dielektik-150x150.png 150w\" sizes=\"auto, (max-width: 300px) 100vw, 300px\"><\/li><li class=\"isotope-item\"><img loading=\"lazy\" decoding=\"async\" width=\"300\" height=\"300\" src=\"https:\/\/www.reksan.com.tr\/wp-content\/uploads\/2024\/12\/neme-dayanikli.png\" class=\"attachment-full\" alt=\"\" title=\"Neme Dayan\u0131kl\u0131\" srcset=\"https:\/\/www.reksan.com.tr\/wp-content\/uploads\/2024\/12\/neme-dayanikli.png 300w, https:\/\/www.reksan.com.tr\/wp-content\/uploads\/2024\/12\/neme-dayanikli-150x150.png 150w\" sizes=\"auto, (max-width: 300px) 100vw, 300px\"><\/li><li class=\"isotope-item\"><img loading=\"lazy\" decoding=\"async\" width=\"300\" height=\"300\" src=\"https:\/\/www.reksan.com.tr\/wp-content\/uploads\/2024\/12\/ip-68-icon.png\" class=\"attachment-full\" alt=\"\" title=\"Koruma Derecesi IP68\" srcset=\"https:\/\/www.reksan.com.tr\/wp-content\/uploads\/2024\/12\/ip-68-icon.png 300w, https:\/\/www.reksan.com.tr\/wp-content\/uploads\/2024\/12\/ip-68-icon-150x150.png 150w\" sizes=\"auto, (max-width: 300px) 100vw, 300px\"><\/li><\/ul><\/div><\/div><\/div><\/div><\/div><\/div><\/div><div class=\"vc_row wpb_row vc_row-fluid\"><div class=\"wpb_column vc_column_container vc_col-sm-12\"><div class=\"vc_column-inner\"><div class=\"wpb_wrapper\"><div class=\"vc_separator wpb_content_element vc_separator_align_center vc_sep_width_100 vc_sep_pos_align_center vc_sep_color_grey urunozellikleri vc_separator-has-text\" ><span class=\"vc_sep_holder vc_sep_holder_l\"><span class=\"vc_sep_line\"><\/span><\/span><h4>\u062c\u062f\u0648\u0644 \u0627\u0644\u0645\u0642\u0627\u0633\u0627\u062a<\/h4><span class=\"vc_sep_holder vc_sep_holder_r\"><span class=\"vc_sep_line\"><\/span><\/span>\n<\/div>\n\t<div class=\"wpb_text_column wpb_content_element\" >\n\t\t<div class=\"wpb_wrapper\">\n\t\t\t\n<table id=\"tablepress-422\" class=\"tablepress tablepress-id-422 reksan21ns tbody-has-connected-cells\">\n<tbody class=\"row-striping row-hover\">\n<tr class=\"row-1\">\n\t<td rowspan=\"2\" class=\"column-1\">\u0627\u0644\u0642\u064a\u0627\u0633 \u0627\u0644\u0627\u0633\u0645\u064a<\/td><td class=\"column-2\">RAL 7001<br \/>\n\u0631\u0645\u0627\u062f\u064a<\/td><td class=\"column-3\">RAL 7035<br \/>\n\u0631\u0645\u0627\u062f\u064a \u0641\u0627\u062a\u062d<\/td><td class=\"column-4\">RAL 9005<br \/>\n\u0623\u0633\u0648\u062f<\/td><td class=\"column-5\">\u0642\u0637\u0631 \u0627\u0644\u0643\u0627\u0628\u0644 \u00d8<\/td><td rowspan=\"2\" class=\"column-6\">\u0645\u062a\u0648\u0633\u0637 \u062a\u062f\u0641\u0642 \u0627\u0644\u0647\u0648\u0627\u0621<br \/>\n\u02c4p=70 mbar I\/h<\/td><td class=\"column-7\">\u0642\u0637\u0631 \u0627\u0644\u062a\u0631\u0643\u064a\u0628 \u00d8<\/td><td class=\"column-8\">\u0637\u0648\u0644 \u0627\u0644\u0642\u0644\u0627\u0648\u0648\u0638<\/td>\n<\/tr>\n<tr class=\"row-2\">\n\t<td class=\"column-2\">\u0627\u0644\u0631\u0645\u0632<\/td><td class=\"column-3\">\u0627\u0644\u0631\u0645\u0632<\/td><td class=\"column-4\">\u0627\u0644\u0631\u0645\u0632<\/td><td class=\"column-5\">mm<\/td><td class=\"column-7\">(mm)<\/td><td class=\"column-8\">(mm)<\/td>\n<\/tr>\n<tr class=\"row-3\">\n\t<td class=\"column-1\">M12x1,5<\/td><td class=\"column-2\">RHV.04.012<\/td><td class=\"column-3\">RHV.03.012<\/td><td class=\"column-4\">RHV.02.012<\/td><td class=\"column-5\">4-7<\/td><td class=\"column-6\">25<\/td><td class=\"column-7\">12<\/td><td class=\"column-8\">8<\/td>\n<\/tr>\n<tr class=\"row-4\">\n\t<td class=\"column-1\">M16x1,5<\/td><td class=\"column-2\">RHV.04.012<\/td><td class=\"column-3\">RHV.03.012<\/td><td class=\"column-4\">RHV.02.012<\/td><td class=\"column-5\">4-7<\/td><td class=\"column-6\">25<\/td><td class=\"column-7\">16<\/td><td class=\"column-8\">10<\/td>\n<\/tr>\n<tr class=\"row-5\">\n\t<td class=\"column-1\">M20x1,5<\/td><td class=\"column-2\">RHV.04.012<\/td><td class=\"column-3\">RHV.03.012<\/td><td class=\"column-4\">RHV.02.012<\/td><td class=\"column-5\">6-11<\/td><td class=\"column-6\">40<\/td><td class=\"column-7\">20<\/td><td class=\"column-8\">10<\/td>\n<\/tr>\n<tr class=\"row-6\">\n\t<td colspan=\"8\" class=\"column-1\"><span class=\"tabloboslugu\">&nbsp;<\/span><\/td>\n<\/tr>\n<tr class=\"row-7\">\n\t<td class=\"column-1\">PG-9<\/td><td class=\"column-2\">RHV.04.412<\/td><td class=\"column-3\">RHV.03.412<\/td><td class=\"column-4\">RHV.02.412<\/td><td class=\"column-5\">4-7<\/td><td class=\"column-6\">15,5<\/td><td class=\"column-7\">15,5<\/td><td class=\"column-8\">8<\/td>\n<\/tr>\n<tr class=\"row-8\">\n\t<td class=\"column-1\">PG-11<\/td><td class=\"column-2\">RHV.04.412<\/td><td class=\"column-3\">RHV.03.412<\/td><td class=\"column-4\">RHV.02.412<\/td><td class=\"column-5\">4-7<\/td><td class=\"column-6\">15,5<\/td><td class=\"column-7\">18,5<\/td><td class=\"column-8\">8<\/td>\n<\/tr>\n<tr class=\"row-9\">\n\t<td class=\"column-1\">PG-13,5<\/td><td class=\"column-2\">RHV.04.412<\/td><td class=\"column-3\">RHV.03.412<\/td><td class=\"column-4\">RHV.02.412<\/td><td class=\"column-5\">6-11<\/td><td class=\"column-6\">2035<\/td><td class=\"column-7\">20,5<\/td><td class=\"column-8\">9<\/td>\n<\/tr>\n<tr class=\"row-10\">\n\t<td colspan=\"8\" class=\"column-1\"><span class=\"tolerans\">\u062c\u0645\u064a\u0639 \u0627\u0644\u0623\u0628\u0639\u0627\u062f \u0644\u0644\u0627\u0633\u062a\u0631\u0634\u0627\u062f \u0641\u0642\u0637. \u0627\u0644\u0633\u0645\u0627\u062d\u064a\u0627\u062a: \u00b1\u0665\u066a<\/span><\/td>\n<\/tr>\n<\/tbody>\n<\/table>\n<!-- #tablepress-422 from cache -->\n\n\t\t<\/div>\n\t<\/div>\n<\/div><\/div><\/div><\/div>\n<\/div>","protected":false},"excerpt":{"rendered":"<p>\u062a\u0642\u062f\u0645 \u0648\u0635\u0644\u0629 \u0627\u0644\u0643\u0627\u0628\u0644\u0627\u062a \u0641\u0646\u062a\u064a\u0644\u064a \u0627\u0644\u0645\u0635\u0646\u0648\u0639\u0629 \u0645\u0646 \u0627\u0644\u0628\u0648\u0644\u064a \u0623\u0645\u064a\u062f IP-68 S.Etanj \u0623\u062f\u0627\u0621\u064b \u0641\u0639\u0627\u0644\u0627\u064b \u0641\u064a \u0627\u0644\u0628\u064a\u0626\u0627\u062a \u0627\u0644\u062a\u064a \u062a\u062a\u0637\u0644\u0628 \u0645\u0648\u0627\u0632\u0646\u0629 \u0627\u0644\u0636\u063a\u0637 \u0648\u0627\u0644\u062a\u064a \u062a\u062a\u0634\u0643\u0644 \u0641\u064a\u0647\u0627 \u0627\u0644\u062a\u0643\u062b\u064a\u0641\u0627\u062a. \u0645\u0635\u0646\u0648\u0639\u0629 \u0645\u0646 \u0645\u0627\u062f\u0629 \u0627\u0644\u0628\u0648\u0644\u064a \u0623\u0645\u064a\u062f PA 6\u060c \u0645\u062a\u0648\u0641\u0631\u0629 \u0628\u0623\u0644\u0648\u0627\u0646 RAL 7035 \u2013 \u0631\u0645\u0627\u062f\u064a\u060c RAL 7001 \u2013 \u0631\u0645\u0627\u062f\u064a \u0641\u0627\u062a\u062d\u060c \u0648RAL 9005 \u2013 \u0623\u0633\u0648\u062f. \u062a\u0648\u0641\u0631 \u062e\u0627\u0635\u064a\u0629 \u0627\u0644\u062d\u0645\u0627\u064a\u0629 IP68 \u0645\u0642\u0627\u0648\u0645\u0629 \u0644\u0636\u063a\u0637 \u064a\u0635\u0644 \u0625\u0644\u0649 5 \u0628\u0627\u0631 \u0644\u0645\u062f\u0629 30 \u062f\u0642\u064a\u0642\u0629\u060c \u0645\u0645\u0627 \u064a\u0636\u0645\u0646 \u062d\u0644\u0627\u064b \u0645\u0648\u062b\u0648\u0642\u064b\u0627 \u0628\u0647. \u062a\u0645 \u062a\u0635\u0645\u064a\u0645 \u0627\u0644\u0648\u0635\u0644\u0629 \u0648\u0641\u0642 \u0645\u0639\u0627\u064a\u064a\u0631 PG DIN 46320 \u0648\u0627\u0644\u0645\u062a\u0631\u064a\u0629 EN 60423\u060c \u0648\u062a\u062a\u0645\u062a\u0639 \u0628\u063a\u0634\u0627\u0621 \u0643\u0627\u0631\u0647 \u0644\u0644\u0645\u0627\u0621 \u0648\u0627\u0644\u0632\u064a\u062a\u060c \u0645\u0645\u0627 \u064a\u0636\u0645\u0646 \u0645\u0642\u0627\u0648\u0645\u0629 \u062a\u0633\u0631\u0628 \u0627\u0644\u0645\u0627\u0621 \u0648\u0627\u0644\u0632\u064a\u0648\u062a\u060c \u0648\u064a\u0648\u0641\u0631 \u062d\u0645\u0627\u064a\u0629 \u0641\u0627\u0626\u0642\u0629 \u0641\u064a \u0627\u0644\u0638\u0631\u0648\u0641 \u0627\u0644\u0635\u0646\u0627\u0639\u064a\u0629 \u0627\u0644\u0635\u0639\u0628\u0629. \u062a\u0639\u0645\u0644 \u0641\u064a \u0646\u0637\u0627\u0642 \u062d\u0631\u0627\u0631\u064a \u064a\u062a\u0631\u0627\u0648\u062d \u0628\u064a\u0646 -20\u00b0C \u0648+80\u00b0C\u060c \u0643\u0645\u0627 \u0623\u0646 \u062a\u0635\u0645\u064a\u0645\u0647\u0627 \u0645\u0639 \u0635\u0627\u0645\u0648\u0644\u0629 \u064a\u0633\u0647\u0644 \u0627\u0644\u062a\u0631\u0643\u064a\u0628 \u0627\u0644\u0633\u0631\u064a\u0639 \u0648\u0627\u0644\u0628\u0633\u064a\u0637.<\/p>","protected":false},"featured_media":13728,"template":"","meta":[],"product_brand":[],"product_cat":[161],"product_tag":[],"class_list":{"0":"post-13698","1":"product","2":"type-product","3":"status-publish","4":"has-post-thumbnail","6":"product_cat-ventilli-rakorlar-ve-tapalar","8":"first","9":"instock","10":"taxable","11":"shipping-taxable","12":"purchasable","13":"product-type-simple"},"_links":{"self":[{"href":"https:\/\/www.reksan.com.tr\/ar\/wp-json\/wp\/v2\/product\/13698","targetHints":{"allow":["GET"]}}],"collection":[{"href":"https:\/\/www.reksan.com.tr\/ar\/wp-json\/wp\/v2\/product"}],"about":[{"href":"https:\/\/www.reksan.com.tr\/ar\/wp-json\/wp\/v2\/types\/product"}],"wp:featuredmedia":[{"embeddable":true,"href":"https:\/\/www.reksan.com.tr\/ar\/wp-json\/wp\/v2\/media\/13728"}],"wp:attachment":[{"href":"https:\/\/www.reksan.com.tr\/ar\/wp-json\/wp\/v2\/media?parent=13698"}],"wp:term":[{"taxonomy":"product_brand","embeddable":true,"href":"https:\/\/www.reksan.com.tr\/ar\/wp-json\/wp\/v2\/product_brand?post=13698"},{"taxonomy":"product_cat","embeddable":true,"href":"https:\/\/www.reksan.com.tr\/ar\/wp-json\/wp\/v2\/product_cat?post=13698"},{"taxonomy":"product_tag","embeddable":true,"href":"https:\/\/www.reksan.com.tr\/ar\/wp-json\/wp\/v2\/product_tag?post=13698"}],"curies":[{"name":"wp","href":"https:\/\/api.w.org\/{rel}","templated":true}]}}