{"id":13267,"date":"2024-11-18T16:56:59","date_gmt":"2024-11-18T13:56:59","guid":{"rendered":"https:\/\/www.reksan.com.tr\/?post_type=product&#038;p=13267"},"modified":"2025-06-14T11:07:24","modified_gmt":"2025-06-14T08:07:24","slug":"c-profil-klipsi","status":"publish","type":"product","link":"https:\/\/www.reksan.com.tr\/ar\/c-profil-klipsi\/","title":{"rendered":"C Profil Klipsi"},"content":{"rendered":"<div class=\"wpb-content-wrapper\"><div class=\"vc_row wpb_row vc_row-fluid\"><div class=\"wpb_column vc_column_container vc_col-sm-12\"><div class=\"vc_column-inner\"><div class=\"wpb_wrapper\"><div class=\"vc_separator wpb_content_element vc_separator_align_center vc_sep_width_100 vc_sep_pos_align_center vc_sep_color_grey urunozellikleri vc_separator-has-text\" ><span class=\"vc_sep_holder vc_sep_holder_l\"><span class=\"vc_sep_line\"><\/span><\/span><h4>\u0627\u0644\u0645\u0648\u0627\u0635\u0641\u0627\u062a \u0627\u0644\u0641\u0646\u064a\u0629<\/h4><span class=\"vc_sep_holder vc_sep_holder_r\"><span class=\"vc_sep_line\"><\/span><\/span>\n<\/div>\n\t<div class=\"wpb_text_column wpb_content_element tobolum\" >\n\t\t<div class=\"wpb_wrapper\">\n\t\t\t\n<table id=\"tablepress-405\" class=\"tablepress tablepress-id-405 teknik\">\n<tbody class=\"row-striping row-hover\">\n<tr class=\"row-1\">\n\t<td class=\"column-1\">\u0628\u0648\u0644\u064a \u0623\u0645\u064a\u062f<\/td><td class=\"column-2\">\u00c7elik - Pre-Galvaniz<\/td>\n<\/tr>\n<tr class=\"row-2\">\n\t<td class=\"column-1\">\u0645\u0648\u0627\u0635\u0641\u0627\u062a<\/td><td class=\"column-2\">UL 2239<br \/>\nCSA C22.2 No. 18.4-04<\/td>\n<\/tr>\n<tr class=\"row-3\">\n\t<td class=\"column-1\">\u00d6zellik<\/td><td class=\"column-2\">Tek Vidal\u0131<\/td>\n<\/tr>\n<tr class=\"row-4\">\n\t<td class=\"column-1\">\u0627\u0633\u062a\u062e\u062f\u0627\u0645<\/td><td class=\"column-2\">C ve G tip ray profilde borular\u0131 sabitlemek  i\u00e7in kullan\u0131l\u0131r.<\/td>\n<\/tr>\n<\/tbody>\n<\/table>\n<!-- #tablepress-405 from cache -->\n\n\t\t<\/div>\n\t<\/div>\n<div class=\"wpb_gallery wpb_content_element vc_clearfix\" id=\"isaretler\"><div class=\"wpb_wrapper\"><div class=\"wpb_gallery_slides wpb_image_grid\" data-interval=\"3\"><ul class=\"wpb_image_grid_ul\"><li class=\"isotope-item\"><img loading=\"lazy\" decoding=\"async\" width=\"300\" height=\"300\" src=\"https:\/\/www.reksan.com.tr\/wp-content\/uploads\/2024\/11\/uv-icon.png\" class=\"attachment-full\" alt=\"\" title=\"UV Direnci\" srcset=\"https:\/\/www.reksan.com.tr\/wp-content\/uploads\/2024\/11\/uv-icon.png 300w, https:\/\/www.reksan.com.tr\/wp-content\/uploads\/2024\/11\/uv-icon-150x150.png 150w\" sizes=\"auto, (max-width: 300px) 100vw, 300px\"><\/li><li class=\"isotope-item\"><img loading=\"lazy\" decoding=\"async\" width=\"300\" height=\"300\" src=\"https:\/\/www.reksan.com.tr\/wp-content\/uploads\/2024\/12\/nem-icon.png\" class=\"attachment-full\" alt=\"\" title=\"Hava Ko\u015fullar\u0131na Dayan\u0131kl\u0131l\u0131k\" srcset=\"https:\/\/www.reksan.com.tr\/wp-content\/uploads\/2024\/12\/nem-icon.png 300w, https:\/\/www.reksan.com.tr\/wp-content\/uploads\/2024\/12\/nem-icon-150x150.png 150w\" sizes=\"auto, (max-width: 300px) 100vw, 300px\"><\/li><li class=\"isotope-item\"><img loading=\"lazy\" decoding=\"async\" width=\"300\" height=\"300\" src=\"https:\/\/www.reksan.com.tr\/wp-content\/uploads\/2024\/11\/alev-icon.png\" class=\"attachment-full\" alt=\"\" title=\"Yanmay\u0131 Desteklemez\" srcset=\"https:\/\/www.reksan.com.tr\/wp-content\/uploads\/2024\/11\/alev-icon.png 300w, https:\/\/www.reksan.com.tr\/wp-content\/uploads\/2024\/11\/alev-icon-150x150.png 150w\" sizes=\"auto, (max-width: 300px) 100vw, 300px\"><\/li><li class=\"isotope-item\"><img loading=\"lazy\" decoding=\"async\" width=\"300\" height=\"300\" src=\"https:\/\/www.reksan.com.tr\/wp-content\/uploads\/2024\/11\/oil-icon.png\" class=\"attachment-full\" alt=\"\" title=\"Ya\u011fa Dayan\u0131kl\u0131\" srcset=\"https:\/\/www.reksan.com.tr\/wp-content\/uploads\/2024\/11\/oil-icon.png 300w, https:\/\/www.reksan.com.tr\/wp-content\/uploads\/2024\/11\/oil-icon-150x150.png 150w\" sizes=\"auto, (max-width: 300px) 100vw, 300px\"><\/li><li class=\"isotope-item\"><img loading=\"lazy\" decoding=\"async\" width=\"300\" height=\"300\" src=\"https:\/\/www.reksan.com.tr\/wp-content\/uploads\/2024\/12\/soguk-icon.png\" class=\"attachment-full\" alt=\"\" title=\"Dona Dayan\u0131kl\u0131\" srcset=\"https:\/\/www.reksan.com.tr\/wp-content\/uploads\/2024\/12\/soguk-icon.png 300w, https:\/\/www.reksan.com.tr\/wp-content\/uploads\/2024\/12\/soguk-icon-150x150.png 150w\" sizes=\"auto, (max-width: 300px) 100vw, 300px\"><\/li><li class=\"isotope-item\"><img loading=\"lazy\" decoding=\"async\" width=\"300\" height=\"300\" src=\"https:\/\/www.reksan.com.tr\/wp-content\/uploads\/2024\/11\/hf-icon.png\" class=\"attachment-full\" alt=\"\" title=\"Halojen \u0130\u00e7ermez\" srcset=\"https:\/\/www.reksan.com.tr\/wp-content\/uploads\/2024\/11\/hf-icon.png 300w, https:\/\/www.reksan.com.tr\/wp-content\/uploads\/2024\/11\/hf-icon-150x150.png 150w\" sizes=\"auto, (max-width: 300px) 100vw, 300px\"><\/li><li class=\"isotope-item\"><img loading=\"lazy\" decoding=\"async\" width=\"300\" height=\"300\" src=\"https:\/\/www.reksan.com.tr\/wp-content\/uploads\/2024\/12\/Geri-Dnusturulebilir.png\" class=\"attachment-full\" alt=\"\" title=\"Yeniden Kullan\u0131labilir\" srcset=\"https:\/\/www.reksan.com.tr\/wp-content\/uploads\/2024\/12\/Geri-Dnusturulebilir.png 300w, https:\/\/www.reksan.com.tr\/wp-content\/uploads\/2024\/12\/Geri-Dnusturulebilir-150x150.png 150w\" sizes=\"auto, (max-width: 300px) 100vw, 300px\"><\/li><li class=\"isotope-item\"><img loading=\"lazy\" decoding=\"async\" width=\"300\" height=\"300\" src=\"https:\/\/www.reksan.com.tr\/wp-content\/uploads\/2024\/12\/Hafif-Model.png\" class=\"attachment-full\" alt=\"\" title=\"Hafif Model\" srcset=\"https:\/\/www.reksan.com.tr\/wp-content\/uploads\/2024\/12\/Hafif-Model.png 300w, https:\/\/www.reksan.com.tr\/wp-content\/uploads\/2024\/12\/Hafif-Model-150x150.png 150w\" sizes=\"auto, (max-width: 300px) 100vw, 300px\"><\/li><li class=\"isotope-item\"><img loading=\"lazy\" decoding=\"async\" width=\"300\" height=\"300\" src=\"https:\/\/www.reksan.com.tr\/wp-content\/uploads\/2024\/12\/1-KWa-Kadar-Dielektik.png\" class=\"attachment-full\" alt=\"\" title=\"1 KW&#039;a Kadar Dielektik\" srcset=\"https:\/\/www.reksan.com.tr\/wp-content\/uploads\/2024\/12\/1-KWa-Kadar-Dielektik.png 300w, https:\/\/www.reksan.com.tr\/wp-content\/uploads\/2024\/12\/1-KWa-Kadar-Dielektik-150x150.png 150w\" sizes=\"auto, (max-width: 300px) 100vw, 300px\"><\/li><li class=\"isotope-item\"><img loading=\"lazy\" decoding=\"async\" width=\"300\" height=\"300\" src=\"https:\/\/www.reksan.com.tr\/wp-content\/uploads\/2024\/12\/neme-dayanikli.png\" class=\"attachment-full\" alt=\"\" title=\"Neme Dayan\u0131kl\u0131\" srcset=\"https:\/\/www.reksan.com.tr\/wp-content\/uploads\/2024\/12\/neme-dayanikli.png 300w, https:\/\/www.reksan.com.tr\/wp-content\/uploads\/2024\/12\/neme-dayanikli-150x150.png 150w\" sizes=\"auto, (max-width: 300px) 100vw, 300px\"><\/li><\/ul><\/div><\/div><\/div><\/div><\/div><\/div><\/div><div class=\"vc_row wpb_row vc_row-fluid\"><div class=\"wpb_column vc_column_container vc_col-sm-12\"><div class=\"vc_column-inner\"><div class=\"wpb_wrapper\"><div class=\"vc_separator wpb_content_element vc_separator_align_center vc_sep_width_100 vc_sep_pos_align_center vc_sep_color_grey urunozellikleri vc_separator-has-text\" ><span class=\"vc_sep_holder vc_sep_holder_l\"><span class=\"vc_sep_line\"><\/span><\/span><h4>\u062c\u062f\u0648\u0644 \u0627\u0644\u0645\u0642\u0627\u0633\u0627\u062a<\/h4><span class=\"vc_sep_holder vc_sep_holder_r\"><span class=\"vc_sep_line\"><\/span><\/span>\n<\/div>\n\t<div class=\"wpb_text_column wpb_content_element\" >\n\t\t<div class=\"wpb_wrapper\">\n\t\t\t\n<table id=\"tablepress-406\" class=\"tablepress tablepress-id-406 reksan11ns tbody-has-connected-cells\">\n<tbody class=\"row-striping row-hover\">\n<tr class=\"row-1\">\n\t<td rowspan=\"2\" class=\"column-1\">\u0627\u0644\u0631\u0645\u0632<\/td><td class=\"column-2\">\u0645\u0642\u0627\u0633<\/td><td colspan=\"4\" class=\"column-3\">Boyutlar<\/td><td rowspan=\"2\" class=\"column-7\">Vida \u00d6l\u00e7\u00fcs\u00fc<\/td><td rowspan=\"2\" class=\"column-8\">Ambalaj Miktar\u0131<br \/>\r\nAdet<\/td><td rowspan=\"2\" class=\"column-9\">\u0648\u0632\u0646<br \/>\nKg<\/td>\n<\/tr>\n<tr class=\"row-2\">\n\t<td class=\"column-2\">(inch)<\/td><td class=\"column-3\">A (mm)<\/td><td class=\"column-4\">B (mm)<\/td><td class=\"column-5\">C (mm)<\/td><td class=\"column-6\">D (mm)<\/td>\n<\/tr>\n<tr class=\"row-3\">\n\t<td class=\"column-1\">CPK.01.411<\/td><td class=\"column-2\">1\/2\"<\/td><td class=\"column-3\">17,53<\/td><td class=\"column-4\">21,34<\/td><td class=\"column-5\">17,81<\/td><td class=\"column-6\">8,26<\/td><td class=\"column-7\">1\/4\u201d-20*1\u201d<\/td><td class=\"column-8\">100<\/td><td class=\"column-9\">19<\/td>\n<\/tr>\n<tr class=\"row-4\">\n\t<td class=\"column-1\">CPK.01.412<\/td><td class=\"column-2\">3\/4\"<\/td><td class=\"column-3\">17,53<\/td><td class=\"column-4\">26,67<\/td><td class=\"column-5\">20,47<\/td><td class=\"column-6\">8,26<\/td><td class=\"column-7\">1\/4\u201d-20*1\u201d<\/td><td class=\"column-8\">100<\/td><td class=\"column-9\">21<\/td>\n<\/tr>\n<tr class=\"row-5\">\n\t<td class=\"column-1\">CPK.01.413<\/td><td class=\"column-2\">1\"<\/td><td class=\"column-3\">17,53<\/td><td class=\"column-4\">33,40<\/td><td class=\"column-5\">23,84<\/td><td class=\"column-6\">8,76<\/td><td class=\"column-7\">1\/4\u201d-20*1\u201d<\/td><td class=\"column-8\">100<\/td><td class=\"column-9\">23<\/td>\n<\/tr>\n<tr class=\"row-6\">\n\t<td class=\"column-1\">CPK.01.414<\/td><td class=\"column-2\">1 1\/4\"<\/td><td class=\"column-3\">17,53<\/td><td class=\"column-4\">42,16<\/td><td class=\"column-5\">28,22<\/td><td class=\"column-6\">8,76<\/td><td class=\"column-7\">1\/4\u201d-20*1\u201d<\/td><td class=\"column-8\">100<\/td><td class=\"column-9\">26<\/td>\n<\/tr>\n<tr class=\"row-7\">\n\t<td class=\"column-1\">CPK.01.415<\/td><td class=\"column-2\">1 1\/2\"<\/td><td class=\"column-3\">20,83<\/td><td class=\"column-4\">48,26<\/td><td class=\"column-5\">31,27<\/td><td class=\"column-6\">10,16<\/td><td class=\"column-7\">5\/16\u201d-18*1-1\/4\u201d<\/td><td class=\"column-8\">50<\/td><td class=\"column-9\">26<\/td>\n<\/tr>\n<tr class=\"row-8\">\n\t<td class=\"column-1\">CPK.01.416<\/td><td class=\"column-2\">2\"<\/td><td class=\"column-3\">20,83<\/td><td class=\"column-4\">60,33<\/td><td class=\"column-5\">37,30<\/td><td class=\"column-6\">10,16<\/td><td class=\"column-7\">5\/16\u201d-18*1-1\/4\u201d<\/td><td class=\"column-8\">50<\/td><td class=\"column-9\">31<\/td>\n<\/tr>\n<tr class=\"row-9\">\n\t<td class=\"column-1\">CPK.01.417<\/td><td class=\"column-2\">2 1\/2\"<\/td><td class=\"column-3\">20,83<\/td><td class=\"column-4\">73,03<\/td><td class=\"column-5\">43,65<\/td><td class=\"column-6\">10,67<\/td><td class=\"column-7\">5\/16\u201d-18*1-1\/4\u201d<\/td><td class=\"column-8\">50<\/td><td class=\"column-9\">32<\/td>\n<\/tr>\n<tr class=\"row-10\">\n\t<td class=\"column-1\">CPK.01.418<\/td><td class=\"column-2\">3\"<\/td><td class=\"column-3\">20,83<\/td><td class=\"column-4\">88,90<\/td><td class=\"column-5\">51,59<\/td><td class=\"column-6\">10,67<\/td><td class=\"column-7\">5\/16\u201d-18*1-1\/4\u201d<\/td><td class=\"column-8\">25<\/td><td class=\"column-9\">18<\/td>\n<\/tr>\n<tr class=\"row-11\">\n\t<td class=\"column-1\">CPK.01.420<\/td><td class=\"column-2\">4\"<\/td><td class=\"column-3\">22,23<\/td><td class=\"column-4\">114,30<\/td><td class=\"column-5\">64,29<\/td><td class=\"column-6\">12,70<\/td><td class=\"column-7\">3\/8\u201d-16*1-1\/4\u201d<\/td><td class=\"column-8\">25<\/td><td class=\"column-9\">25<\/td>\n<\/tr>\n<tr class=\"row-12\">\n\t<td colspan=\"9\" class=\"column-1\"><span class=\"tolerans\">\u062c\u0645\u064a\u0639 \u0627\u0644\u0623\u0628\u0639\u0627\u062f \u0644\u0644\u0627\u0633\u062a\u0631\u0634\u0627\u062f \u0641\u0642\u0637. \u0627\u0644\u0633\u0645\u0627\u062d\u064a\u0627\u062a: \u00b1\u0665\u066a<\/span><\/td>\n<\/tr>\n<\/tbody>\n<\/table>\n<!-- #tablepress-406 from cache -->\n\n\t\t<\/div>\n\t<\/div>\n<\/div><\/div><\/div><\/div>\n<\/div>","protected":false},"excerpt":{"rendered":"<p>C Profil Klipsi, UL normlar\u0131na uygun, \u00e7elik pre-galvaniz malzemeden \u00fcretilmi\u015f dayan\u0131kl\u0131 bir ba\u011flant\u0131 eleman\u0131d\u0131r. Tek vidal\u0131 tasar\u0131m\u0131yla C ray profiller \u00fczerinde borular\u0131n g\u00fcvenli bir \u015fekilde sabitlenmesini sa\u011flar ve end\u00fcstriyel tesisatlar i\u00e7in ideal bir \u00e7\u00f6z\u00fcmd\u00fcr.<\/p>","protected":false},"featured_media":17437,"template":"","meta":[],"product_brand":[],"product_cat":[84],"product_tag":[],"class_list":{"0":"post-13267","1":"product","2":"type-product","3":"status-publish","4":"has-post-thumbnail","6":"product_cat-emt-galvaniz-boru-aksesuarlari","8":"first","9":"instock","10":"taxable","11":"shipping-taxable","12":"purchasable","13":"product-type-simple"},"_links":{"self":[{"href":"https:\/\/www.reksan.com.tr\/ar\/wp-json\/wp\/v2\/product\/13267","targetHints":{"allow":["GET"]}}],"collection":[{"href":"https:\/\/www.reksan.com.tr\/ar\/wp-json\/wp\/v2\/product"}],"about":[{"href":"https:\/\/www.reksan.com.tr\/ar\/wp-json\/wp\/v2\/types\/product"}],"wp:featuredmedia":[{"embeddable":true,"href":"https:\/\/www.reksan.com.tr\/ar\/wp-json\/wp\/v2\/media\/17437"}],"wp:attachment":[{"href":"https:\/\/www.reksan.com.tr\/ar\/wp-json\/wp\/v2\/media?parent=13267"}],"wp:term":[{"taxonomy":"product_brand","embeddable":true,"href":"https:\/\/www.reksan.com.tr\/ar\/wp-json\/wp\/v2\/product_brand?post=13267"},{"taxonomy":"product_cat","embeddable":true,"href":"https:\/\/www.reksan.com.tr\/ar\/wp-json\/wp\/v2\/product_cat?post=13267"},{"taxonomy":"product_tag","embeddable":true,"href":"https:\/\/www.reksan.com.tr\/ar\/wp-json\/wp\/v2\/product_tag?post=13267"}],"curies":[{"name":"wp","href":"https:\/\/api.w.org\/{rel}","templated":true}]}}