{"id":13254,"date":"2024-11-18T16:29:35","date_gmt":"2024-11-18T13:29:35","guid":{"rendered":"https:\/\/www.reksan.com.tr\/?post_type=product&#038;p=13254"},"modified":"2025-02-19T09:54:28","modified_gmt":"2025-02-19T06:54:28","slug":"u-bolt-kelepce","status":"publish","type":"product","link":"https:\/\/www.reksan.com.tr\/ar\/u-bolt-kelepce\/","title":{"rendered":"U-Bolt Kelep\u00e7e"},"content":{"rendered":"<div class=\"wpb-content-wrapper\"><div class=\"vc_row wpb_row vc_row-fluid\"><div class=\"wpb_column vc_column_container vc_col-sm-12\"><div class=\"vc_column-inner\"><div class=\"wpb_wrapper\"><div class=\"vc_separator wpb_content_element vc_separator_align_center vc_sep_width_100 vc_sep_pos_align_center vc_sep_color_grey urunozellikleri vc_separator-has-text\" ><span class=\"vc_sep_holder vc_sep_holder_l\"><span class=\"vc_sep_line\"><\/span><\/span><h4>\u0627\u0644\u0645\u0648\u0627\u0635\u0641\u0627\u062a \u0627\u0644\u0641\u0646\u064a\u0629<\/h4><span class=\"vc_sep_holder vc_sep_holder_r\"><span class=\"vc_sep_line\"><\/span><\/span>\n<\/div>\n\t<div class=\"wpb_text_column wpb_content_element tobolum\" >\n\t\t<div class=\"wpb_wrapper\">\n\t\t\t\n<table id=\"tablepress-401\" class=\"tablepress tablepress-id-401 teknik\">\n<tbody class=\"row-striping row-hover\">\n<tr class=\"row-1\">\n\t<td class=\"column-1\">\u0628\u0648\u0644\u064a \u0623\u0645\u064a\u062f<\/td><td class=\"column-2\">\u00c7elik - Galvaniz Kapl\u0131<\/td>\n<\/tr>\n<tr class=\"row-2\">\n\t<td class=\"column-1\">\u0645\u0648\u0627\u0635\u0641\u0627\u062a<\/td><td class=\"column-2\">UL 514 B<br \/>\nANSI C80.1<br \/>\nWW-C-563<\/td>\n<\/tr>\n<tr class=\"row-3\">\n\t<td class=\"column-1\">\u00d6zellik<\/td><td class=\"column-2\">Vidal\u0131 \u00c7ift<\/td>\n<\/tr>\n<tr class=\"row-4\">\n\t<td class=\"column-1\">\u0627\u0633\u062a\u062e\u062f\u0627\u0645<\/td><td class=\"column-2\">IMC\/RSC Borular\u0131n sabitlenmesinde kullan\u0131l\u0131r.<\/td>\n<\/tr>\n<\/tbody>\n<\/table>\n<!-- #tablepress-401 from cache -->\n\n\t\t<\/div>\n\t<\/div>\n<div class=\"wpb_gallery wpb_content_element vc_clearfix\" id=\"isaretler\"><div class=\"wpb_wrapper\"><div class=\"wpb_gallery_slides wpb_image_grid\" data-interval=\"3\"><ul class=\"wpb_image_grid_ul\"><li class=\"isotope-item\"><img loading=\"lazy\" decoding=\"async\" width=\"300\" height=\"300\" src=\"https:\/\/www.reksan.com.tr\/wp-content\/uploads\/2024\/11\/uv-icon.png\" class=\"attachment-full\" alt=\"\" title=\"UV Direnci\" srcset=\"https:\/\/www.reksan.com.tr\/wp-content\/uploads\/2024\/11\/uv-icon.png 300w, https:\/\/www.reksan.com.tr\/wp-content\/uploads\/2024\/11\/uv-icon-150x150.png 150w\" sizes=\"auto, (max-width: 300px) 100vw, 300px\"><\/li><li class=\"isotope-item\"><img loading=\"lazy\" decoding=\"async\" width=\"300\" height=\"300\" src=\"https:\/\/www.reksan.com.tr\/wp-content\/uploads\/2024\/12\/nem-icon.png\" class=\"attachment-full\" alt=\"\" title=\"Hava Ko\u015fullar\u0131na Dayan\u0131kl\u0131l\u0131k\" srcset=\"https:\/\/www.reksan.com.tr\/wp-content\/uploads\/2024\/12\/nem-icon.png 300w, https:\/\/www.reksan.com.tr\/wp-content\/uploads\/2024\/12\/nem-icon-150x150.png 150w\" sizes=\"auto, (max-width: 300px) 100vw, 300px\"><\/li><li class=\"isotope-item\"><img loading=\"lazy\" decoding=\"async\" width=\"300\" height=\"300\" src=\"https:\/\/www.reksan.com.tr\/wp-content\/uploads\/2024\/11\/alev-icon.png\" class=\"attachment-full\" alt=\"\" title=\"Yanmay\u0131 Desteklemez\" srcset=\"https:\/\/www.reksan.com.tr\/wp-content\/uploads\/2024\/11\/alev-icon.png 300w, https:\/\/www.reksan.com.tr\/wp-content\/uploads\/2024\/11\/alev-icon-150x150.png 150w\" sizes=\"auto, (max-width: 300px) 100vw, 300px\"><\/li><li class=\"isotope-item\"><img loading=\"lazy\" decoding=\"async\" width=\"300\" height=\"300\" src=\"https:\/\/www.reksan.com.tr\/wp-content\/uploads\/2024\/11\/oil-icon.png\" class=\"attachment-full\" alt=\"\" title=\"Ya\u011fa Dayan\u0131kl\u0131\" srcset=\"https:\/\/www.reksan.com.tr\/wp-content\/uploads\/2024\/11\/oil-icon.png 300w, https:\/\/www.reksan.com.tr\/wp-content\/uploads\/2024\/11\/oil-icon-150x150.png 150w\" sizes=\"auto, (max-width: 300px) 100vw, 300px\"><\/li><li class=\"isotope-item\"><img loading=\"lazy\" decoding=\"async\" width=\"300\" height=\"300\" src=\"https:\/\/www.reksan.com.tr\/wp-content\/uploads\/2024\/12\/soguk-icon.png\" class=\"attachment-full\" alt=\"\" title=\"Dona Dayan\u0131kl\u0131\" srcset=\"https:\/\/www.reksan.com.tr\/wp-content\/uploads\/2024\/12\/soguk-icon.png 300w, https:\/\/www.reksan.com.tr\/wp-content\/uploads\/2024\/12\/soguk-icon-150x150.png 150w\" sizes=\"auto, (max-width: 300px) 100vw, 300px\"><\/li><li class=\"isotope-item\"><img loading=\"lazy\" decoding=\"async\" width=\"300\" height=\"300\" src=\"https:\/\/www.reksan.com.tr\/wp-content\/uploads\/2024\/11\/hf-icon.png\" class=\"attachment-full\" alt=\"\" title=\"Halojen \u0130\u00e7ermez\" srcset=\"https:\/\/www.reksan.com.tr\/wp-content\/uploads\/2024\/11\/hf-icon.png 300w, https:\/\/www.reksan.com.tr\/wp-content\/uploads\/2024\/11\/hf-icon-150x150.png 150w\" sizes=\"auto, (max-width: 300px) 100vw, 300px\"><\/li><li class=\"isotope-item\"><img loading=\"lazy\" decoding=\"async\" width=\"300\" height=\"300\" src=\"https:\/\/www.reksan.com.tr\/wp-content\/uploads\/2024\/12\/Geri-Dnusturulebilir.png\" class=\"attachment-full\" alt=\"\" title=\"Yeniden Kullan\u0131labilir\" srcset=\"https:\/\/www.reksan.com.tr\/wp-content\/uploads\/2024\/12\/Geri-Dnusturulebilir.png 300w, https:\/\/www.reksan.com.tr\/wp-content\/uploads\/2024\/12\/Geri-Dnusturulebilir-150x150.png 150w\" sizes=\"auto, (max-width: 300px) 100vw, 300px\"><\/li><li class=\"isotope-item\"><img loading=\"lazy\" decoding=\"async\" width=\"300\" height=\"300\" src=\"https:\/\/www.reksan.com.tr\/wp-content\/uploads\/2024\/12\/Hafif-Model.png\" class=\"attachment-full\" alt=\"\" title=\"Hafif Model\" srcset=\"https:\/\/www.reksan.com.tr\/wp-content\/uploads\/2024\/12\/Hafif-Model.png 300w, https:\/\/www.reksan.com.tr\/wp-content\/uploads\/2024\/12\/Hafif-Model-150x150.png 150w\" sizes=\"auto, (max-width: 300px) 100vw, 300px\"><\/li><li class=\"isotope-item\"><img loading=\"lazy\" decoding=\"async\" width=\"300\" height=\"300\" src=\"https:\/\/www.reksan.com.tr\/wp-content\/uploads\/2024\/12\/1-KWa-Kadar-Dielektik.png\" class=\"attachment-full\" alt=\"\" title=\"1 KW&#039;a Kadar Dielektik\" srcset=\"https:\/\/www.reksan.com.tr\/wp-content\/uploads\/2024\/12\/1-KWa-Kadar-Dielektik.png 300w, https:\/\/www.reksan.com.tr\/wp-content\/uploads\/2024\/12\/1-KWa-Kadar-Dielektik-150x150.png 150w\" sizes=\"auto, (max-width: 300px) 100vw, 300px\"><\/li><li class=\"isotope-item\"><img loading=\"lazy\" decoding=\"async\" width=\"300\" height=\"300\" src=\"https:\/\/www.reksan.com.tr\/wp-content\/uploads\/2024\/12\/neme-dayanikli.png\" class=\"attachment-full\" alt=\"\" title=\"Neme Dayan\u0131kl\u0131\" srcset=\"https:\/\/www.reksan.com.tr\/wp-content\/uploads\/2024\/12\/neme-dayanikli.png 300w, https:\/\/www.reksan.com.tr\/wp-content\/uploads\/2024\/12\/neme-dayanikli-150x150.png 150w\" sizes=\"auto, (max-width: 300px) 100vw, 300px\"><\/li><\/ul><\/div><\/div><\/div><\/div><\/div><\/div><\/div><div class=\"vc_row wpb_row vc_row-fluid\"><div class=\"wpb_column vc_column_container vc_col-sm-12\"><div class=\"vc_column-inner\"><div class=\"wpb_wrapper\"><div class=\"vc_separator wpb_content_element vc_separator_align_center vc_sep_width_100 vc_sep_pos_align_center vc_sep_color_grey urunozellikleri vc_separator-has-text\" ><span class=\"vc_sep_holder vc_sep_holder_l\"><span class=\"vc_sep_line\"><\/span><\/span><h4>\u062c\u062f\u0648\u0644 \u0627\u0644\u0645\u0642\u0627\u0633\u0627\u062a<\/h4><span class=\"vc_sep_holder vc_sep_holder_r\"><span class=\"vc_sep_line\"><\/span><\/span>\n<\/div>\n\t<div class=\"wpb_text_column wpb_content_element\" >\n\t\t<div class=\"wpb_wrapper\">\n\t\t\t\n<table id=\"tablepress-402\" class=\"tablepress tablepress-id-402 reksan11s tbody-has-connected-cells\">\n<tbody class=\"row-striping row-hover\">\n<tr class=\"row-1\">\n\t<td rowspan=\"2\" class=\"column-1\">\u0627\u0644\u0631\u0645\u0632<\/td><td class=\"column-2\">\u0645\u0642\u0627\u0633<\/td><td class=\"column-3\">\u00d8D<\/td><td rowspan=\"2\" class=\"column-4\">L<\/td><td rowspan=\"2\" class=\"column-5\">A<\/td><td rowspan=\"2\" class=\"column-6\">B<\/td><td rowspan=\"2\" class=\"column-7\">M<\/td><td class=\"column-8\">Koli <\/td><td class=\"column-9\">Koli A\u011f\u0131rl\u0131\u011f\u0131<\/td>\n<\/tr>\n<tr class=\"row-2\">\n\t<td class=\"column-2\">(inch)<\/td><td class=\"column-3\">(mm)<\/td><td class=\"column-8\">Adet<\/td><td class=\"column-9\">(Ortalama kg)<\/td>\n<\/tr>\n<tr class=\"row-3\">\n\t<td class=\"column-1\">U-B.01.050<\/td><td class=\"column-2\">1\/2\"<\/td><td class=\"column-3\">21,3<\/td><td class=\"column-4\">50<\/td><td class=\"column-5\">24<\/td><td class=\"column-6\">30<\/td><td class=\"column-7\">M6<\/td><td class=\"column-8\">500<\/td><td class=\"column-9\">9,000<\/td>\n<\/tr>\n<tr class=\"row-4\">\n\t<td class=\"column-1\">U-B.01.75<\/td><td class=\"column-2\">3\/4\"<\/td><td class=\"column-3\">26,9<\/td><td class=\"column-4\">60<\/td><td class=\"column-5\">30<\/td><td class=\"column-6\">30<\/td><td class=\"column-7\">M6<\/td><td class=\"column-8\">500<\/td><td class=\"column-9\">11,000<\/td>\n<\/tr>\n<tr class=\"row-5\">\n\t<td class=\"column-1\">U-B.01.100<\/td><td class=\"column-2\">1\"<\/td><td class=\"column-3\">33,7<\/td><td class=\"column-4\">70<\/td><td class=\"column-5\">36<\/td><td class=\"column-6\">30<\/td><td class=\"column-7\">M8<\/td><td class=\"column-8\">500<\/td><td class=\"column-9\">23,500<\/td>\n<\/tr>\n<tr class=\"row-6\">\n\t<td class=\"column-1\">U-B.01.125<\/td><td class=\"column-2\">1 \u00bc\"<\/td><td class=\"column-3\">42,4<\/td><td class=\"column-4\">80<\/td><td class=\"column-5\">46<\/td><td class=\"column-6\">40<\/td><td class=\"column-7\">M8<\/td><td class=\"column-8\">250<\/td><td class=\"column-9\">13,500<\/td>\n<\/tr>\n<tr class=\"row-7\">\n\t<td class=\"column-1\">U-B.01.150<\/td><td class=\"column-2\">1 \u00bd\"<\/td><td class=\"column-3\">48,3<\/td><td class=\"column-4\">90<\/td><td class=\"column-5\">52<\/td><td class=\"column-6\">50<\/td><td class=\"column-7\">M8<\/td><td class=\"column-8\">200<\/td><td class=\"column-9\">12,400<\/td>\n<\/tr>\n<tr class=\"row-8\">\n\t<td class=\"column-1\">U-B.01.200<\/td><td class=\"column-2\">2\"<\/td><td class=\"column-3\">60,3<\/td><td class=\"column-4\">100<\/td><td class=\"column-5\">64<\/td><td class=\"column-6\">50<\/td><td class=\"column-7\">M10<\/td><td class=\"column-8\">150<\/td><td class=\"column-9\">16,500<\/td>\n<\/tr>\n<tr class=\"row-9\">\n\t<td class=\"column-1\">U-B.01.250<\/td><td class=\"column-2\">2 \u00bd\"<\/td><td class=\"column-3\">76,1<\/td><td class=\"column-4\">120<\/td><td class=\"column-5\">78<\/td><td class=\"column-6\">50<\/td><td class=\"column-7\">M10<\/td><td class=\"column-8\">75<\/td><td class=\"column-9\">10,050<\/td>\n<\/tr>\n<tr class=\"row-10\">\n\t<td class=\"column-1\">U-B.01.300<\/td><td class=\"column-2\">3\"<\/td><td class=\"column-3\">88,9<\/td><td class=\"column-4\">140<\/td><td class=\"column-5\">94<\/td><td class=\"column-6\">60<\/td><td class=\"column-7\">M12<\/td><td class=\"column-8\">50<\/td><td class=\"column-9\">11,450<\/td>\n<\/tr>\n<tr class=\"row-11\">\n\t<td class=\"column-1\">U-B.01.350<\/td><td class=\"column-2\">3 \u00bd\"<\/td><td class=\"column-3\">101,6<\/td><td class=\"column-4\">150<\/td><td class=\"column-5\">106<\/td><td class=\"column-6\">65<\/td><td class=\"column-7\">M12<\/td><td class=\"column-8\">25<\/td><td class=\"column-9\">6,450<\/td>\n<\/tr>\n<tr class=\"row-12\">\n\t<td class=\"column-1\">U-B.01.400<\/td><td class=\"column-2\">4\"<\/td><td class=\"column-3\">114,3<\/td><td class=\"column-4\">160<\/td><td class=\"column-5\">118<\/td><td class=\"column-6\">65<\/td><td class=\"column-7\">M12<\/td><td class=\"column-8\">25<\/td><td class=\"column-9\">6,675<\/td>\n<\/tr>\n<tr class=\"row-13\">\n\t<td class=\"column-1\">U-B.01.500<\/td><td class=\"column-2\">5\"<\/td><td class=\"column-3\">139,7<\/td><td class=\"column-4\">200<\/td><td class=\"column-5\">146<\/td><td class=\"column-6\">65<\/td><td class=\"column-7\">M12<\/td><td class=\"column-8\">25<\/td><td class=\"column-9\">8,350<\/td>\n<\/tr>\n<tr class=\"row-14\">\n\t<td class=\"column-1\">U-B.01.600<\/td><td class=\"column-2\">6\"<\/td><td class=\"column-3\">165,3<\/td><td class=\"column-4\">220<\/td><td class=\"column-5\">172<\/td><td class=\"column-6\">90<\/td><td class=\"column-7\">M16<\/td><td class=\"column-8\">20<\/td><td class=\"column-9\">13,780<\/td>\n<\/tr>\n<tr class=\"row-15\">\n\t<td class=\"column-1\">U-B.01.800<\/td><td class=\"column-2\">8\"<\/td><td class=\"column-3\">219,1<\/td><td class=\"column-4\">270<\/td><td class=\"column-5\">224<\/td><td class=\"column-6\">90<\/td><td class=\"column-7\">M16<\/td><td class=\"column-8\">20<\/td><td class=\"column-9\">17,160<\/td>\n<\/tr>\n<tr class=\"row-16\">\n\t<td class=\"column-1\">U-B.01.1000<\/td><td class=\"column-2\">10\"<\/td><td class=\"column-3\">273<\/td><td class=\"column-4\">334<\/td><td class=\"column-5\">278<\/td><td class=\"column-6\">100<\/td><td class=\"column-7\">M16<\/td><td class=\"column-8\">10<\/td><td class=\"column-9\">10,400<\/td>\n<\/tr>\n<tr class=\"row-17\">\n\t<td class=\"column-1\">U-B.01.1200<\/td><td class=\"column-2\">12\"<\/td><td class=\"column-3\">324<\/td><td class=\"column-4\">380<\/td><td class=\"column-5\">328<\/td><td class=\"column-6\">100<\/td><td class=\"column-7\">M16<\/td><td class=\"column-8\">10<\/td><td class=\"column-9\">12,200<\/td>\n<\/tr>\n<tr class=\"row-18\">\n\t<td class=\"column-1\">U-B.01.1400<\/td><td class=\"column-2\">14\"<\/td><td class=\"column-3\">355,6<\/td><td class=\"column-4\">413<\/td><td class=\"column-5\">360<\/td><td class=\"column-6\">100<\/td><td class=\"column-7\">M18<\/td><td class=\"column-8\">5<\/td><td class=\"column-9\">8,150<\/td>\n<\/tr>\n<tr class=\"row-19\">\n\t<td class=\"column-1\">U-B.01.1600<\/td><td class=\"column-2\">16\"<\/td><td class=\"column-3\">406,4<\/td><td class=\"column-4\">470<\/td><td class=\"column-5\">412<\/td><td class=\"column-6\">120<\/td><td class=\"column-7\">M20<\/td><td class=\"column-8\">5<\/td><td class=\"column-9\">11,650<\/td>\n<\/tr>\n<tr class=\"row-20\">\n\t<td class=\"column-1\">U-B.01.1800<\/td><td class=\"column-2\">18\"<\/td><td class=\"column-3\">457<\/td><td class=\"column-4\">520<\/td><td class=\"column-5\">464<\/td><td class=\"column-6\">120<\/td><td class=\"column-7\">M20<\/td><td class=\"column-8\">2<\/td><td class=\"column-9\">5,200<\/td>\n<\/tr>\n<tr class=\"row-21\">\n\t<td class=\"column-1\">U-B.01.2000<\/td><td class=\"column-2\">20\"<\/td><td class=\"column-3\">508<\/td><td class=\"column-4\">582<\/td><td class=\"column-5\">514<\/td><td class=\"column-6\">120<\/td><td class=\"column-7\">M24<\/td><td class=\"column-8\">2<\/td><td class=\"column-9\">8,600<\/td>\n<\/tr>\n<tr class=\"row-22\">\n\t<td colspan=\"9\" class=\"column-1\"><span class=\"tolerans\">\u062c\u0645\u064a\u0639 \u0627\u0644\u0623\u0628\u0639\u0627\u062f \u0644\u0644\u0627\u0633\u062a\u0631\u0634\u0627\u062f \u0641\u0642\u0637. \u0627\u0644\u0633\u0645\u0627\u062d\u064a\u0627\u062a: \u00b1\u0665\u066a<\/span><\/td>\n<\/tr>\n<\/tbody>\n<\/table>\n<!-- #tablepress-402 from cache -->\n\n\t\t<\/div>\n\t<\/div>\n<\/div><\/div><\/div><\/div>\n<\/div>","protected":false},"excerpt":{"rendered":"<p>U-Bolt Kelep\u00e7e, UL 514 B, ANSI C80.1 ve WW-C-563 normlar\u0131na uygun olarak \u00fcretilmi\u015f, \u00e7elik galvaniz kapl\u0131, dayan\u0131kl\u0131 bir sabitleme \u00e7\u00f6z\u00fcm\u00fcd\u00fcr. Vidal\u0131 \u00e7ift tasar\u0131m\u0131 sayesinde IMC ve RSC borular\u0131n g\u00fcvenli ve sa\u011flam bir \u015fekilde sabitlenmesini sa\u011flar, \u00f6zellikle end\u00fcstriyel ve yap\u0131sal uygulamalarda tercih edilir.<\/p>","protected":false},"featured_media":17000,"template":"","meta":[],"product_brand":[],"product_cat":[84],"product_tag":[],"class_list":{"0":"post-13254","1":"product","2":"type-product","3":"status-publish","4":"has-post-thumbnail","6":"product_cat-emt-galvaniz-boru-aksesuarlari","8":"first","9":"instock","10":"taxable","11":"shipping-taxable","12":"purchasable","13":"product-type-simple"},"_links":{"self":[{"href":"https:\/\/www.reksan.com.tr\/ar\/wp-json\/wp\/v2\/product\/13254","targetHints":{"allow":["GET"]}}],"collection":[{"href":"https:\/\/www.reksan.com.tr\/ar\/wp-json\/wp\/v2\/product"}],"about":[{"href":"https:\/\/www.reksan.com.tr\/ar\/wp-json\/wp\/v2\/types\/product"}],"wp:featuredmedia":[{"embeddable":true,"href":"https:\/\/www.reksan.com.tr\/ar\/wp-json\/wp\/v2\/media\/17000"}],"wp:attachment":[{"href":"https:\/\/www.reksan.com.tr\/ar\/wp-json\/wp\/v2\/media?parent=13254"}],"wp:term":[{"taxonomy":"product_brand","embeddable":true,"href":"https:\/\/www.reksan.com.tr\/ar\/wp-json\/wp\/v2\/product_brand?post=13254"},{"taxonomy":"product_cat","embeddable":true,"href":"https:\/\/www.reksan.com.tr\/ar\/wp-json\/wp\/v2\/product_cat?post=13254"},{"taxonomy":"product_tag","embeddable":true,"href":"https:\/\/www.reksan.com.tr\/ar\/wp-json\/wp\/v2\/product_tag?post=13254"}],"curies":[{"name":"wp","href":"https:\/\/api.w.org\/{rel}","templated":true}]}}