{"id":13103,"date":"2024-11-14T13:33:40","date_gmt":"2024-11-14T10:33:40","guid":{"rendered":"https:\/\/www.reksan.com.tr\/?post_type=product&#038;p=13103"},"modified":"2025-04-21T13:39:03","modified_gmt":"2025-04-21T10:39:03","slug":"agir-hizmet-kablo-tutuculu-spiral-boru-rakoru","status":"publish","type":"product","link":"https:\/\/www.reksan.com.tr\/ar\/agir-hizmet-kablo-tutuculu-spiral-boru-rakoru\/","title":{"rendered":"A\u011f\u0131r Hizmet Kablo Tutuculu Spiral Boru Rakoru"},"content":{"rendered":"<div class=\"wpb-content-wrapper\"><div class=\"vc_row wpb_row vc_row-fluid\"><div class=\"wpb_column vc_column_container vc_col-sm-12\"><div class=\"vc_column-inner\"><div class=\"wpb_wrapper\"><div class=\"vc_separator wpb_content_element vc_separator_align_center vc_sep_width_100 vc_sep_pos_align_center vc_sep_color_grey urunozellikleri vc_separator-has-text\" ><span class=\"vc_sep_holder vc_sep_holder_l\"><span class=\"vc_sep_line\"><\/span><\/span><h4>\u0627\u0644\u0645\u0648\u0627\u0635\u0641\u0627\u062a \u0627\u0644\u0641\u0646\u064a\u0629<\/h4><span class=\"vc_sep_holder vc_sep_holder_r\"><span class=\"vc_sep_line\"><\/span><\/span>\n<\/div>\n\t<div class=\"wpb_text_column wpb_content_element tobolum\" >\n\t\t<div class=\"wpb_wrapper\">\n\t\t\t\n<table id=\"tablepress-373\" class=\"tablepress tablepress-id-373 teknik tbody-has-connected-cells\">\n<tbody class=\"row-striping row-hover\">\n<tr class=\"row-1\">\n\t<td class=\"column-1\">\u0628\u0648\u0644\u064a \u0623\u0645\u064a\u062f<\/td><td colspan=\"3\" class=\"column-2\">\u0646\u062d\u0627\u0633 - \u0645\u0637\u0644\u064a \u0628\u0627\u0644\u0646\u064a\u0643\u0644<br \/>\n<a target=\"_blank\" href=\"https:\/\/www.reksan.com.tr\/ar\/pirinc-ms58\/\">MS 58  \u24d8<\/a><br \/>\n<\/td>\n<\/tr>\n<tr class=\"row-2\">\n\t<td class=\"column-1\">\u0645\u0639\u0627\u064a\u064a\u0631 \u0627\u0644\u062e\u064a\u0648\u0637<\/td><td colspan=\"3\" class=\"column-2\"><a target=\"_blank\" href=\"https:\/\/www.reksan.com.tr\/ar\/dis-standartlari\/\">PG DIN 46320<\/a> | <a target=\"_blank\" href=\"https:\/\/www.reksan.com.tr\/ar\/dis-standartlari\/\">\u0645\u062a\u0631\u064a EN 60423<\/a> | <a target=\"_blank\" href=\"https:\/\/www.reksan.com.tr\/ar\/dis-standartlari\/\">NPT ANSI B1.20.1<\/a> | <a target=\"_blank\" href=\"https:\/\/www.reksan.com.tr\/ar\/dis-standartlari\/\">GAS ISO 228  \u24d8<\/a><\/td>\n<\/tr>\n<tr class=\"row-3\">\n\t<td class=\"column-1\">\u0627\u0644\u0625\u062d\u0643\u0627\u0645<\/td><td colspan=\"3\" class=\"column-2\"><a target=\"_blank\" href=\"https:\/\/www.reksan.com.tr\/ar\/ip-kodlarinin-siniflari\/\">IP 65   \u24d8<\/a><\/td>\n<\/tr>\n<tr class=\"row-4\">\n\t<td class=\"column-1\">\u0645\u0642\u0627\u0648\u0645\u0629 \u0627\u0644\u062d\u0631\u0627\u0631\u0629<\/td><td colspan=\"3\" class=\"column-2\">-40\u00b0 C +80\u00b0 C<\/td>\n<\/tr>\n<tr class=\"row-5\">\n\t<td class=\"column-1\">Ferrule<\/td><td colspan=\"3\" class=\"column-2\">Pirin\u00e7 Nikel Kaplama \u2013 \u00c7elik \u00c7inko Kaplama<\/td>\n<\/tr>\n<tr class=\"row-6\">\n\t<td class=\"column-1\">\u0627\u0633\u062a\u062e\u062f\u0627\u0645<\/td><td colspan=\"3\" class=\"column-2\">Metal makineler ve muhafazalar i\u00e7in \u00e7elik spiral hortumlarda kullan\u0131l\u0131r. Zorlu ortamlardaki standart end\u00fcstriyel uygulamalarda tercih edilir.<\/td>\n<\/tr>\n<\/tbody>\n<\/table>\n<!-- #tablepress-373 from cache -->\n\n\t\t<\/div>\n\t<\/div>\n<div class=\"wpb_gallery wpb_content_element vc_clearfix\" id=\"isaretler\"><div class=\"wpb_wrapper\"><div class=\"wpb_gallery_slides wpb_image_grid\" data-interval=\"3\"><ul class=\"wpb_image_grid_ul\"><li class=\"isotope-item\"><img loading=\"lazy\" decoding=\"async\" width=\"300\" height=\"300\" src=\"https:\/\/www.reksan.com.tr\/wp-content\/uploads\/2024\/11\/uv-icon.png\" class=\"attachment-full\" alt=\"\" title=\"UV Direnci\" srcset=\"https:\/\/www.reksan.com.tr\/wp-content\/uploads\/2024\/11\/uv-icon.png 300w, https:\/\/www.reksan.com.tr\/wp-content\/uploads\/2024\/11\/uv-icon-150x150.png 150w\" sizes=\"auto, (max-width: 300px) 100vw, 300px\"><\/li><li class=\"isotope-item\"><img loading=\"lazy\" decoding=\"async\" width=\"300\" height=\"300\" src=\"https:\/\/www.reksan.com.tr\/wp-content\/uploads\/2024\/12\/nem-icon.png\" class=\"attachment-full\" alt=\"\" title=\"Hava Ko\u015fullar\u0131na Dayan\u0131kl\u0131l\u0131k\" srcset=\"https:\/\/www.reksan.com.tr\/wp-content\/uploads\/2024\/12\/nem-icon.png 300w, https:\/\/www.reksan.com.tr\/wp-content\/uploads\/2024\/12\/nem-icon-150x150.png 150w\" sizes=\"auto, (max-width: 300px) 100vw, 300px\"><\/li><li class=\"isotope-item\"><img loading=\"lazy\" decoding=\"async\" width=\"300\" height=\"300\" src=\"https:\/\/www.reksan.com.tr\/wp-content\/uploads\/2024\/11\/alev-icon.png\" class=\"attachment-full\" alt=\"\" title=\"Yanmay\u0131 Desteklemez\" srcset=\"https:\/\/www.reksan.com.tr\/wp-content\/uploads\/2024\/11\/alev-icon.png 300w, https:\/\/www.reksan.com.tr\/wp-content\/uploads\/2024\/11\/alev-icon-150x150.png 150w\" sizes=\"auto, (max-width: 300px) 100vw, 300px\"><\/li><li class=\"isotope-item\"><img loading=\"lazy\" decoding=\"async\" width=\"300\" height=\"300\" src=\"https:\/\/www.reksan.com.tr\/wp-content\/uploads\/2024\/11\/oil-icon.png\" class=\"attachment-full\" alt=\"\" title=\"Ya\u011fa Dayan\u0131kl\u0131\" srcset=\"https:\/\/www.reksan.com.tr\/wp-content\/uploads\/2024\/11\/oil-icon.png 300w, https:\/\/www.reksan.com.tr\/wp-content\/uploads\/2024\/11\/oil-icon-150x150.png 150w\" sizes=\"auto, (max-width: 300px) 100vw, 300px\"><\/li><li class=\"isotope-item\"><img loading=\"lazy\" decoding=\"async\" width=\"300\" height=\"300\" src=\"https:\/\/www.reksan.com.tr\/wp-content\/uploads\/2024\/12\/soguk-icon.png\" class=\"attachment-full\" alt=\"\" title=\"Dona Dayan\u0131kl\u0131\" srcset=\"https:\/\/www.reksan.com.tr\/wp-content\/uploads\/2024\/12\/soguk-icon.png 300w, https:\/\/www.reksan.com.tr\/wp-content\/uploads\/2024\/12\/soguk-icon-150x150.png 150w\" sizes=\"auto, (max-width: 300px) 100vw, 300px\"><\/li><li class=\"isotope-item\"><img loading=\"lazy\" decoding=\"async\" width=\"300\" height=\"300\" src=\"https:\/\/www.reksan.com.tr\/wp-content\/uploads\/2024\/11\/hf-icon.png\" class=\"attachment-full\" alt=\"\" title=\"Halojen \u0130\u00e7ermez\" srcset=\"https:\/\/www.reksan.com.tr\/wp-content\/uploads\/2024\/11\/hf-icon.png 300w, https:\/\/www.reksan.com.tr\/wp-content\/uploads\/2024\/11\/hf-icon-150x150.png 150w\" sizes=\"auto, (max-width: 300px) 100vw, 300px\"><\/li><li class=\"isotope-item\"><img loading=\"lazy\" decoding=\"async\" width=\"300\" height=\"300\" src=\"https:\/\/www.reksan.com.tr\/wp-content\/uploads\/2024\/12\/Geri-Dnusturulebilir.png\" class=\"attachment-full\" alt=\"\" title=\"Yeniden Kullan\u0131labilir\" srcset=\"https:\/\/www.reksan.com.tr\/wp-content\/uploads\/2024\/12\/Geri-Dnusturulebilir.png 300w, https:\/\/www.reksan.com.tr\/wp-content\/uploads\/2024\/12\/Geri-Dnusturulebilir-150x150.png 150w\" sizes=\"auto, (max-width: 300px) 100vw, 300px\"><\/li><li class=\"isotope-item\"><img loading=\"lazy\" decoding=\"async\" width=\"300\" height=\"300\" src=\"https:\/\/www.reksan.com.tr\/wp-content\/uploads\/2024\/12\/Hafif-Model.png\" class=\"attachment-full\" alt=\"\" title=\"Hafif Model\" srcset=\"https:\/\/www.reksan.com.tr\/wp-content\/uploads\/2024\/12\/Hafif-Model.png 300w, https:\/\/www.reksan.com.tr\/wp-content\/uploads\/2024\/12\/Hafif-Model-150x150.png 150w\" sizes=\"auto, (max-width: 300px) 100vw, 300px\"><\/li><li class=\"isotope-item\"><img loading=\"lazy\" decoding=\"async\" width=\"300\" height=\"300\" src=\"https:\/\/www.reksan.com.tr\/wp-content\/uploads\/2024\/12\/1-KWa-Kadar-Dielektik.png\" class=\"attachment-full\" alt=\"\" title=\"1 KW&#039;a Kadar Dielektik\" srcset=\"https:\/\/www.reksan.com.tr\/wp-content\/uploads\/2024\/12\/1-KWa-Kadar-Dielektik.png 300w, https:\/\/www.reksan.com.tr\/wp-content\/uploads\/2024\/12\/1-KWa-Kadar-Dielektik-150x150.png 150w\" sizes=\"auto, (max-width: 300px) 100vw, 300px\"><\/li><li class=\"isotope-item\"><img loading=\"lazy\" decoding=\"async\" width=\"300\" height=\"300\" src=\"https:\/\/www.reksan.com.tr\/wp-content\/uploads\/2024\/12\/neme-dayanikli.png\" class=\"attachment-full\" alt=\"\" title=\"Neme Dayan\u0131kl\u0131\" srcset=\"https:\/\/www.reksan.com.tr\/wp-content\/uploads\/2024\/12\/neme-dayanikli.png 300w, https:\/\/www.reksan.com.tr\/wp-content\/uploads\/2024\/12\/neme-dayanikli-150x150.png 150w\" sizes=\"auto, (max-width: 300px) 100vw, 300px\"><\/li><\/ul><\/div><\/div><\/div><\/div><\/div><\/div><\/div><div class=\"vc_row wpb_row vc_row-fluid\"><div class=\"wpb_column vc_column_container vc_col-sm-12\"><div class=\"vc_column-inner\"><div class=\"wpb_wrapper\"><div class=\"vc_separator wpb_content_element vc_separator_align_center vc_sep_width_100 vc_sep_pos_align_center vc_sep_color_grey urunozellikleri vc_separator-has-text\" ><span class=\"vc_sep_holder vc_sep_holder_l\"><span class=\"vc_sep_line\"><\/span><\/span><h4>\u062c\u062f\u0648\u0644 \u0627\u0644\u0645\u0642\u0627\u0633\u0627\u062a<\/h4><span class=\"vc_sep_holder vc_sep_holder_r\"><span class=\"vc_sep_line\"><\/span><\/span>\n<\/div>\n\t<div class=\"wpb_text_column wpb_content_element\" >\n\t\t<div class=\"wpb_wrapper\">\n\t\t\t\n<table id=\"tablepress-374\" class=\"tablepress tablepress-id-374 reksan11ns tbody-has-connected-cells\">\n<tbody class=\"row-striping row-hover\">\n<tr class=\"row-1\">\n\t<td rowspan=\"2\" class=\"column-1\">\u0627\u0644\u0642\u064a\u0627\u0633 \u0627\u0644\u0627\u0633\u0645\u064a<\/td><td rowspan=\"2\" class=\"column-2\">\u0627\u0644\u0631\u0645\u0632<\/td><td class=\"column-3\">Montaj \u00c7ap\u0131 \"\u00d8\"<\/td><td class=\"column-4\">\u0637\u0648\u0644 \u0627\u0644\u0642\u0644\u0627\u0648\u0648\u0638<\/td><td class=\"column-5\">Kablo S\u0131kma Aral\u0131\u011f\u0131<\/td><td class=\"column-6\">\u0627\u0644\u0623\u0646\u0628\u0648\u0628 \u0627\u0644\u062d\u0644\u0632\u0648\u0646\u064a \u0627\u0644\u0645\u0646\u0627\u0633\u0628<\/td>\n<\/tr>\n<tr class=\"row-2\">\n\t<td class=\"column-3\">(mm)<\/td><td class=\"column-4\">(mm)<\/td><td class=\"column-5\">(mm)<\/td><td class=\"column-6\">Adet<\/td>\n<\/tr>\n<tr class=\"row-3\">\n\t<td class=\"column-1\">M12x1,5<\/td><td class=\"column-2\">SMSR.06.012<\/td><td class=\"column-3\">12,0<\/td><td class=\"column-4\">8,0<\/td><td class=\"column-5\">4-8 mm<\/td><td class=\"column-6\">10 mm -\u00a0 1\/4\"<\/td>\n<\/tr>\n<tr class=\"row-4\">\n\t<td class=\"column-1\">M16x1,5<\/td><td class=\"column-2\">SMSR.06.016<\/td><td class=\"column-3\">16,0<\/td><td class=\"column-4\">10,0<\/td><td class=\"column-5\">5-10 mm<\/td><td class=\"column-6\">13 mm -\u00a0 3\/8\"<\/td>\n<\/tr>\n<tr class=\"row-5\">\n\t<td class=\"column-1\">M20x1,5s<\/td><td class=\"column-2\">SMSR.06.019<\/td><td class=\"column-3\">20,0<\/td><td class=\"column-4\">10,0<\/td><td class=\"column-5\">6-12 mm<\/td><td class=\"column-6\">16 mm -\u00a0 1\/2\"<\/td>\n<\/tr>\n<tr class=\"row-6\">\n\t<td class=\"column-1\">M20x1,5<\/td><td class=\"column-2\">SMSR.06.020<\/td><td class=\"column-3\">20,0<\/td><td class=\"column-4\">10,0<\/td><td class=\"column-5\">10-14 mm<\/td><td class=\"column-6\">16 mm -\u00a0 1\/2\"<\/td>\n<\/tr>\n<tr class=\"row-7\">\n\t<td class=\"column-1\">M25x1,5<\/td><td class=\"column-2\">SMSR.06.025<\/td><td class=\"column-3\">25,0<\/td><td class=\"column-4\">10,0<\/td><td class=\"column-5\">13-18 mm<\/td><td class=\"column-6\">21 mm -\u00a0 3\/4\"<\/td>\n<\/tr>\n<tr class=\"row-8\">\n\t<td class=\"column-1\">M32x1,5<\/td><td class=\"column-2\">SMSR.06.032<\/td><td class=\"column-3\">32,0<\/td><td class=\"column-4\">12,0<\/td><td class=\"column-5\">18-25 mm<\/td><td class=\"column-6\">26 mm -\u00a0 1\"<\/td>\n<\/tr>\n<tr class=\"row-9\">\n\t<td class=\"column-1\">M40x1,5<\/td><td class=\"column-2\">SMSR.06.040<\/td><td class=\"column-3\">40,0<\/td><td class=\"column-4\">14,0<\/td><td class=\"column-5\">22-32 mm<\/td><td class=\"column-6\">35 mm -\u00a0 1 -1\/4\"<\/td>\n<\/tr>\n<tr class=\"row-10\">\n\t<td class=\"column-1\">M50x1,5<\/td><td class=\"column-2\">SMSR.06.050<\/td><td class=\"column-3\">50,0<\/td><td class=\"column-4\">14,0<\/td><td class=\"column-5\">30-38 mm<\/td><td class=\"column-6\">42 mm -\u00a0 1-1\/2\"<\/td>\n<\/tr>\n<tr class=\"row-11\">\n\t<td class=\"column-1\">M63x1,5<\/td><td class=\"column-2\">SMSR.06.063<\/td><td class=\"column-3\">63,0<\/td><td class=\"column-4\">14,0<\/td><td class=\"column-5\">34-44 mm<\/td><td class=\"column-6\">52 mm -\u00a0 2\"<\/td>\n<\/tr>\n<tr class=\"row-12\">\n\t<td class=\"column-1\">M72x1,5<\/td><td class=\"column-2\">SMSR.06.072<\/td><td class=\"column-3\">72,0<\/td><td class=\"column-4\">15,0<\/td><td class=\"column-5\">48-61 mm<\/td><td class=\"column-6\">63 mm -\u00a0 2-1\/2\"<\/td>\n<\/tr>\n<tr class=\"row-13\">\n\t<td class=\"column-1\">M75x1,5<\/td><td class=\"column-2\">SMSR.06.075<\/td><td class=\"column-3\">75,0<\/td><td class=\"column-4\">15,0<\/td><td class=\"column-5\">59-72 mm<\/td><td class=\"column-6\">75 mm -\u00a0 3\"<\/td>\n<\/tr>\n<tr class=\"row-14\">\n\t<td colspan=\"6\" class=\"column-1\"><span class=\"tolerans\">\u062c\u0645\u064a\u0639 \u0627\u0644\u0623\u0628\u0639\u0627\u062f \u0644\u0644\u0627\u0633\u062a\u0631\u0634\u0627\u062f \u0641\u0642\u0637. \u0627\u0644\u0633\u0645\u0627\u062d\u064a\u0627\u062a: \u00b1\u0665\u066a<\/span><\/td>\n<\/tr>\n<\/tbody>\n<\/table>\n<!-- #tablepress-374 from cache -->\n\n\t\t<\/div>\n\t<\/div>\n<\/div><\/div><\/div><\/div>\n<\/div>","protected":false},"excerpt":{"rendered":"<p>A\u011f\u0131r Hizmet Kablo Tutuculu Spiral Boru Rakoru, zorlu end\u00fcstriyel ortamlarda metal makineler ve muhafazalar i\u00e7in \u00e7elik spiral hortumlarda g\u00fcvenle kullan\u0131lmak \u00fczere tasarlanm\u0131\u015ft\u0131r. Pirin\u00e7 (MS 58) Nikel Kaplama hammaddesiyle \u00fcretilmi\u015f olup, IP 65 s\u0131zd\u0131rmazl\u0131k seviyesine ve -40\u00b0C ile +80\u00b0C aras\u0131nda \u0131s\u0131 dayan\u0131m\u0131na sahiptir. Ferrule k\u0131sm\u0131 ise pirin\u00e7 nikel kaplama veya \u00e7elik \u00e7inko kaplama se\u00e7eneklerine sahiptir. PG DIN 46320, Metrik EN 60423, NPT ANSI B1.20.1 ve GAS ISO 228 di\u015f normlar\u0131na uyumlu olarak \u00fcretilen bu rakor, \u00f6zellikle dayan\u0131kl\u0131l\u0131k gerektiren standart end\u00fcstriyel uygulamalarda tercih edilmektedir.<\/p>","protected":false},"featured_media":13104,"template":"","meta":[],"product_brand":[],"product_cat":[124],"product_tag":[],"class_list":{"0":"post-13103","1":"product","2":"type-product","3":"status-publish","4":"has-post-thumbnail","6":"product_cat-spiral-boru-rakorlari-ve-aksesuarlari","8":"first","9":"instock","10":"taxable","11":"shipping-taxable","12":"purchasable","13":"product-type-simple"},"_links":{"self":[{"href":"https:\/\/www.reksan.com.tr\/ar\/wp-json\/wp\/v2\/product\/13103","targetHints":{"allow":["GET"]}}],"collection":[{"href":"https:\/\/www.reksan.com.tr\/ar\/wp-json\/wp\/v2\/product"}],"about":[{"href":"https:\/\/www.reksan.com.tr\/ar\/wp-json\/wp\/v2\/types\/product"}],"wp:featuredmedia":[{"embeddable":true,"href":"https:\/\/www.reksan.com.tr\/ar\/wp-json\/wp\/v2\/media\/13104"}],"wp:attachment":[{"href":"https:\/\/www.reksan.com.tr\/ar\/wp-json\/wp\/v2\/media?parent=13103"}],"wp:term":[{"taxonomy":"product_brand","embeddable":true,"href":"https:\/\/www.reksan.com.tr\/ar\/wp-json\/wp\/v2\/product_brand?post=13103"},{"taxonomy":"product_cat","embeddable":true,"href":"https:\/\/www.reksan.com.tr\/ar\/wp-json\/wp\/v2\/product_cat?post=13103"},{"taxonomy":"product_tag","embeddable":true,"href":"https:\/\/www.reksan.com.tr\/ar\/wp-json\/wp\/v2\/product_tag?post=13103"}],"curies":[{"name":"wp","href":"https:\/\/api.w.org\/{rel}","templated":true}]}}