{"id":12741,"date":"2024-11-03T16:48:57","date_gmt":"2024-11-03T13:48:57","guid":{"rendered":"https:\/\/www.reksan.com.tr\/?post_type=product&#038;p=12741"},"modified":"2024-12-23T10:12:15","modified_gmt":"2024-12-23T07:12:15","slug":"caretta-gemi-buati-2-cikisli","status":"publish","type":"product","link":"https:\/\/www.reksan.com.tr\/ar\/caretta-gemi-buati-2-cikisli\/","title":{"rendered":"Caretta Gemi Buat\u0131 2 \u00c7\u0131k\u0131\u015fl\u0131"},"content":{"rendered":"<div class=\"wpb-content-wrapper\"><div class=\"vc_row wpb_row vc_row-fluid\"><div class=\"wpb_column vc_column_container vc_col-sm-12\"><div class=\"vc_column-inner\"><div class=\"wpb_wrapper\"><div class=\"vc_separator wpb_content_element vc_separator_align_center vc_sep_width_100 vc_sep_pos_align_center vc_sep_color_grey urunozellikleri vc_separator-has-text\" ><span class=\"vc_sep_holder vc_sep_holder_l\"><span class=\"vc_sep_line\"><\/span><\/span><h4>\u0627\u0644\u0645\u0648\u0627\u0635\u0641\u0627\u062a \u0627\u0644\u0641\u0646\u064a\u0629<\/h4><span class=\"vc_sep_holder vc_sep_holder_r\"><span class=\"vc_sep_line\"><\/span><\/span>\n<\/div>\n\t<div class=\"wpb_text_column wpb_content_element tobolum\" >\n\t\t<div class=\"wpb_wrapper\">\n\t\t\t\n<table id=\"tablepress-11\" class=\"tablepress tablepress-id-11 teknik\">\n<tbody class=\"row-striping row-hover\">\n<tr class=\"row-1\">\n\t<td class=\"column-1\">\u0628\u0648\u0644\u064a \u0623\u0645\u064a\u062f<\/td><td class=\"column-2\">\u0646\u062d\u0627\u0633 \u0623\u0635\u0641\u0631<br \/>\r\n<a target=\"_blank\" href=\"https:\/\/www.reksan.com.tr\/ar\/pirinc-ms58\/\">MS 58  \u24d8<\/a><br \/>\r\n<\/td>\n<\/tr>\n<tr class=\"row-2\">\n\t<td class=\"column-1\">Standart<\/td><td class=\"column-2\"><a target=\"_blank\" href=\"https:\/\/www.reksan.com.tr\/ar\/din-89267-ve-din-89250-nedir\/\">DIN 89250   \u24d8<\/a><\/td>\n<\/tr>\n<tr class=\"row-3\">\n\t<td class=\"column-1\">\u0627\u0644\u0625\u062d\u0643\u0627\u0645<\/td><td class=\"column-2\"><a target=\"_blank\" href=\"https:\/\/www.reksan.com.tr\/ar\/ip-kodlarinin-siniflari\/\">IP 56   \u24d8<\/a><\/td>\n<\/tr>\n<tr class=\"row-4\">\n\t<td class=\"column-1\">\u0645\u0642\u0627\u0648\u0645\u0629 \u0627\u0644\u062d\u0631\u0627\u0631\u0629<\/td><td class=\"column-2\">-40\u00b0 C +80\u00b0 C<\/td>\n<\/tr>\n<tr class=\"row-5\">\n\t<td class=\"column-1\">\u0627\u0633\u062a\u062e\u062f\u0627\u0645<\/td><td class=\"column-2\">A\u011f\u0131r hizmet, gemi ve otantik ortamlarda tercih edilir.<\/td>\n<\/tr>\n<tr class=\"row-6\">\n\t<td class=\"column-1\">\u00d6zellik<\/td><td class=\"column-2\">S\u0131zd\u0131rmazl\u0131k contalar\u0131 petrol \u00fcr\u00fcnlerine, tuzlu suya, \u0131s\u0131ya ve ozona dayan\u0131kl\u0131d\u0131r.<\/td>\n<\/tr>\n<\/tbody>\n<\/table>\n<!-- #tablepress-11 from cache -->\n\n\t\t<\/div>\n\t<\/div>\n<div class=\"wpb_gallery wpb_content_element vc_clearfix\" id=\"isaretler\"><div class=\"wpb_wrapper\"><div class=\"wpb_gallery_slides wpb_image_grid\" data-interval=\"3\"><ul class=\"wpb_image_grid_ul\"><li class=\"isotope-item\"><img loading=\"lazy\" decoding=\"async\" width=\"300\" height=\"300\" src=\"https:\/\/www.reksan.com.tr\/wp-content\/uploads\/2024\/11\/uv-icon.png\" class=\"attachment-full\" alt=\"\" title=\"UV Direnci\" srcset=\"https:\/\/www.reksan.com.tr\/wp-content\/uploads\/2024\/11\/uv-icon.png 300w, https:\/\/www.reksan.com.tr\/wp-content\/uploads\/2024\/11\/uv-icon-150x150.png 150w\" sizes=\"auto, (max-width: 300px) 100vw, 300px\"><\/li><li class=\"isotope-item\"><img loading=\"lazy\" decoding=\"async\" width=\"300\" height=\"300\" src=\"https:\/\/www.reksan.com.tr\/wp-content\/uploads\/2024\/12\/nem-icon.png\" class=\"attachment-full\" alt=\"\" title=\"Hava Ko\u015fullar\u0131na Dayan\u0131kl\u0131l\u0131k\" srcset=\"https:\/\/www.reksan.com.tr\/wp-content\/uploads\/2024\/12\/nem-icon.png 300w, https:\/\/www.reksan.com.tr\/wp-content\/uploads\/2024\/12\/nem-icon-150x150.png 150w\" sizes=\"auto, (max-width: 300px) 100vw, 300px\"><\/li><li class=\"isotope-item\"><img loading=\"lazy\" decoding=\"async\" width=\"300\" height=\"300\" src=\"https:\/\/www.reksan.com.tr\/wp-content\/uploads\/2024\/11\/alev-icon.png\" class=\"attachment-full\" alt=\"\" title=\"Yanmay\u0131 Desteklemez\" srcset=\"https:\/\/www.reksan.com.tr\/wp-content\/uploads\/2024\/11\/alev-icon.png 300w, https:\/\/www.reksan.com.tr\/wp-content\/uploads\/2024\/11\/alev-icon-150x150.png 150w\" sizes=\"auto, (max-width: 300px) 100vw, 300px\"><\/li><li class=\"isotope-item\"><img loading=\"lazy\" decoding=\"async\" width=\"300\" height=\"300\" src=\"https:\/\/www.reksan.com.tr\/wp-content\/uploads\/2024\/11\/oil-icon.png\" class=\"attachment-full\" alt=\"\" title=\"Ya\u011fa Dayan\u0131kl\u0131\" srcset=\"https:\/\/www.reksan.com.tr\/wp-content\/uploads\/2024\/11\/oil-icon.png 300w, https:\/\/www.reksan.com.tr\/wp-content\/uploads\/2024\/11\/oil-icon-150x150.png 150w\" sizes=\"auto, (max-width: 300px) 100vw, 300px\"><\/li><li class=\"isotope-item\"><img loading=\"lazy\" decoding=\"async\" width=\"300\" height=\"300\" src=\"https:\/\/www.reksan.com.tr\/wp-content\/uploads\/2024\/12\/soguk-icon.png\" class=\"attachment-full\" alt=\"\" title=\"Dona Dayan\u0131kl\u0131\" srcset=\"https:\/\/www.reksan.com.tr\/wp-content\/uploads\/2024\/12\/soguk-icon.png 300w, https:\/\/www.reksan.com.tr\/wp-content\/uploads\/2024\/12\/soguk-icon-150x150.png 150w\" sizes=\"auto, (max-width: 300px) 100vw, 300px\"><\/li><li class=\"isotope-item\"><img loading=\"lazy\" decoding=\"async\" width=\"300\" height=\"300\" src=\"https:\/\/www.reksan.com.tr\/wp-content\/uploads\/2024\/11\/hf-icon.png\" class=\"attachment-full\" alt=\"\" title=\"Halojen \u0130\u00e7ermez\" srcset=\"https:\/\/www.reksan.com.tr\/wp-content\/uploads\/2024\/11\/hf-icon.png 300w, https:\/\/www.reksan.com.tr\/wp-content\/uploads\/2024\/11\/hf-icon-150x150.png 150w\" sizes=\"auto, (max-width: 300px) 100vw, 300px\"><\/li><li class=\"isotope-item\"><img loading=\"lazy\" decoding=\"async\" width=\"300\" height=\"300\" src=\"https:\/\/www.reksan.com.tr\/wp-content\/uploads\/2024\/12\/Geri-Dnusturulebilir.png\" class=\"attachment-full\" alt=\"\" title=\"Yeniden Kullan\u0131labilir\" srcset=\"https:\/\/www.reksan.com.tr\/wp-content\/uploads\/2024\/12\/Geri-Dnusturulebilir.png 300w, https:\/\/www.reksan.com.tr\/wp-content\/uploads\/2024\/12\/Geri-Dnusturulebilir-150x150.png 150w\" sizes=\"auto, (max-width: 300px) 100vw, 300px\"><\/li><li class=\"isotope-item\"><img loading=\"lazy\" decoding=\"async\" width=\"300\" height=\"300\" src=\"https:\/\/www.reksan.com.tr\/wp-content\/uploads\/2024\/12\/Hafif-Model.png\" class=\"attachment-full\" alt=\"\" title=\"Hafif Model\" srcset=\"https:\/\/www.reksan.com.tr\/wp-content\/uploads\/2024\/12\/Hafif-Model.png 300w, https:\/\/www.reksan.com.tr\/wp-content\/uploads\/2024\/12\/Hafif-Model-150x150.png 150w\" sizes=\"auto, (max-width: 300px) 100vw, 300px\"><\/li><li class=\"isotope-item\"><img loading=\"lazy\" decoding=\"async\" width=\"300\" height=\"300\" src=\"https:\/\/www.reksan.com.tr\/wp-content\/uploads\/2024\/12\/1-KWa-Kadar-Dielektik.png\" class=\"attachment-full\" alt=\"\" title=\"1 KW&#039;a Kadar Dielektik\" srcset=\"https:\/\/www.reksan.com.tr\/wp-content\/uploads\/2024\/12\/1-KWa-Kadar-Dielektik.png 300w, https:\/\/www.reksan.com.tr\/wp-content\/uploads\/2024\/12\/1-KWa-Kadar-Dielektik-150x150.png 150w\" sizes=\"auto, (max-width: 300px) 100vw, 300px\"><\/li><li class=\"isotope-item\"><img loading=\"lazy\" decoding=\"async\" width=\"300\" height=\"300\" src=\"https:\/\/www.reksan.com.tr\/wp-content\/uploads\/2024\/12\/neme-dayanikli.png\" class=\"attachment-full\" alt=\"\" title=\"Neme Dayan\u0131kl\u0131\" srcset=\"https:\/\/www.reksan.com.tr\/wp-content\/uploads\/2024\/12\/neme-dayanikli.png 300w, https:\/\/www.reksan.com.tr\/wp-content\/uploads\/2024\/12\/neme-dayanikli-150x150.png 150w\" sizes=\"auto, (max-width: 300px) 100vw, 300px\"><\/li><\/ul><\/div><\/div><\/div><\/div><\/div><\/div><\/div><div class=\"vc_row wpb_row vc_row-fluid\"><div class=\"wpb_column vc_column_container vc_col-sm-12\"><div class=\"vc_column-inner\"><div class=\"wpb_wrapper\"><div class=\"vc_separator wpb_content_element vc_separator_align_center vc_sep_width_100 vc_sep_pos_align_center vc_sep_color_grey urunozellikleri vc_separator-has-text\" ><span class=\"vc_sep_holder vc_sep_holder_l\"><span class=\"vc_sep_line\"><\/span><\/span><h4>\u062c\u062f\u0648\u0644 \u0627\u0644\u0645\u0642\u0627\u0633\u0627\u062a<\/h4><span class=\"vc_sep_holder vc_sep_holder_r\"><span class=\"vc_sep_line\"><\/span><\/span>\n<\/div>\n\t<div class=\"wpb_text_column wpb_content_element\" >\n\t\t<div class=\"wpb_wrapper\">\n\t\t\t\n<table id=\"tablepress-12\" class=\"tablepress tablepress-id-12 reksan21s tbody-has-connected-cells\">\n<tbody class=\"row-striping row-hover\">\n<tr class=\"row-1\">\n\t<td rowspan=\"2\" class=\"column-1\">\u0627\u0644\u0631\u0645\u0632<\/td><td rowspan=\"2\" class=\"column-2\">Malzeme Cinsi<\/td><td colspan=\"2\" class=\"column-3\">\u0642\u0637\u0631 \u0627\u0644\u0643\u0627\u0628\u0644 \u00d8<br \/>\nB<\/td><td rowspan=\"2\" class=\"column-5\">Diyagram<\/td>\n<\/tr>\n<tr class=\"row-2\">\n\t<td class=\"column-3\">Min (mm)<\/td><td class=\"column-4\">Max (mm)<\/td>\n<\/tr>\n<tr class=\"row-3\">\n\t<td class=\"column-1\">RGB.05.576<\/td><td class=\"column-2\">1 \u00c7\u0131k\u0131\u015fl\u0131<\/td><td class=\"column-3\">7<\/td><td class=\"column-4\">12<\/td><td class=\"column-5\"><img decoding=\"async\" class=\"buatr\" src=\"http:\/\/www.reksan.com.tr\/wp-content\/uploads\/2024\/12\/buat-tekli.png\" alt=\"\"><\/td>\n<\/tr>\n<tr class=\"row-4\">\n\t<td class=\"column-1\">RGB.05.576 L<\/td><td class=\"column-2\">1 \u00c7\u0131k\u0131\u015fl\u0131<\/td><td class=\"column-3\">10<\/td><td class=\"column-4\">14<\/td><td class=\"column-5\"><img decoding=\"async\" class=\"buatr\" src=\"http:\/\/www.reksan.com.tr\/wp-content\/uploads\/2024\/12\/buat-tekli.png\" alt=\"\"><\/td>\n<\/tr>\n<tr class=\"row-5\">\n\t<td class=\"column-1\">RGB.05.577<\/td><td class=\"column-2\">2 \u00c7\u0131k\u0131\u015fl\u0131<\/td><td class=\"column-3\">7<\/td><td class=\"column-4\">12<\/td><td class=\"column-5\"><img decoding=\"async\" class=\"buatr\" src=\"http:\/\/www.reksan.com.tr\/wp-content\/uploads\/2024\/12\/buat-l.png\" alt=\"\"><\/td>\n<\/tr>\n<tr class=\"row-6\">\n\t<td class=\"column-1\">RGB.05.577 L<\/td><td class=\"column-2\">2 \u00c7\u0131k\u0131\u015fl\u0131<\/td><td class=\"column-3\">10<\/td><td class=\"column-4\">14<\/td><td class=\"column-5\"><img decoding=\"async\" class=\"buatr\" src=\"http:\/\/www.reksan.com.tr\/wp-content\/uploads\/2024\/12\/buat-l.png\" alt=\"\"><\/td>\n<\/tr>\n<tr class=\"row-7\">\n\t<td class=\"column-1\">RGB.05.585<\/td><td class=\"column-2\">2 \u00c7\u0131k\u0131\u015fl\u0131<\/td><td class=\"column-3\">7<\/td><td class=\"column-4\">12<\/td><td class=\"column-5\"><img decoding=\"async\" class=\"buatr\" src=\"http:\/\/www.reksan.com.tr\/wp-content\/uploads\/2024\/12\/buat-p.png\" alt=\"\"><\/td>\n<\/tr>\n<tr class=\"row-8\">\n\t<td class=\"column-1\">RGB.05.585 L<\/td><td class=\"column-2\">2 \u00c7\u0131k\u0131\u015fl\u0131<\/td><td class=\"column-3\">10<\/td><td class=\"column-4\">14<\/td><td class=\"column-5\"><img decoding=\"async\" class=\"buatr\" src=\"http:\/\/www.reksan.com.tr\/wp-content\/uploads\/2024\/12\/buat-p.png\" alt=\"\"><\/td>\n<\/tr>\n<tr class=\"row-9\">\n\t<td class=\"column-1\">RGB.05.578<\/td><td class=\"column-2\">2 \u00c7\u0131k\u0131\u015fl\u0131<\/td><td class=\"column-3\">7<\/td><td class=\"column-4\">12<\/td><td class=\"column-5\"><img decoding=\"async\" class=\"buatr\" src=\"http:\/\/www.reksan.com.tr\/wp-content\/uploads\/2024\/12\/buat-ikili-x.png\" alt=\"\"><\/td>\n<\/tr>\n<tr class=\"row-10\">\n\t<td class=\"column-1\">RGB.05.578 L<\/td><td class=\"column-2\">2 \u00c7\u0131k\u0131\u015fl\u0131<\/td><td class=\"column-3\">10<\/td><td class=\"column-4\">14<\/td><td class=\"column-5\"><img decoding=\"async\" class=\"buatr\" src=\"http:\/\/www.reksan.com.tr\/wp-content\/uploads\/2024\/12\/buat-ikili-x.png\" alt=\"\"><\/td>\n<\/tr>\n<tr class=\"row-11\">\n\t<td class=\"column-1\">RGB.05.579<\/td><td class=\"column-2\">3 \u00c7\u0131k\u0131\u015fl\u0131<\/td><td class=\"column-3\">7<\/td><td class=\"column-4\">12<\/td><td class=\"column-5\"><img decoding=\"async\" class=\"buatr\" src=\"http:\/\/www.reksan.com.tr\/wp-content\/uploads\/2024\/12\/buat-3lu.png\" alt=\"\"><\/td>\n<\/tr>\n<tr class=\"row-12\">\n\t<td class=\"column-1\">RGB.05.579 L<\/td><td class=\"column-2\">3 \u00c7\u0131k\u0131\u015fl\u0131<\/td><td class=\"column-3\">10<\/td><td class=\"column-4\">14<\/td><td class=\"column-5\"><img decoding=\"async\" class=\"buatr\" src=\"http:\/\/www.reksan.com.tr\/wp-content\/uploads\/2024\/12\/buat-3lu.png\" alt=\"\"><\/td>\n<\/tr>\n<tr class=\"row-13\">\n\t<td class=\"column-1\">RGB.05.580<\/td><td class=\"column-2\">4 \u00c7\u0131k\u0131\u015fl\u0131<\/td><td class=\"column-3\">7<\/td><td class=\"column-4\">12<\/td><td class=\"column-5\"><img decoding=\"async\" class=\"buatr\" src=\"http:\/\/www.reksan.com.tr\/wp-content\/uploads\/2024\/12\/buat-4lu.png\" alt=\"\"><\/td>\n<\/tr>\n<tr class=\"row-14\">\n\t<td class=\"column-1\">RGB.05.580 L<\/td><td class=\"column-2\">4 \u00c7\u0131k\u0131\u015fl\u0131<\/td><td class=\"column-3\">10<\/td><td class=\"column-4\">14<\/td><td class=\"column-5\"><img decoding=\"async\" class=\"buatr\" src=\"http:\/\/www.reksan.com.tr\/wp-content\/uploads\/2024\/12\/buat-4lu.png\" alt=\"\"><\/td>\n<\/tr>\n<tr class=\"row-15\">\n\t<td class=\"column-1\">RGB.05.581<\/td><td class=\"column-2\">5 \u00c7\u0131k\u0131\u015fl\u0131<\/td><td class=\"column-3\">8<\/td><td class=\"column-4\">15<\/td><td class=\"column-5\"><img decoding=\"async\" class=\"buatr\" src=\"http:\/\/www.reksan.com.tr\/wp-content\/uploads\/2024\/12\/buat-5li.png\" alt=\"\"><\/td>\n<\/tr>\n<tr class=\"row-16\">\n\t<td class=\"column-1\">RGB.05.582<\/td><td class=\"column-2\">6 \u00c7\u0131k\u0131\u015fl\u0131<\/td><td class=\"column-3\">8<\/td><td class=\"column-4\">15<\/td><td class=\"column-5\"><img decoding=\"async\" class=\"buatr\" src=\"http:\/\/www.reksan.com.tr\/wp-content\/uploads\/2024\/12\/buat-6li.png\" alt=\"\"><\/td>\n<\/tr>\n<tr class=\"row-17\">\n\t<td class=\"column-1\">RGB.05.583<\/td><td class=\"column-2\">7 \u00c7\u0131k\u0131\u015fl\u0131<\/td><td class=\"column-3\">8<\/td><td class=\"column-4\">15<\/td><td class=\"column-5\"><img decoding=\"async\" class=\"buatr\" src=\"http:\/\/www.reksan.com.tr\/wp-content\/uploads\/2024\/12\/buat-7li.png\" alt=\"\"><\/td>\n<\/tr>\n<tr class=\"row-18\">\n\t<td class=\"column-1\">RGB.05.584<\/td><td class=\"column-2\">8 \u00c7\u0131k\u0131\u015fl\u0131<\/td><td class=\"column-3\">8<\/td><td class=\"column-4\">15<\/td><td class=\"column-5\"><img decoding=\"async\" class=\"buatr\" src=\"http:\/\/www.reksan.com.tr\/wp-content\/uploads\/2024\/12\/buat-8li.png\" alt=\"\"><\/td>\n<\/tr>\n<tr class=\"row-19\">\n\t<td colspan=\"5\" class=\"column-1\"><span class=\"tolerans\">\u062c\u0645\u064a\u0639 \u0627\u0644\u0623\u0628\u0639\u0627\u062f \u0644\u0644\u0627\u0633\u062a\u0631\u0634\u0627\u062f \u0641\u0642\u0637. \u0627\u0644\u0633\u0645\u0627\u062d\u064a\u0627\u062a: \u00b1\u0665\u066a<\/span><\/td>\n<\/tr>\n<\/tbody>\n<\/table>\n<!-- #tablepress-12 from cache -->\n\n\t\t<\/div>\n\t<\/div>\n<\/div><\/div><\/div><\/div>\n<\/div>","protected":false},"excerpt":{"rendered":"<p>Caretta Gemi Buat\u0131 2 \u00c7\u0131k\u0131\u015fl\u0131, a\u011f\u0131r hizmet gerektiren gemi ve otantik ortamlarda kullan\u0131lan dayan\u0131kl\u0131 bir ba\u011flant\u0131 eleman\u0131d\u0131r. DIN 89250 standartlar\u0131na uygun olarak \u00fcretilen bu buatta, IP 56 s\u0131zd\u0131rmazl\u0131k seviyesi sa\u011flanm\u0131\u015f olup -40\u00b0C ile +80\u00b0C aral\u0131\u011f\u0131nda y\u00fcksek performans g\u00f6sterir. Pirin\u00e7 (MS 58) malzemeden \u00fcretilen Caretta Gemi Buat\u0131, s\u0131zd\u0131rmazl\u0131k contalar\u0131n\u0131n petrol \u00fcr\u00fcnlerine, tuzlu suya, \u0131s\u0131ya ve ozona kar\u015f\u0131 dayan\u0131kl\u0131l\u0131\u011f\u0131 sayesinde, zorlu \u00e7evre ko\u015fullar\u0131na uyum sa\u011flar.<\/p>","protected":false},"featured_media":12742,"template":"","meta":[],"product_brand":[],"product_cat":[80],"product_tag":[],"class_list":{"0":"post-12741","1":"product","2":"type-product","3":"status-publish","4":"has-post-thumbnail","6":"product_cat-caretta-buat-ve-gemi-malzemeleri","8":"first","9":"instock","10":"taxable","11":"shipping-taxable","12":"purchasable","13":"product-type-simple"},"_links":{"self":[{"href":"https:\/\/www.reksan.com.tr\/ar\/wp-json\/wp\/v2\/product\/12741","targetHints":{"allow":["GET"]}}],"collection":[{"href":"https:\/\/www.reksan.com.tr\/ar\/wp-json\/wp\/v2\/product"}],"about":[{"href":"https:\/\/www.reksan.com.tr\/ar\/wp-json\/wp\/v2\/types\/product"}],"wp:featuredmedia":[{"embeddable":true,"href":"https:\/\/www.reksan.com.tr\/ar\/wp-json\/wp\/v2\/media\/12742"}],"wp:attachment":[{"href":"https:\/\/www.reksan.com.tr\/ar\/wp-json\/wp\/v2\/media?parent=12741"}],"wp:term":[{"taxonomy":"product_brand","embeddable":true,"href":"https:\/\/www.reksan.com.tr\/ar\/wp-json\/wp\/v2\/product_brand?post=12741"},{"taxonomy":"product_cat","embeddable":true,"href":"https:\/\/www.reksan.com.tr\/ar\/wp-json\/wp\/v2\/product_cat?post=12741"},{"taxonomy":"product_tag","embeddable":true,"href":"https:\/\/www.reksan.com.tr\/ar\/wp-json\/wp\/v2\/product_tag?post=12741"}],"curies":[{"name":"wp","href":"https:\/\/api.w.org\/{rel}","templated":true}]}}