{"id":11794,"date":"2024-10-05T22:35:01","date_gmt":"2024-10-05T22:35:01","guid":{"rendered":"https:\/\/www.reksan.com.tr\/?post_type=product&#038;p=11794"},"modified":"2025-01-06T21:41:42","modified_gmt":"2025-01-06T18:41:42","slug":"topraklamali-metal-bushing","status":"publish","type":"product","link":"https:\/\/www.reksan.com.tr\/ar\/topraklamali-metal-bushing\/","title":{"rendered":"Topraklamal\u0131 Metal Bushing"},"content":{"rendered":"<div class=\"wpb-content-wrapper\"><div class=\"vc_row wpb_row vc_row-fluid\"><div class=\"wpb_column vc_column_container vc_col-sm-12\"><div class=\"vc_column-inner\"><div class=\"wpb_wrapper\"><div class=\"vc_separator wpb_content_element vc_separator_align_center vc_sep_width_100 vc_sep_pos_align_center vc_sep_color_grey urunozellikleri vc_separator-has-text\" ><span class=\"vc_sep_holder vc_sep_holder_l\"><span class=\"vc_sep_line\"><\/span><\/span><h4>\u0627\u0644\u0645\u0648\u0627\u0635\u0641\u0627\u062a \u0627\u0644\u0641\u0646\u064a\u0629<\/h4><span class=\"vc_sep_holder vc_sep_holder_r\"><span class=\"vc_sep_line\"><\/span><\/span>\n<\/div>\n\t<div class=\"wpb_text_column wpb_content_element tobolum\" >\n\t\t<div class=\"wpb_wrapper\">\n\t\t\t\n<table id=\"tablepress-295\" class=\"tablepress tablepress-id-295 teknik\">\n<tbody class=\"row-striping row-hover\">\n<tr class=\"row-1\">\n\t<td class=\"column-1\">\u0628\u0648\u0644\u064a \u0623\u0645\u064a\u062f<\/td><td class=\"column-2\">\u00c7elik &amp; Zamak &amp; Al<\/td>\n<\/tr>\n<tr class=\"row-2\">\n\t<td class=\"column-1\">Normlar<\/td><td class=\"column-2\">UL 467<br \/>\nANSI C80.1<br \/>\nWW-C-563<br \/>\nC22.2 No. 41-13<\/td>\n<\/tr>\n<tr class=\"row-3\">\n\t<td class=\"column-1\">\u00d6zellik<\/td><td class=\"column-2\">S\u0131kmal\u0131 &amp; Vidal\u0131<\/td>\n<\/tr>\n<tr class=\"row-4\">\n\t<td class=\"column-1\">\u0627\u0633\u062a\u062e\u062f\u0627\u0645<\/td><td class=\"column-2\">Rigid veya IMC borular\u0131 bir kutuya veya muhafazaya sonland\u0131rmak ve ba\u011flant\u0131 kablosunun h\u0131zl\u0131 montaj\u0131 i\u00e7in somun ile birlikte kullan\u0131l\u0131r.<\/td>\n<\/tr>\n<\/tbody>\n<\/table>\n<!-- #tablepress-295 from cache -->\n\n\t\t<\/div>\n\t<\/div>\n<div class=\"wpb_gallery wpb_content_element vc_clearfix\" id=\"isaretler\"><div class=\"wpb_wrapper\"><div class=\"wpb_gallery_slides wpb_image_grid\" data-interval=\"3\"><ul class=\"wpb_image_grid_ul\"><li class=\"isotope-item\"><img loading=\"lazy\" decoding=\"async\" width=\"300\" height=\"300\" src=\"https:\/\/www.reksan.com.tr\/wp-content\/uploads\/2024\/11\/uv-icon.png\" class=\"attachment-full\" alt=\"\" title=\"UV Direnci\" srcset=\"https:\/\/www.reksan.com.tr\/wp-content\/uploads\/2024\/11\/uv-icon.png 300w, https:\/\/www.reksan.com.tr\/wp-content\/uploads\/2024\/11\/uv-icon-150x150.png 150w\" sizes=\"auto, (max-width: 300px) 100vw, 300px\"><\/li><li class=\"isotope-item\"><img loading=\"lazy\" decoding=\"async\" width=\"300\" height=\"300\" src=\"https:\/\/www.reksan.com.tr\/wp-content\/uploads\/2024\/12\/nem-icon.png\" class=\"attachment-full\" alt=\"\" title=\"Hava Ko\u015fullar\u0131na Dayan\u0131kl\u0131l\u0131k\" srcset=\"https:\/\/www.reksan.com.tr\/wp-content\/uploads\/2024\/12\/nem-icon.png 300w, https:\/\/www.reksan.com.tr\/wp-content\/uploads\/2024\/12\/nem-icon-150x150.png 150w\" sizes=\"auto, (max-width: 300px) 100vw, 300px\"><\/li><li class=\"isotope-item\"><img loading=\"lazy\" decoding=\"async\" width=\"300\" height=\"300\" src=\"https:\/\/www.reksan.com.tr\/wp-content\/uploads\/2024\/11\/alev-icon.png\" class=\"attachment-full\" alt=\"\" title=\"Yanmay\u0131 Desteklemez\" srcset=\"https:\/\/www.reksan.com.tr\/wp-content\/uploads\/2024\/11\/alev-icon.png 300w, https:\/\/www.reksan.com.tr\/wp-content\/uploads\/2024\/11\/alev-icon-150x150.png 150w\" sizes=\"auto, (max-width: 300px) 100vw, 300px\"><\/li><li class=\"isotope-item\"><img loading=\"lazy\" decoding=\"async\" width=\"300\" height=\"300\" src=\"https:\/\/www.reksan.com.tr\/wp-content\/uploads\/2024\/11\/oil-icon.png\" class=\"attachment-full\" alt=\"\" title=\"Ya\u011fa Dayan\u0131kl\u0131\" srcset=\"https:\/\/www.reksan.com.tr\/wp-content\/uploads\/2024\/11\/oil-icon.png 300w, https:\/\/www.reksan.com.tr\/wp-content\/uploads\/2024\/11\/oil-icon-150x150.png 150w\" sizes=\"auto, (max-width: 300px) 100vw, 300px\"><\/li><li class=\"isotope-item\"><img loading=\"lazy\" decoding=\"async\" width=\"300\" height=\"300\" src=\"https:\/\/www.reksan.com.tr\/wp-content\/uploads\/2024\/12\/soguk-icon.png\" class=\"attachment-full\" alt=\"\" title=\"Dona Dayan\u0131kl\u0131\" srcset=\"https:\/\/www.reksan.com.tr\/wp-content\/uploads\/2024\/12\/soguk-icon.png 300w, https:\/\/www.reksan.com.tr\/wp-content\/uploads\/2024\/12\/soguk-icon-150x150.png 150w\" sizes=\"auto, (max-width: 300px) 100vw, 300px\"><\/li><li class=\"isotope-item\"><img loading=\"lazy\" decoding=\"async\" width=\"300\" height=\"300\" src=\"https:\/\/www.reksan.com.tr\/wp-content\/uploads\/2024\/11\/hf-icon.png\" class=\"attachment-full\" alt=\"\" title=\"Halojen \u0130\u00e7ermez\" srcset=\"https:\/\/www.reksan.com.tr\/wp-content\/uploads\/2024\/11\/hf-icon.png 300w, https:\/\/www.reksan.com.tr\/wp-content\/uploads\/2024\/11\/hf-icon-150x150.png 150w\" sizes=\"auto, (max-width: 300px) 100vw, 300px\"><\/li><li class=\"isotope-item\"><img loading=\"lazy\" decoding=\"async\" width=\"300\" height=\"300\" src=\"https:\/\/www.reksan.com.tr\/wp-content\/uploads\/2024\/12\/Geri-Dnusturulebilir.png\" class=\"attachment-full\" alt=\"\" title=\"Yeniden Kullan\u0131labilir\" srcset=\"https:\/\/www.reksan.com.tr\/wp-content\/uploads\/2024\/12\/Geri-Dnusturulebilir.png 300w, https:\/\/www.reksan.com.tr\/wp-content\/uploads\/2024\/12\/Geri-Dnusturulebilir-150x150.png 150w\" sizes=\"auto, (max-width: 300px) 100vw, 300px\"><\/li><li class=\"isotope-item\"><img loading=\"lazy\" decoding=\"async\" width=\"300\" height=\"300\" src=\"https:\/\/www.reksan.com.tr\/wp-content\/uploads\/2024\/12\/Hafif-Model.png\" class=\"attachment-full\" alt=\"\" title=\"Hafif Model\" srcset=\"https:\/\/www.reksan.com.tr\/wp-content\/uploads\/2024\/12\/Hafif-Model.png 300w, https:\/\/www.reksan.com.tr\/wp-content\/uploads\/2024\/12\/Hafif-Model-150x150.png 150w\" sizes=\"auto, (max-width: 300px) 100vw, 300px\"><\/li><li class=\"isotope-item\"><img loading=\"lazy\" decoding=\"async\" width=\"300\" height=\"300\" src=\"https:\/\/www.reksan.com.tr\/wp-content\/uploads\/2024\/12\/1-KWa-Kadar-Dielektik.png\" class=\"attachment-full\" alt=\"\" title=\"1 KW&#039;a Kadar Dielektik\" srcset=\"https:\/\/www.reksan.com.tr\/wp-content\/uploads\/2024\/12\/1-KWa-Kadar-Dielektik.png 300w, https:\/\/www.reksan.com.tr\/wp-content\/uploads\/2024\/12\/1-KWa-Kadar-Dielektik-150x150.png 150w\" sizes=\"auto, (max-width: 300px) 100vw, 300px\"><\/li><li class=\"isotope-item\"><img loading=\"lazy\" decoding=\"async\" width=\"300\" height=\"300\" src=\"https:\/\/www.reksan.com.tr\/wp-content\/uploads\/2024\/12\/neme-dayanikli.png\" class=\"attachment-full\" alt=\"\" title=\"Neme Dayan\u0131kl\u0131\" srcset=\"https:\/\/www.reksan.com.tr\/wp-content\/uploads\/2024\/12\/neme-dayanikli.png 300w, https:\/\/www.reksan.com.tr\/wp-content\/uploads\/2024\/12\/neme-dayanikli-150x150.png 150w\" sizes=\"auto, (max-width: 300px) 100vw, 300px\"><\/li><\/ul><\/div><\/div><\/div><\/div><\/div><\/div><\/div><div class=\"vc_row wpb_row vc_row-fluid\"><div class=\"wpb_column vc_column_container vc_col-sm-12\"><div class=\"vc_column-inner\"><div class=\"wpb_wrapper\"><div class=\"vc_separator wpb_content_element vc_separator_align_center vc_sep_width_100 vc_sep_pos_align_center vc_sep_color_grey urunozellikleri vc_separator-has-text\" ><span class=\"vc_sep_holder vc_sep_holder_l\"><span class=\"vc_sep_line\"><\/span><\/span><h4>\u062c\u062f\u0648\u0644 \u0627\u0644\u0645\u0642\u0627\u0633\u0627\u062a<\/h4><span class=\"vc_sep_holder vc_sep_holder_r\"><span class=\"vc_sep_line\"><\/span><\/span>\n<\/div>\n\t<div class=\"wpb_text_column wpb_content_element\" >\n\t\t<div class=\"wpb_wrapper\">\n\t\t\t\n<table id=\"tablepress-296\" class=\"tablepress tablepress-id-296 reksan11ns tbody-has-connected-cells\">\n<tbody class=\"row-striping row-hover\">\n<tr class=\"row-1\">\n\t<td rowspan=\"2\" class=\"column-1\">\u0627\u0644\u0631\u0645\u0632<\/td><td class=\"column-2\">\u0645\u0642\u0627\u0633<\/td><td colspan=\"3\" class=\"column-3\">\u00d6l\u00e7\u00fcler (inch)<\/td><td rowspan=\"2\" class=\"column-6\">\u0648\u0632\u0646<\/td>\n<\/tr>\n<tr class=\"row-2\">\n\t<td class=\"column-2\">(inch)<\/td><td class=\"column-3\">A<\/td><td class=\"column-4\">B<\/td><td class=\"column-5\">C<\/td>\n<\/tr>\n<tr class=\"row-3\">\n\t<td class=\"column-1\">RCB-050MG<\/td><td class=\"column-2\">\u00bd\u201d<\/td><td class=\"column-3\">1.039<\/td><td class=\"column-4\">0.500<\/td><td class=\"column-5\">0.547<\/td><td class=\"column-6\">30<\/td>\n<\/tr>\n<tr class=\"row-4\">\n\t<td class=\"column-1\">RCB-075MG<\/td><td class=\"column-2\">\u00be\u201d<\/td><td class=\"column-3\">1.268<\/td><td class=\"column-4\">0.500<\/td><td class=\"column-5\">0.732<\/td><td class=\"column-6\">35<\/td>\n<\/tr>\n<tr class=\"row-5\">\n\t<td class=\"column-1\">RCB-100MG<\/td><td class=\"column-2\">1\u201d<\/td><td class=\"column-3\">1.535<\/td><td class=\"column-4\">0.591<\/td><td class=\"column-5\">0.953<\/td><td class=\"column-6\">23<\/td>\n<\/tr>\n<tr class=\"row-6\">\n\t<td class=\"column-1\">RCB-125MG<\/td><td class=\"column-2\">1-\u00bc\u201d<\/td><td class=\"column-3\">1.866<\/td><td class=\"column-4\">0.606<\/td><td class=\"column-5\">1.323<\/td><td class=\"column-6\">26<\/td>\n<\/tr>\n<tr class=\"row-7\">\n\t<td class=\"column-1\">RCB-150MG<\/td><td class=\"column-2\">1-\u00bd\u201d<\/td><td class=\"column-3\">2.165<\/td><td class=\"column-4\">0.606<\/td><td class=\"column-5\">1.512<\/td><td class=\"column-6\">16<\/td>\n<\/tr>\n<tr class=\"row-8\">\n\t<td class=\"column-1\">RCB-200MG<\/td><td class=\"column-2\">2\u201d<\/td><td class=\"column-3\">2.665<\/td><td class=\"column-4\">0.591<\/td><td class=\"column-5\">1.890<\/td><td class=\"column-6\">21<\/td>\n<\/tr>\n<tr class=\"row-9\">\n\t<td class=\"column-1\">RCB-250MG<\/td><td class=\"column-2\">2-\u00bd\u201d<\/td><td class=\"column-3\">3.220<\/td><td class=\"column-4\">0.827<\/td><td class=\"column-5\">2.315<\/td><td class=\"column-6\">20<\/td>\n<\/tr>\n<tr class=\"row-10\">\n\t<td class=\"column-1\">RCB-300MG<\/td><td class=\"column-2\">3\u201d<\/td><td class=\"column-3\">3.850<\/td><td class=\"column-4\">0.827<\/td><td class=\"column-5\">2.917<\/td><td class=\"column-6\">29<\/td>\n<\/tr>\n<tr class=\"row-11\">\n\t<td class=\"column-1\">RCB-400MG<\/td><td class=\"column-2\">4\u201d<\/td><td class=\"column-3\">4.843<\/td><td class=\"column-4\">0.827<\/td><td class=\"column-5\">3.862<\/td><td class=\"column-6\">15<\/td>\n<\/tr>\n<tr class=\"row-12\">\n\t<td class=\"column-1\">RCB-500MG<\/td><td class=\"column-2\">5\u201d<\/td><td class=\"column-3\">-<\/td><td class=\"column-4\">-<\/td><td class=\"column-5\">-<\/td><td class=\"column-6\">25<\/td>\n<\/tr>\n<tr class=\"row-13\">\n\t<td class=\"column-1\">RCB-600MG<\/td><td class=\"column-2\">6\u201d<\/td><td class=\"column-3\">-<\/td><td class=\"column-4\">-<\/td><td class=\"column-5\">-<\/td><td class=\"column-6\">35<\/td>\n<\/tr>\n<tr class=\"row-14\">\n\t<td colspan=\"6\" class=\"column-1\"><span class=\"tolerans\">\u062c\u0645\u064a\u0639 \u0627\u0644\u0623\u0628\u0639\u0627\u062f \u0644\u0644\u0627\u0633\u062a\u0631\u0634\u0627\u062f \u0641\u0642\u0637. \u0627\u0644\u0633\u0645\u0627\u062d\u064a\u0627\u062a: \u00b1\u0665\u066a<\/span><\/td>\n<\/tr>\n<\/tbody>\n<\/table>\n<!-- #tablepress-296 from cache -->\n\n\t\t<\/div>\n\t<\/div>\n<\/div><\/div><\/div><\/div>\n<\/div>","protected":false},"excerpt":{"rendered":"<p>Topraklamal\u0131 Metal Bushing, IMC borular\u0131n sonland\u0131r\u0131lmas\u0131 ve topraklanmas\u0131 amac\u0131yla kullan\u0131lan bir ba\u011flant\u0131 par\u00e7as\u0131d\u0131r. UL 514 B, ANSI C80.1 ve WW-C-563 normlar\u0131na uygun olarak \u00fcretilmi\u015ftir. \u00c7elik, zamak ve al\u00fcminyum malzemelerden yap\u0131lm\u0131\u015f olup, s\u0131kmal\u0131 ve vidal\u0131 tasar\u0131m\u0131 ile g\u00fcvenli bir ba\u011flant\u0131 sa\u011flar. \u0130zoleli yap\u0131s\u0131 sayesinde elektrik tesisatlar\u0131nda g\u00fcvenli\u011fi art\u0131r\u0131r.<\/p>","protected":false},"featured_media":14909,"template":"","meta":[],"product_brand":[],"product_cat":[89],"product_tag":[],"class_list":{"0":"post-11794","1":"product","2":"type-product","3":"status-publish","4":"has-post-thumbnail","6":"product_cat-imc-disli-galvaniz-boru-aksesuarlari","8":"first","9":"instock","10":"taxable","11":"shipping-taxable","12":"purchasable","13":"product-type-simple"},"_links":{"self":[{"href":"https:\/\/www.reksan.com.tr\/ar\/wp-json\/wp\/v2\/product\/11794","targetHints":{"allow":["GET"]}}],"collection":[{"href":"https:\/\/www.reksan.com.tr\/ar\/wp-json\/wp\/v2\/product"}],"about":[{"href":"https:\/\/www.reksan.com.tr\/ar\/wp-json\/wp\/v2\/types\/product"}],"wp:featuredmedia":[{"embeddable":true,"href":"https:\/\/www.reksan.com.tr\/ar\/wp-json\/wp\/v2\/media\/14909"}],"wp:attachment":[{"href":"https:\/\/www.reksan.com.tr\/ar\/wp-json\/wp\/v2\/media?parent=11794"}],"wp:term":[{"taxonomy":"product_brand","embeddable":true,"href":"https:\/\/www.reksan.com.tr\/ar\/wp-json\/wp\/v2\/product_brand?post=11794"},{"taxonomy":"product_cat","embeddable":true,"href":"https:\/\/www.reksan.com.tr\/ar\/wp-json\/wp\/v2\/product_cat?post=11794"},{"taxonomy":"product_tag","embeddable":true,"href":"https:\/\/www.reksan.com.tr\/ar\/wp-json\/wp\/v2\/product_tag?post=11794"}],"curies":[{"name":"wp","href":"https:\/\/api.w.org\/{rel}","templated":true}]}}