{"id":11720,"date":"2024-10-05T21:33:23","date_gmt":"2024-10-05T21:33:23","guid":{"rendered":"https:\/\/www.reksan.com.tr\/?post_type=product&#038;p=11720"},"modified":"2025-01-06T21:50:42","modified_gmt":"2025-01-06T18:50:42","slug":"ll-tip-kondulet-emt-imc-rsc","status":"publish","type":"product","link":"https:\/\/www.reksan.com.tr\/ar\/ll-tip-kondulet-emt-imc-rsc\/","title":{"rendered":"LL Tip Kond\u00fclet &#8211; EMT\/IMC\/RSC"},"content":{"rendered":"<div class=\"wpb-content-wrapper\"><div class=\"vc_row wpb_row vc_row-fluid\"><div class=\"wpb_column vc_column_container vc_col-sm-12\"><div class=\"vc_column-inner\"><div class=\"wpb_wrapper\"><div class=\"vc_separator wpb_content_element vc_separator_align_center vc_sep_width_100 vc_sep_pos_align_center vc_sep_color_grey urunozellikleri vc_separator-has-text\" ><span class=\"vc_sep_holder vc_sep_holder_l\"><span class=\"vc_sep_line\"><\/span><\/span><h4>\u0627\u0644\u0645\u0648\u0627\u0635\u0641\u0627\u062a \u0627\u0644\u0641\u0646\u064a\u0629<\/h4><span class=\"vc_sep_holder vc_sep_holder_r\"><span class=\"vc_sep_line\"><\/span><\/span>\n<\/div>\n\t<div class=\"wpb_text_column wpb_content_element tobolum\" >\n\t\t<div class=\"wpb_wrapper\">\n\t\t\t\n<table id=\"tablepress-269\" class=\"tablepress tablepress-id-269 teknik\">\n<tbody class=\"row-striping row-hover\">\n<tr class=\"row-1\">\n\t<td class=\"column-1\">\u0628\u0648\u0644\u064a \u0623\u0645\u064a\u062f<\/td><td class=\"column-2\">AL D\u00f6k\u00fcm<\/td>\n<\/tr>\n<tr class=\"row-2\">\n\t<td class=\"column-1\">Normlar<\/td><td class=\"column-2\">UL 514A<br \/>\r\nCSA C22.2. No. 18.1-13<\/td>\n<\/tr>\n<tr class=\"row-3\">\n\t<td class=\"column-1\">\u00d6zellik<\/td><td class=\"column-2\">7042 Elektro Statik Boyal\u0131<br \/>\nVidal\u0131 ve Di\u015fli Ba\u011flant\u0131l\u0131, Contal\u0131 Kapakl\u0131<\/td>\n<\/tr>\n<tr class=\"row-4\">\n\t<td class=\"column-1\">Tip<\/td><td class=\"column-2\">LL<\/td>\n<\/tr>\n<tr class=\"row-5\">\n\t<td class=\"column-1\">\u0627\u0633\u062a\u062e\u062f\u0627\u0645<\/td><td class=\"column-2\">EMT\/IMC\/RSC Tesisatlar\u0131nda d\u00f6n\u00fc\u015f ve kablo ek eleman\u0131 olarak kullan\u0131l\u0131r.<\/td>\n<\/tr>\n<\/tbody>\n<\/table>\n<!-- #tablepress-269 from cache -->\n\n\t\t<\/div>\n\t<\/div>\n<div class=\"wpb_gallery wpb_content_element vc_clearfix\" id=\"isaretler\"><div class=\"wpb_wrapper\"><div class=\"wpb_gallery_slides wpb_image_grid\" data-interval=\"3\"><ul class=\"wpb_image_grid_ul\"><li class=\"isotope-item\"><img loading=\"lazy\" decoding=\"async\" width=\"300\" height=\"300\" src=\"https:\/\/www.reksan.com.tr\/wp-content\/uploads\/2024\/11\/uv-icon.png\" class=\"attachment-full\" alt=\"\" title=\"UV Direnci\" srcset=\"https:\/\/www.reksan.com.tr\/wp-content\/uploads\/2024\/11\/uv-icon.png 300w, https:\/\/www.reksan.com.tr\/wp-content\/uploads\/2024\/11\/uv-icon-150x150.png 150w\" sizes=\"auto, (max-width: 300px) 100vw, 300px\"><\/li><li class=\"isotope-item\"><img loading=\"lazy\" decoding=\"async\" width=\"300\" height=\"300\" src=\"https:\/\/www.reksan.com.tr\/wp-content\/uploads\/2024\/12\/nem-icon.png\" class=\"attachment-full\" alt=\"\" title=\"Hava Ko\u015fullar\u0131na Dayan\u0131kl\u0131l\u0131k\" srcset=\"https:\/\/www.reksan.com.tr\/wp-content\/uploads\/2024\/12\/nem-icon.png 300w, https:\/\/www.reksan.com.tr\/wp-content\/uploads\/2024\/12\/nem-icon-150x150.png 150w\" sizes=\"auto, (max-width: 300px) 100vw, 300px\"><\/li><li class=\"isotope-item\"><img loading=\"lazy\" decoding=\"async\" width=\"300\" height=\"300\" src=\"https:\/\/www.reksan.com.tr\/wp-content\/uploads\/2024\/11\/alev-icon.png\" class=\"attachment-full\" alt=\"\" title=\"Yanmay\u0131 Desteklemez\" srcset=\"https:\/\/www.reksan.com.tr\/wp-content\/uploads\/2024\/11\/alev-icon.png 300w, https:\/\/www.reksan.com.tr\/wp-content\/uploads\/2024\/11\/alev-icon-150x150.png 150w\" sizes=\"auto, (max-width: 300px) 100vw, 300px\"><\/li><li class=\"isotope-item\"><img loading=\"lazy\" decoding=\"async\" width=\"300\" height=\"300\" src=\"https:\/\/www.reksan.com.tr\/wp-content\/uploads\/2024\/11\/oil-icon.png\" class=\"attachment-full\" alt=\"\" title=\"Ya\u011fa Dayan\u0131kl\u0131\" srcset=\"https:\/\/www.reksan.com.tr\/wp-content\/uploads\/2024\/11\/oil-icon.png 300w, https:\/\/www.reksan.com.tr\/wp-content\/uploads\/2024\/11\/oil-icon-150x150.png 150w\" sizes=\"auto, (max-width: 300px) 100vw, 300px\"><\/li><li class=\"isotope-item\"><img loading=\"lazy\" decoding=\"async\" width=\"300\" height=\"300\" src=\"https:\/\/www.reksan.com.tr\/wp-content\/uploads\/2024\/12\/soguk-icon.png\" class=\"attachment-full\" alt=\"\" title=\"Dona Dayan\u0131kl\u0131\" srcset=\"https:\/\/www.reksan.com.tr\/wp-content\/uploads\/2024\/12\/soguk-icon.png 300w, https:\/\/www.reksan.com.tr\/wp-content\/uploads\/2024\/12\/soguk-icon-150x150.png 150w\" sizes=\"auto, (max-width: 300px) 100vw, 300px\"><\/li><li class=\"isotope-item\"><img loading=\"lazy\" decoding=\"async\" width=\"300\" height=\"300\" src=\"https:\/\/www.reksan.com.tr\/wp-content\/uploads\/2024\/11\/hf-icon.png\" class=\"attachment-full\" alt=\"\" title=\"Halojen \u0130\u00e7ermez\" srcset=\"https:\/\/www.reksan.com.tr\/wp-content\/uploads\/2024\/11\/hf-icon.png 300w, https:\/\/www.reksan.com.tr\/wp-content\/uploads\/2024\/11\/hf-icon-150x150.png 150w\" sizes=\"auto, (max-width: 300px) 100vw, 300px\"><\/li><li class=\"isotope-item\"><img loading=\"lazy\" decoding=\"async\" width=\"300\" height=\"300\" src=\"https:\/\/www.reksan.com.tr\/wp-content\/uploads\/2024\/12\/Geri-Dnusturulebilir.png\" class=\"attachment-full\" alt=\"\" title=\"Yeniden Kullan\u0131labilir\" srcset=\"https:\/\/www.reksan.com.tr\/wp-content\/uploads\/2024\/12\/Geri-Dnusturulebilir.png 300w, https:\/\/www.reksan.com.tr\/wp-content\/uploads\/2024\/12\/Geri-Dnusturulebilir-150x150.png 150w\" sizes=\"auto, (max-width: 300px) 100vw, 300px\"><\/li><li class=\"isotope-item\"><img loading=\"lazy\" decoding=\"async\" width=\"300\" height=\"300\" src=\"https:\/\/www.reksan.com.tr\/wp-content\/uploads\/2024\/12\/Hafif-Model.png\" class=\"attachment-full\" alt=\"\" title=\"Hafif Model\" srcset=\"https:\/\/www.reksan.com.tr\/wp-content\/uploads\/2024\/12\/Hafif-Model.png 300w, https:\/\/www.reksan.com.tr\/wp-content\/uploads\/2024\/12\/Hafif-Model-150x150.png 150w\" sizes=\"auto, (max-width: 300px) 100vw, 300px\"><\/li><li class=\"isotope-item\"><img loading=\"lazy\" decoding=\"async\" width=\"300\" height=\"300\" src=\"https:\/\/www.reksan.com.tr\/wp-content\/uploads\/2024\/12\/1-KWa-Kadar-Dielektik.png\" class=\"attachment-full\" alt=\"\" title=\"1 KW&#039;a Kadar Dielektik\" srcset=\"https:\/\/www.reksan.com.tr\/wp-content\/uploads\/2024\/12\/1-KWa-Kadar-Dielektik.png 300w, https:\/\/www.reksan.com.tr\/wp-content\/uploads\/2024\/12\/1-KWa-Kadar-Dielektik-150x150.png 150w\" sizes=\"auto, (max-width: 300px) 100vw, 300px\"><\/li><li class=\"isotope-item\"><img loading=\"lazy\" decoding=\"async\" width=\"300\" height=\"300\" src=\"https:\/\/www.reksan.com.tr\/wp-content\/uploads\/2024\/12\/neme-dayanikli.png\" class=\"attachment-full\" alt=\"\" title=\"Neme Dayan\u0131kl\u0131\" srcset=\"https:\/\/www.reksan.com.tr\/wp-content\/uploads\/2024\/12\/neme-dayanikli.png 300w, https:\/\/www.reksan.com.tr\/wp-content\/uploads\/2024\/12\/neme-dayanikli-150x150.png 150w\" sizes=\"auto, (max-width: 300px) 100vw, 300px\"><\/li><\/ul><\/div><\/div><\/div><\/div><\/div><\/div><\/div><div class=\"vc_row wpb_row vc_row-fluid\"><div class=\"wpb_column vc_column_container vc_col-sm-12\"><div class=\"vc_column-inner\"><div class=\"wpb_wrapper\"><div class=\"vc_separator wpb_content_element vc_separator_align_center vc_sep_width_100 vc_sep_pos_align_center vc_sep_color_grey urunozellikleri vc_separator-has-text\" ><span class=\"vc_sep_holder vc_sep_holder_l\"><span class=\"vc_sep_line\"><\/span><\/span><h4>\u062c\u062f\u0648\u0644 \u0627\u0644\u0645\u0642\u0627\u0633\u0627\u062a<\/h4><span class=\"vc_sep_holder vc_sep_holder_r\"><span class=\"vc_sep_line\"><\/span><\/span>\n<\/div>\n\t<div class=\"wpb_text_column wpb_content_element\" >\n\t\t<div class=\"wpb_wrapper\">\n\t\t\t\n<table id=\"tablepress-270\" class=\"tablepress tablepress-id-270 reksan11ns tbody-has-connected-cells\">\n<tbody class=\"row-striping row-hover\">\n<tr class=\"row-1\">\n\t<td rowspan=\"2\" class=\"column-1\">\u0627\u0644\u0631\u0645\u0632<\/td><td class=\"column-2\">\u0645\u0642\u0627\u0633<\/td><td colspan=\"5\" class=\"column-3\">\u00d6l\u00e7\u00fcler (inch)<\/td>\n<\/tr>\n<tr class=\"row-2\">\n\t<td class=\"column-2\">(inch)<\/td><td class=\"column-3\">A<\/td><td class=\"column-4\">B<\/td><td class=\"column-5\">C<\/td><td class=\"column-6\">D<\/td><td class=\"column-7\">E<\/td>\n<\/tr>\n<tr class=\"row-3\">\n\t<td class=\"column-1\">RLL-050<\/td><td class=\"column-2\">\u00bd\u201d<\/td><td class=\"column-3\">4.59<\/td><td class=\"column-4\">1.38<\/td><td class=\"column-5\">2.13<\/td><td class=\"column-6\">1.19<\/td><td class=\"column-7\">3.31<\/td>\n<\/tr>\n<tr class=\"row-4\">\n\t<td class=\"column-1\">RLL-075<\/td><td class=\"column-2\">\u00be\u201d<\/td><td class=\"column-3\">5.25<\/td><td class=\"column-4\">1.63<\/td><td class=\"column-5\">2.38<\/td><td class=\"column-6\">1.38<\/td><td class=\"column-7\">3.94<\/td>\n<\/tr>\n<tr class=\"row-5\">\n\t<td class=\"column-1\">RLL-100<\/td><td class=\"column-2\">1\u201d<\/td><td class=\"column-3\">6.09<\/td><td class=\"column-4\">1.88<\/td><td class=\"column-5\">2.63<\/td><td class=\"column-6\">1.50<\/td><td class=\"column-7\">4.56<\/td>\n<\/tr>\n<tr class=\"row-6\">\n\t<td class=\"column-1\">RLL-125<\/td><td class=\"column-2\">1-\u00bc\u201d<\/td><td class=\"column-3\">7.03<\/td><td class=\"column-4\">2.50<\/td><td class=\"column-5\">3.09<\/td><td class=\"column-6\">1.94<\/td><td class=\"column-7\">5.31<\/td>\n<\/tr>\n<tr class=\"row-7\">\n\t<td class=\"column-1\">RLL-150<\/td><td class=\"column-2\">1-\u00bd\u201d<\/td><td class=\"column-3\">7.75<\/td><td class=\"column-4\">2.75<\/td><td class=\"column-5\">3.44<\/td><td class=\"column-6\">2.25<\/td><td class=\"column-7\">6.00<\/td>\n<\/tr>\n<tr class=\"row-8\">\n\t<td class=\"column-1\">RLL-200<\/td><td class=\"column-2\">2\u201d<\/td><td class=\"column-3\">10.03<\/td><td class=\"column-4\">3.44<\/td><td class=\"column-5\">4.13<\/td><td class=\"column-6\">2.88<\/td><td class=\"column-7\">8.06<\/td>\n<\/tr>\n<tr class=\"row-9\">\n\t<td class=\"column-1\">RLL-250<\/td><td class=\"column-2\">2-\u00bd\u201d<\/td><td class=\"column-3\">13.95<\/td><td class=\"column-4\">4.44<\/td><td class=\"column-5\">6.69<\/td><td class=\"column-6\">4.25<\/td><td class=\"column-7\">10.88<\/td>\n<\/tr>\n<tr class=\"row-10\">\n\t<td class=\"column-1\">RLL-300<\/td><td class=\"column-2\">3\u201d<\/td><td class=\"column-3\">13.94<\/td><td class=\"column-4\">4.81<\/td><td class=\"column-5\">6.69<\/td><td class=\"column-6\">4.25<\/td><td class=\"column-7\">10.88<\/td>\n<\/tr>\n<tr class=\"row-11\">\n\t<td class=\"column-1\">RLL-400<\/td><td class=\"column-2\">4\u201d<\/td><td class=\"column-3\">16.88<\/td><td class=\"column-4\">5.94<\/td><td class=\"column-5\">8.13<\/td><td class=\"column-6\">5.44<\/td><td class=\"column-7\">13.44<\/td>\n<\/tr>\n<tr class=\"row-12\">\n\t<td colspan=\"7\" class=\"column-1\"><span class=\"tolerans\">\u062c\u0645\u064a\u0639 \u0627\u0644\u0623\u0628\u0639\u0627\u062f \u0644\u0644\u0627\u0633\u062a\u0631\u0634\u0627\u062f \u0641\u0642\u0637. \u0627\u0644\u0633\u0645\u0627\u062d\u064a\u0627\u062a: \u00b1\u0665\u066a<\/span><\/td>\n<\/tr>\n<\/tbody>\n<\/table>\n<!-- #tablepress-270 from cache -->\n\n\t\t<\/div>\n\t<\/div>\n<\/div><\/div><\/div><\/div>\n<\/div>","protected":false},"excerpt":{"rendered":"<p>LL Tip Kond\u00fcletler, EMT\/IMC\/RSC borulu tesisatlarda kablo \u00e7ekimi ve boru d\u00f6n\u00fc\u015flerinde kullan\u0131l\u0131r. UL 514 B, ANSI C80.1 ve WW-C-563 normlar\u0131na uygun olarak \u00fcretilmi\u015ftir. Al\u00fcminyum d\u00f6k\u00fcm malzeme ile dayan\u0131kl\u0131l\u0131\u011f\u0131 art\u0131r\u0131lm\u0131\u015ft\u0131r ve RAL 7042 elektrostatik boya ile kaplanm\u0131\u015ft\u0131r. Conta ve kapakl\u0131, di\u015fli ve vidal\u0131 giri\u015fli yap\u0131s\u0131yla pratik bir kullan\u0131m sunar.<\/p>","protected":false},"featured_media":11700,"template":"","meta":[],"product_brand":[],"product_cat":[89],"product_tag":[],"class_list":{"0":"post-11720","1":"product","2":"type-product","3":"status-publish","4":"has-post-thumbnail","6":"product_cat-imc-disli-galvaniz-boru-aksesuarlari","8":"first","9":"instock","10":"taxable","11":"shipping-taxable","12":"purchasable","13":"product-type-simple"},"_links":{"self":[{"href":"https:\/\/www.reksan.com.tr\/ar\/wp-json\/wp\/v2\/product\/11720","targetHints":{"allow":["GET"]}}],"collection":[{"href":"https:\/\/www.reksan.com.tr\/ar\/wp-json\/wp\/v2\/product"}],"about":[{"href":"https:\/\/www.reksan.com.tr\/ar\/wp-json\/wp\/v2\/types\/product"}],"wp:featuredmedia":[{"embeddable":true,"href":"https:\/\/www.reksan.com.tr\/ar\/wp-json\/wp\/v2\/media\/11700"}],"wp:attachment":[{"href":"https:\/\/www.reksan.com.tr\/ar\/wp-json\/wp\/v2\/media?parent=11720"}],"wp:term":[{"taxonomy":"product_brand","embeddable":true,"href":"https:\/\/www.reksan.com.tr\/ar\/wp-json\/wp\/v2\/product_brand?post=11720"},{"taxonomy":"product_cat","embeddable":true,"href":"https:\/\/www.reksan.com.tr\/ar\/wp-json\/wp\/v2\/product_cat?post=11720"},{"taxonomy":"product_tag","embeddable":true,"href":"https:\/\/www.reksan.com.tr\/ar\/wp-json\/wp\/v2\/product_tag?post=11720"}],"curies":[{"name":"wp","href":"https:\/\/api.w.org\/{rel}","templated":true}]}}