{"id":11156,"date":"2024-10-01T04:26:17","date_gmt":"2024-10-01T04:26:17","guid":{"rendered":"https:\/\/www.reksan.com.tr\/?post_type=product&#038;p=11156"},"modified":"2024-12-22T14:42:18","modified_gmt":"2024-12-22T11:42:18","slug":"ip-68-etanj-polyamid-exproof-kablo-rakoru","status":"publish","type":"product","link":"https:\/\/www.reksan.com.tr\/ar\/ip-68-etanj-polyamid-exproof-kablo-rakoru\/","title":{"rendered":"\u0648\u0635\u0644\u0627\u062a \u0627\u0644\u0643\u0627\u0628\u0644\u0627\u062a \u0627\u0644\u0645\u0636\u0627\u062f\u0629 \u0644\u0644\u0627\u0646\u0641\u062c\u0627\u0631 \u0645\u0646 \u0627\u0644\u0628\u0648\u0644\u064a \u0623\u0645\u064a\u062f \u0630\u0627\u062a \u0627\u0644\u0639\u0632\u0644 IP68"},"content":{"rendered":"<div class=\"wpb-content-wrapper\"><div class=\"vc_row wpb_row vc_row-fluid\"><div class=\"wpb_column vc_column_container vc_col-sm-12\"><div class=\"vc_column-inner\"><div class=\"wpb_wrapper\"><div class=\"vc_separator wpb_content_element vc_separator_align_center vc_sep_width_100 vc_sep_pos_align_center vc_sep_color_grey urunozellikleri vc_separator-has-text\" ><span class=\"vc_sep_holder vc_sep_holder_l\"><span class=\"vc_sep_line\"><\/span><\/span><h4>\u0627\u0644\u0645\u0648\u0627\u0635\u0641\u0627\u062a \u0627\u0644\u0641\u0646\u064a\u0629<\/h4><span class=\"vc_sep_holder vc_sep_holder_r\"><span class=\"vc_sep_line\"><\/span><\/span>\n<\/div>\n\t<div class=\"wpb_text_column wpb_content_element tobolum\" >\n\t\t<div class=\"wpb_wrapper\">\n\t\t\t\n<table id=\"tablepress-93\" class=\"tablepress tablepress-id-93 teknik\">\n<tbody class=\"row-striping row-hover\">\n<tr class=\"row-1\">\n\t<td class=\"column-1\">\u0628\u0648\u0644\u064a \u0623\u0645\u064a\u062f<\/td><td class=\"column-2\"><a target=\"_blank\" href=\"https:\/\/www.reksan.com.tr\/ar\/polyamid-pa-6\/\">\u0627\u0644\u0645\u0627\u062f\u0629 \u0627\u0644\u062e\u0627\u0645  PA 6 \u24d8<\/a><\/td>\n<\/tr>\n<tr class=\"row-2\">\n\t<td class=\"column-1\">\u0645\u0639\u0627\u064a\u064a\u0631 \u0627\u0644\u062e\u064a\u0648\u0637<\/td><td class=\"column-2\"><a target=\"_blank\" href=\"https:\/\/www.reksan.com.tr\/ar\/pg-din-46320-ve-pg-din-40430-karsilastirmasi\/\">PG DIN 46320  \u24d8<\/a><br \/>\n\u0645\u062a\u0631\u064a EN 60423<br \/>\nNPT ANSI B1.20.1<br \/>\nGAS ISO 228<\/td>\n<\/tr>\n<tr class=\"row-3\">\n\t<td class=\"column-1\">\u0627\u0644\u0625\u062d\u0643\u0627\u0645<\/td><td class=\"column-2\"><a target=\"_blank\" href=\"https:\/\/www.reksan.com.tr\/ar\/ip-kodlarinin-siniflari\/\">IP 68  \u24d8<\/a> - 5 \u0628\u0627\u0631\u060c 30 \u062f\u0642\u064a\u0642\u0629<\/td>\n<\/tr>\n<tr class=\"row-4\">\n\t<td class=\"column-1\">\u0645\u0642\u0627\u0648\u0645\u0629 \u0627\u0644\u062d\u0631\u0627\u0631\u0629<\/td><td class=\"column-2\">-40\u00b0 C +80\u00b0 C<\/td>\n<\/tr>\n<tr class=\"row-5\">\n\t<td class=\"column-1\">\u0627\u0644\u0644\u0648\u0646<\/td><td class=\"column-2\">RAL 9005 - \u0623\u0633\u0648\u062f<\/td>\n<\/tr>\n<tr class=\"row-6\">\n\t<td class=\"column-1\">\u0639\u0644\u0627\u0645\u0629<\/td><td class=\"column-2\"><span class=\"atexi\"><img decoding=\"async\" style=\"margin-top:3px;\" class=\"atexicon\" src=\"http:\/\/www.reksan.com.tr\/wp-content\/uploads\/2024\/12\/atex-icon.png\" alt=\"Atext\" \/><\/span><span style=\"    top: 12px;position:relative;\">ATEX<\/span><\/td>\n<\/tr>\n<tr class=\"row-7\">\n\t<td class=\"column-1\">\u062a\u0648\u062c\u064a\u0647<\/td><td class=\"column-2\">94\/9\/EC<\/td>\n<\/tr>\n<tr class=\"row-8\">\n\t<td class=\"column-1\">\u0627\u0633\u062a\u062e\u062f\u0627\u0645<\/td><td class=\"column-2\">\u064a\u0648\u0641\u0631 \u0639\u0632\u0644\u064b\u0627 \u0641\u064a \u0627\u0644\u0628\u064a\u0626\u0627\u062a \u0630\u0627\u062a \u0627\u062d\u062a\u0645\u0627\u0644\u064a\u0629 \u0627\u0646\u0641\u062c\u0627\u0631 \u0627\u0644\u063a\u0627\u0632\u0627\u062a \u0648\u0627\u0644\u0623\u062a\u0631\u0628\u0629. \u0645\u0635\u0645\u0645 \u0644\u0644\u0627\u0633\u062a\u062e\u062f\u0627\u0645 \u0645\u0639 \u0627\u0644\u0643\u0627\u0628\u0644\u0627\u062a \u063a\u064a\u0631 \u0627\u0644\u0645\u062f\u0631\u0639\u0629 \u0641\u064a \u0627\u0644\u062f\u0648\u0627\u0626\u0631 \u0627\u0644\u0622\u0645\u0646\u0629 \u062c\u0648\u0647\u0631\u064a\u064b\u0627.<\/td>\n<\/tr>\n<\/tbody>\n<\/table>\n<!-- #tablepress-93 from cache -->\n\n\t\t<\/div>\n\t<\/div>\n<div class=\"wpb_gallery wpb_content_element vc_clearfix\" id=\"isaretler\"><div class=\"wpb_wrapper\"><div class=\"wpb_gallery_slides wpb_image_grid\" data-interval=\"3\"><ul class=\"wpb_image_grid_ul\"><li class=\"isotope-item\"><img loading=\"lazy\" decoding=\"async\" width=\"300\" height=\"300\" src=\"https:\/\/www.reksan.com.tr\/wp-content\/uploads\/2024\/11\/uv-icon.png\" class=\"attachment-full\" alt=\"\" title=\"UV Direnci\" srcset=\"https:\/\/www.reksan.com.tr\/wp-content\/uploads\/2024\/11\/uv-icon.png 300w, https:\/\/www.reksan.com.tr\/wp-content\/uploads\/2024\/11\/uv-icon-150x150.png 150w\" sizes=\"auto, (max-width: 300px) 100vw, 300px\"><\/li><li class=\"isotope-item\"><img loading=\"lazy\" decoding=\"async\" width=\"300\" height=\"300\" src=\"https:\/\/www.reksan.com.tr\/wp-content\/uploads\/2024\/12\/nem-icon.png\" class=\"attachment-full\" alt=\"\" title=\"Hava Ko\u015fullar\u0131na Dayan\u0131kl\u0131l\u0131k\" srcset=\"https:\/\/www.reksan.com.tr\/wp-content\/uploads\/2024\/12\/nem-icon.png 300w, https:\/\/www.reksan.com.tr\/wp-content\/uploads\/2024\/12\/nem-icon-150x150.png 150w\" sizes=\"auto, (max-width: 300px) 100vw, 300px\"><\/li><li class=\"isotope-item\"><img loading=\"lazy\" decoding=\"async\" width=\"300\" height=\"300\" src=\"https:\/\/www.reksan.com.tr\/wp-content\/uploads\/2024\/11\/alev-icon.png\" class=\"attachment-full\" alt=\"\" title=\"Yanmay\u0131 Desteklemez\" srcset=\"https:\/\/www.reksan.com.tr\/wp-content\/uploads\/2024\/11\/alev-icon.png 300w, https:\/\/www.reksan.com.tr\/wp-content\/uploads\/2024\/11\/alev-icon-150x150.png 150w\" sizes=\"auto, (max-width: 300px) 100vw, 300px\"><\/li><li class=\"isotope-item\"><img loading=\"lazy\" decoding=\"async\" width=\"300\" height=\"300\" src=\"https:\/\/www.reksan.com.tr\/wp-content\/uploads\/2024\/11\/oil-icon.png\" class=\"attachment-full\" alt=\"\" title=\"Ya\u011fa Dayan\u0131kl\u0131\" srcset=\"https:\/\/www.reksan.com.tr\/wp-content\/uploads\/2024\/11\/oil-icon.png 300w, https:\/\/www.reksan.com.tr\/wp-content\/uploads\/2024\/11\/oil-icon-150x150.png 150w\" sizes=\"auto, (max-width: 300px) 100vw, 300px\"><\/li><li class=\"isotope-item\"><img loading=\"lazy\" decoding=\"async\" width=\"300\" height=\"300\" src=\"https:\/\/www.reksan.com.tr\/wp-content\/uploads\/2024\/12\/soguk-icon.png\" class=\"attachment-full\" alt=\"\" title=\"Dona Dayan\u0131kl\u0131\" srcset=\"https:\/\/www.reksan.com.tr\/wp-content\/uploads\/2024\/12\/soguk-icon.png 300w, https:\/\/www.reksan.com.tr\/wp-content\/uploads\/2024\/12\/soguk-icon-150x150.png 150w\" sizes=\"auto, (max-width: 300px) 100vw, 300px\"><\/li><li class=\"isotope-item\"><img loading=\"lazy\" decoding=\"async\" width=\"300\" height=\"300\" src=\"https:\/\/www.reksan.com.tr\/wp-content\/uploads\/2024\/11\/hf-icon.png\" class=\"attachment-full\" alt=\"\" title=\"Halojen \u0130\u00e7ermez\" srcset=\"https:\/\/www.reksan.com.tr\/wp-content\/uploads\/2024\/11\/hf-icon.png 300w, https:\/\/www.reksan.com.tr\/wp-content\/uploads\/2024\/11\/hf-icon-150x150.png 150w\" sizes=\"auto, (max-width: 300px) 100vw, 300px\"><\/li><li class=\"isotope-item\"><img loading=\"lazy\" decoding=\"async\" width=\"300\" height=\"300\" src=\"https:\/\/www.reksan.com.tr\/wp-content\/uploads\/2024\/12\/Geri-Dnusturulebilir.png\" class=\"attachment-full\" alt=\"\" title=\"Yeniden Kullan\u0131labilir\" srcset=\"https:\/\/www.reksan.com.tr\/wp-content\/uploads\/2024\/12\/Geri-Dnusturulebilir.png 300w, https:\/\/www.reksan.com.tr\/wp-content\/uploads\/2024\/12\/Geri-Dnusturulebilir-150x150.png 150w\" sizes=\"auto, (max-width: 300px) 100vw, 300px\"><\/li><li class=\"isotope-item\"><img loading=\"lazy\" decoding=\"async\" width=\"300\" height=\"300\" src=\"https:\/\/www.reksan.com.tr\/wp-content\/uploads\/2024\/12\/Hafif-Model.png\" class=\"attachment-full\" alt=\"\" title=\"Hafif Model\" srcset=\"https:\/\/www.reksan.com.tr\/wp-content\/uploads\/2024\/12\/Hafif-Model.png 300w, https:\/\/www.reksan.com.tr\/wp-content\/uploads\/2024\/12\/Hafif-Model-150x150.png 150w\" sizes=\"auto, (max-width: 300px) 100vw, 300px\"><\/li><li class=\"isotope-item\"><img loading=\"lazy\" decoding=\"async\" width=\"300\" height=\"300\" src=\"https:\/\/www.reksan.com.tr\/wp-content\/uploads\/2024\/12\/1-KWa-Kadar-Dielektik.png\" class=\"attachment-full\" alt=\"\" title=\"1 KW&#039;a Kadar Dielektik\" srcset=\"https:\/\/www.reksan.com.tr\/wp-content\/uploads\/2024\/12\/1-KWa-Kadar-Dielektik.png 300w, https:\/\/www.reksan.com.tr\/wp-content\/uploads\/2024\/12\/1-KWa-Kadar-Dielektik-150x150.png 150w\" sizes=\"auto, (max-width: 300px) 100vw, 300px\"><\/li><li class=\"isotope-item\"><img loading=\"lazy\" decoding=\"async\" width=\"300\" height=\"300\" src=\"https:\/\/www.reksan.com.tr\/wp-content\/uploads\/2024\/12\/neme-dayanikli.png\" class=\"attachment-full\" alt=\"\" title=\"Neme Dayan\u0131kl\u0131\" srcset=\"https:\/\/www.reksan.com.tr\/wp-content\/uploads\/2024\/12\/neme-dayanikli.png 300w, https:\/\/www.reksan.com.tr\/wp-content\/uploads\/2024\/12\/neme-dayanikli-150x150.png 150w\" sizes=\"auto, (max-width: 300px) 100vw, 300px\"><\/li><li class=\"isotope-item\"><img loading=\"lazy\" decoding=\"async\" width=\"300\" height=\"300\" src=\"https:\/\/www.reksan.com.tr\/wp-content\/uploads\/2024\/12\/ip-68-icon.png\" class=\"attachment-full\" alt=\"\" title=\"Koruma Derecesi IP68\" srcset=\"https:\/\/www.reksan.com.tr\/wp-content\/uploads\/2024\/12\/ip-68-icon.png 300w, https:\/\/www.reksan.com.tr\/wp-content\/uploads\/2024\/12\/ip-68-icon-150x150.png 150w\" sizes=\"auto, (max-width: 300px) 100vw, 300px\"><\/li><\/ul><\/div><\/div><\/div><\/div><\/div><\/div><\/div><div class=\"vc_row wpb_row vc_row-fluid\"><div class=\"wpb_column vc_column_container vc_col-sm-12\"><div class=\"vc_column-inner\"><div class=\"wpb_wrapper\"><div class=\"vc_separator wpb_content_element vc_separator_align_center vc_sep_width_100 vc_sep_pos_align_center vc_sep_color_grey urunozellikleri vc_separator-has-text\" ><span class=\"vc_sep_holder vc_sep_holder_l\"><span class=\"vc_sep_line\"><\/span><\/span><h4>\u062c\u062f\u0648\u0644 \u0627\u0644\u0645\u0642\u0627\u0633\u0627\u062a<\/h4><span class=\"vc_sep_holder vc_sep_holder_r\"><span class=\"vc_sep_line\"><\/span><\/span>\n<\/div>\n\t<div class=\"wpb_text_column wpb_content_element\" >\n\t\t<div class=\"wpb_wrapper\">\n\t\t\t\n<table id=\"tablepress-94\" class=\"tablepress tablepress-id-94 reksan21s tbody-has-connected-cells\">\n<tbody class=\"row-striping row-hover\">\n<tr class=\"row-1\">\n\t<td rowspan=\"2\" class=\"column-1\">\u0627\u0644\u0642\u064a\u0627\u0633 \u0627\u0644\u0627\u0633\u0645\u064a<\/td><td class=\"column-2\">RAL 9005<br \/>\n\u0623\u0633\u0648\u062f<\/td><td class=\"column-3\">\u0642\u0637\u0631 \u0627\u0644\u062a\u0631\u0643\u064a\u0628 \u00d8<br \/>\nC<\/td><td class=\"column-4\">\u0637\u0648\u0644 \u0627\u0644\u0642\u0644\u0627\u0648\u0648\u0638<br \/>\nD<\/td><td colspan=\"2\" class=\"column-5\">\u0642\u0637\u0631 \u0627\u0644\u0643\u0627\u0628\u0644 \u00d8<br \/>\nB<\/td>\n<\/tr>\n<tr class=\"row-2\">\n\t<td class=\"column-2\">\u0627\u0644\u0631\u0645\u0632<\/td><td class=\"column-3\">(mm)<\/td><td class=\"column-4\">(mm)<\/td><td class=\"column-5\">Min (mm)<\/td><td class=\"column-6\">Max (mm)<\/td>\n<\/tr>\n<tr class=\"row-3\">\n\t<td class=\"column-1\">M12x1,5<\/td><td class=\"column-2\">REP.12.012<\/td><td class=\"column-3\">12,0<\/td><td class=\"column-4\">10,0<\/td><td class=\"column-5\">3,0<\/td><td class=\"column-6\">6,5<\/td>\n<\/tr>\n<tr class=\"row-4\">\n\t<td class=\"column-1\">M16x1,5<\/td><td class=\"column-2\">REP.12.016<\/td><td class=\"column-3\">16,0<\/td><td class=\"column-4\">10,0<\/td><td class=\"column-5\">5,0<\/td><td class=\"column-6\">10,0<\/td>\n<\/tr>\n<tr class=\"row-5\">\n\t<td class=\"column-1\">M20x1,5ss<\/td><td class=\"column-2\">REP.12.020<\/td><td class=\"column-3\">20,0<\/td><td class=\"column-4\">10,0<\/td><td class=\"column-5\">4,5<\/td><td class=\"column-6\">10,0<\/td>\n<\/tr>\n<tr class=\"row-6\">\n\t<td class=\"column-1\">M20x1,5s<\/td><td class=\"column-2\">REP.12.021<\/td><td class=\"column-3\">20,0<\/td><td class=\"column-4\">10,0<\/td><td class=\"column-5\">6,0<\/td><td class=\"column-6\">12,0<\/td>\n<\/tr>\n<tr class=\"row-7\">\n\t<td class=\"column-1\">M20x1,5H<\/td><td class=\"column-2\">REP.12.022<\/td><td class=\"column-3\">20,0<\/td><td class=\"column-4\">15,0<\/td><td class=\"column-5\">6,0<\/td><td class=\"column-6\">12,0<\/td>\n<\/tr>\n<tr class=\"row-8\">\n\t<td class=\"column-1\">M20x1,5<\/td><td class=\"column-2\">REP.12.023<\/td><td class=\"column-3\">20,0<\/td><td class=\"column-4\">10,0<\/td><td class=\"column-5\">10,0<\/td><td class=\"column-6\">14,0<\/td>\n<\/tr>\n<tr class=\"row-9\">\n\t<td class=\"column-1\">M25x1,5<\/td><td class=\"column-2\">REP.12.024<\/td><td class=\"column-3\">20,0<\/td><td class=\"column-4\">15,0<\/td><td class=\"column-5\">10,0<\/td><td class=\"column-6\">14,0<\/td>\n<\/tr>\n<tr class=\"row-10\">\n\t<td class=\"column-1\">M25x1,5H<\/td><td class=\"column-2\">REP.12.025<\/td><td class=\"column-3\">25,0<\/td><td class=\"column-4\">10,0<\/td><td class=\"column-5\">13,0<\/td><td class=\"column-6\">18,0<\/td>\n<\/tr>\n<tr class=\"row-11\">\n\t<td class=\"column-1\">M25x1,5ss<\/td><td class=\"column-2\">REP.12.026<\/td><td class=\"column-3\">25,0<\/td><td class=\"column-4\">15,0<\/td><td class=\"column-5\">13,0<\/td><td class=\"column-6\">18,0<\/td>\n<\/tr>\n<tr class=\"row-12\">\n\t<td class=\"column-1\">M25x1,5ssH<\/td><td class=\"column-2\">REP.12.027<\/td><td class=\"column-3\">25,0<\/td><td class=\"column-4\">10,0<\/td><td class=\"column-5\">10,0<\/td><td class=\"column-6\">14,0<\/td>\n<\/tr>\n<tr class=\"row-13\">\n\t<td class=\"column-1\">M25x1,5s<\/td><td class=\"column-2\">REP.12.028<\/td><td class=\"column-3\">25,0<\/td><td class=\"column-4\">15,0<\/td><td class=\"column-5\">10,0<\/td><td class=\"column-6\">14,0<\/td>\n<\/tr>\n<tr class=\"row-14\">\n\t<td class=\"column-1\">M32x1,5<\/td><td class=\"column-2\">REP.12.029<\/td><td class=\"column-3\">25,0<\/td><td class=\"column-4\">10,0<\/td><td class=\"column-5\">11,0<\/td><td class=\"column-6\">17,0<\/td>\n<\/tr>\n<tr class=\"row-15\">\n\t<td class=\"column-1\">M32x1,5ss<\/td><td class=\"column-2\">REP.12.032<\/td><td class=\"column-3\">32,0<\/td><td class=\"column-4\">15,0<\/td><td class=\"column-5\">18,0<\/td><td class=\"column-6\">25,0<\/td>\n<\/tr>\n<tr class=\"row-16\">\n\t<td class=\"column-1\">M32x1,5s<\/td><td class=\"column-2\">REP.12.033<\/td><td class=\"column-3\">32,0<\/td><td class=\"column-4\">10,0<\/td><td class=\"column-5\">13,0<\/td><td class=\"column-6\">18,0<\/td>\n<\/tr>\n<tr class=\"row-17\">\n\t<td class=\"column-1\">M32x1,8<\/td><td class=\"column-2\">REP.12.034<\/td><td class=\"column-3\">32,0<\/td><td class=\"column-4\">10,0<\/td><td class=\"column-5\">15,0<\/td><td class=\"column-6\">21,0<\/td>\n<\/tr>\n<tr class=\"row-18\">\n\t<td class=\"column-1\">M40x1,5<\/td><td class=\"column-2\">REP.12.040<\/td><td class=\"column-3\">40,0<\/td><td class=\"column-4\">18,0<\/td><td class=\"column-5\">22,0<\/td><td class=\"column-6\">32,0<\/td>\n<\/tr>\n<tr class=\"row-19\">\n\t<td class=\"column-1\">M40x1,5s<\/td><td class=\"column-2\">REP.12.041<\/td><td class=\"column-3\">40,0<\/td><td class=\"column-4\">10,0<\/td><td class=\"column-5\">19,0<\/td><td class=\"column-6\">28,0<\/td>\n<\/tr>\n<tr class=\"row-20\">\n\t<td class=\"column-1\">M40x1,7sH<\/td><td class=\"column-2\">REP.12.042<\/td><td class=\"column-3\">40,0<\/td><td class=\"column-4\">15,0<\/td><td class=\"column-5\">19,0<\/td><td class=\"column-6\">28,0<\/td>\n<\/tr>\n<tr class=\"row-21\">\n\t<td class=\"column-1\">M50x1,5<\/td><td class=\"column-2\">REP.12.050<\/td><td class=\"column-3\">50,0<\/td><td class=\"column-4\">18,0<\/td><td class=\"column-5\">30,0<\/td><td class=\"column-6\">38,0<\/td>\n<\/tr>\n<tr class=\"row-22\">\n\t<td class=\"column-1\">M63x1,5<\/td><td class=\"column-2\">REP.12.063<\/td><td class=\"column-3\">63,0<\/td><td class=\"column-4\">18,0<\/td><td class=\"column-5\">34,0<\/td><td class=\"column-6\">44,0<\/td>\n<\/tr>\n<tr class=\"row-23\">\n\t<td colspan=\"6\" class=\"column-1\"><span class=\"tabloboslugu\">&nbsp;<\/span><\/td>\n<\/tr>\n<tr class=\"row-24\">\n\t<td class=\"column-1\">1\/2ss\"  NPT<\/td><td class=\"column-2\">REP.12.220<\/td><td class=\"column-3\">22,0<\/td><td class=\"column-4\">15,0<\/td><td class=\"column-5\">5,0<\/td><td class=\"column-6\">10,0<\/td>\n<\/tr>\n<tr class=\"row-25\">\n\t<td class=\"column-1\">1\/2\"s  NPT<\/td><td class=\"column-2\">REP.12.221<\/td><td class=\"column-3\">22,0<\/td><td class=\"column-4\">15,0<\/td><td class=\"column-5\">6,0<\/td><td class=\"column-6\">12,0<\/td>\n<\/tr>\n<tr class=\"row-26\">\n\t<td class=\"column-1\">1\/2\"  NPT<\/td><td class=\"column-2\">REP.12.222<\/td><td class=\"column-3\">22,0<\/td><td class=\"column-4\">15,0<\/td><td class=\"column-5\">10,0<\/td><td class=\"column-6\">14,0<\/td>\n<\/tr>\n<tr class=\"row-27\">\n\t<td class=\"column-1\">3\/4\"  NPT<\/td><td class=\"column-2\">REP.12.223<\/td><td class=\"column-3\">27,0<\/td><td class=\"column-4\">15,0<\/td><td class=\"column-5\">13,0<\/td><td class=\"column-6\">18,0<\/td>\n<\/tr>\n<tr class=\"row-28\">\n\t<td class=\"column-1\">1\"  NPT<\/td><td class=\"column-2\">REP.12.224<\/td><td class=\"column-3\">34,0<\/td><td class=\"column-4\">18,0<\/td><td class=\"column-5\">18,0<\/td><td class=\"column-6\">25,0<\/td>\n<\/tr>\n<tr class=\"row-29\">\n\t<td class=\"column-1\">1- 1\/4\"  NPT<\/td><td class=\"column-2\">REP.12.225<\/td><td class=\"column-3\">43,0<\/td><td class=\"column-4\">18,0<\/td><td class=\"column-5\">22,0<\/td><td class=\"column-6\">32,0<\/td>\n<\/tr>\n<tr class=\"row-30\">\n\t<td class=\"column-1\">1- 1\/2\"  NPT<\/td><td class=\"column-2\">REP.12.226<\/td><td class=\"column-3\">49,0<\/td><td class=\"column-4\">18,0<\/td><td class=\"column-5\">30,0<\/td><td class=\"column-6\">38,0<\/td>\n<\/tr>\n<tr class=\"row-31\">\n\t<td class=\"column-1\">2\"  NPT<\/td><td class=\"column-2\">REP.12.227<\/td><td class=\"column-3\">61,0<\/td><td class=\"column-4\">18,0<\/td><td class=\"column-5\">34,0<\/td><td class=\"column-6\">44,0<\/td>\n<\/tr>\n<tr class=\"row-32\">\n\t<td colspan=\"6\" class=\"column-1\"><span class=\"tabloboslugu\">&nbsp;<\/span><\/td>\n<\/tr>\n<tr class=\"row-33\">\n\t<td class=\"column-1\">PG-13,5<\/td><td class=\"column-2\">REP.12.413<\/td><td class=\"column-3\">20,5<\/td><td class=\"column-4\">10,0<\/td><td class=\"column-5\">6,0<\/td><td class=\"column-6\">12,0<\/td>\n<\/tr>\n<tr class=\"row-34\">\n\t<td class=\"column-1\">PG-16<\/td><td class=\"column-2\">REP.12.416<\/td><td class=\"column-3\">22,5<\/td><td class=\"column-4\">10,0<\/td><td class=\"column-5\">10,0<\/td><td class=\"column-6\">14,0<\/td>\n<\/tr>\n<tr class=\"row-35\">\n\t<td class=\"column-1\">PG-21<\/td><td class=\"column-2\">REP.12.421<\/td><td class=\"column-3\">28,5<\/td><td class=\"column-4\">11,0<\/td><td class=\"column-5\">13,0<\/td><td class=\"column-6\">18,0<\/td>\n<\/tr>\n<tr class=\"row-36\">\n\t<td class=\"column-1\">PG-29<\/td><td class=\"column-2\">REP.12.429<\/td><td class=\"column-3\">37,5<\/td><td class=\"column-4\">11,0<\/td><td class=\"column-5\">18,0<\/td><td class=\"column-6\">25,0<\/td>\n<\/tr>\n<tr class=\"row-37\">\n\t<td class=\"column-1\">PG-36<\/td><td class=\"column-2\">REP.12.436<\/td><td class=\"column-3\">47,0<\/td><td class=\"column-4\">13,0<\/td><td class=\"column-5\">22,0<\/td><td class=\"column-6\">32,0<\/td>\n<\/tr>\n<tr class=\"row-38\">\n\t<td class=\"column-1\">PG-42<\/td><td class=\"column-2\">REP.12.442<\/td><td class=\"column-3\">55,0<\/td><td class=\"column-4\">13,0<\/td><td class=\"column-5\">30,0<\/td><td class=\"column-6\">38,0<\/td>\n<\/tr>\n<tr class=\"row-39\">\n\t<td class=\"column-1\">PG-48<\/td><td class=\"column-2\">REP.12.448<\/td><td class=\"column-3\">60,0<\/td><td class=\"column-4\">14,0<\/td><td class=\"column-5\">34,0<\/td><td class=\"column-6\">44,0<\/td>\n<\/tr>\n<tr class=\"row-40\">\n\t<td colspan=\"6\" class=\"column-1\"><span class=\"tolerans\">\u062c\u0645\u064a\u0639 \u0627\u0644\u0623\u0628\u0639\u0627\u062f \u0644\u0644\u0627\u0633\u062a\u0631\u0634\u0627\u062f \u0641\u0642\u0637. \u0627\u0644\u0633\u0645\u0627\u062d\u064a\u0627\u062a: \u00b1\u0665\u066a<\/span><\/td>\n<\/tr>\n<\/tbody>\n<\/table>\n<!-- #tablepress-94 from cache -->\n\n\t\t<\/div>\n\t<\/div>\n<\/div><\/div><\/div><\/div>\n<\/div>","protected":false},"excerpt":{"rendered":"<p>\u062a\u062a\u0648\u0627\u0641\u0642 \u0648\u0635\u0644\u0629 \u0627\u0644\u0643\u0627\u0628\u0644\u0627\u062a \u0647\u0630\u0647 \u0630\u0627\u062a \u0627\u0644\u062a\u0635\u0646\u064a\u0641 IP68 \u0645\u0639 \u0645\u0639\u0627\u064a\u064a\u0631 \u0627\u0644\u062e\u064a\u0648\u0637 PG (DIN 46320)\u060c \u0627\u0644\u0645\u062a\u0631\u064a (EN 60423)\u060c NPT (ANSI B1.20.1) \u0648GAS (ISO 228). \u062a\u0648\u0641\u0631 \u0639\u0632\u0644\u064b\u0627 \u0636\u062f \u0627\u0644\u0645\u0627\u0621 (30 \u062f\u0642\u064a\u0642\u0629 \u062a\u062d\u062a \u0636\u063a\u0637 5 \u0628\u0627\u0631) \u0648\u062a\u0639\u0645\u0644 \u0628\u064a\u0646 -20\u00b0\u0645 \u0648+70\u00b0\u0645. \u0645\u0635\u0646\u0648\u0639\u0629 \u0628\u0627\u0644\u0644\u0648\u0646 \u0627\u0644\u0623\u0633\u0648\u062f (RAL 9005) \u0645\u0646 \u0645\u0627\u062f\u0629 \u0627\u0644\u0628\u0648\u0644\u064a \u0623\u0645\u064a\u062f PA 6\u060c \u0648\u062a\u0644\u0628\u064a \u0645\u062a\u0637\u0644\u0628\u0627\u062a ATEX \u0648\u0627\u0644\u062a\u0648\u062c\u064a\u0647 94\/9\/EC \u0644\u0644\u0627\u0633\u062a\u062e\u062f\u0627\u0645 \u0641\u064a \u0627\u0644\u0628\u064a\u0626\u0627\u062a \u0627\u0644\u0645\u0639\u0631\u0636\u0629 \u0644\u0627\u0646\u0641\u062c\u0627\u0631\u0627\u062a \u0627\u0644\u063a\u0627\u0632\u0627\u062a\/\u0627\u0644\u0623\u062a\u0631\u0628\u0629. \u062d\u0644 \u0645\u062b\u0627\u0644\u064a \u0644\u0644\u0643\u0627\u0628\u0644\u0627\u062a \u063a\u064a\u0631 \u0627\u0644\u0645\u062f\u0631\u0639\u0629 \u0641\u064a \u0627\u0644\u062f\u0648\u0627\u0626\u0631 \u0627\u0644\u0622\u0645\u0646\u0629 \u062c\u0648\u0647\u0631\u064a\u064b\u0627.<\/p>","protected":false},"featured_media":15425,"template":"","meta":[],"product_brand":[],"product_cat":[103],"product_tag":[],"class_list":{"0":"post-11156","1":"product","2":"type-product","3":"status-publish","4":"has-post-thumbnail","6":"product_cat-polyamid-exproof-kablo-rakorlari","8":"first","9":"instock","10":"taxable","11":"shipping-taxable","12":"purchasable","13":"product-type-simple"},"_links":{"self":[{"href":"https:\/\/www.reksan.com.tr\/ar\/wp-json\/wp\/v2\/product\/11156","targetHints":{"allow":["GET"]}}],"collection":[{"href":"https:\/\/www.reksan.com.tr\/ar\/wp-json\/wp\/v2\/product"}],"about":[{"href":"https:\/\/www.reksan.com.tr\/ar\/wp-json\/wp\/v2\/types\/product"}],"wp:featuredmedia":[{"embeddable":true,"href":"https:\/\/www.reksan.com.tr\/ar\/wp-json\/wp\/v2\/media\/15425"}],"wp:attachment":[{"href":"https:\/\/www.reksan.com.tr\/ar\/wp-json\/wp\/v2\/media?parent=11156"}],"wp:term":[{"taxonomy":"product_brand","embeddable":true,"href":"https:\/\/www.reksan.com.tr\/ar\/wp-json\/wp\/v2\/product_brand?post=11156"},{"taxonomy":"product_cat","embeddable":true,"href":"https:\/\/www.reksan.com.tr\/ar\/wp-json\/wp\/v2\/product_cat?post=11156"},{"taxonomy":"product_tag","embeddable":true,"href":"https:\/\/www.reksan.com.tr\/ar\/wp-json\/wp\/v2\/product_tag?post=11156"}],"curies":[{"name":"wp","href":"https:\/\/api.w.org\/{rel}","templated":true}]}}