{"id":10922,"date":"2024-09-25T08:40:37","date_gmt":"2024-09-25T08:40:37","guid":{"rendered":"https:\/\/www.reksan.com.tr\/?post_type=product&#038;p=10922"},"modified":"2025-01-05T14:42:56","modified_gmt":"2025-01-05T11:42:56","slug":"normal-seri-somunlu-kablo-rakoru","status":"publish","type":"product","link":"https:\/\/www.reksan.com.tr\/ar\/normal-seri-somunlu-kablo-rakoru\/","title":{"rendered":"\u0648\u0635\u0644\u0627\u062a \u0643\u0627\u0628\u0644\u0627\u062a \u0642\u064a\u0627\u0633\u064a\u0629 \u0628\u0635\u0627\u0645\u0648\u0644\u0629"},"content":{"rendered":"<div class=\"wpb-content-wrapper\"><div class=\"vc_row wpb_row vc_row-fluid\"><div class=\"wpb_column vc_column_container vc_col-sm-12\"><div class=\"vc_column-inner\"><div class=\"wpb_wrapper\"><div class=\"vc_separator wpb_content_element vc_separator_align_center vc_sep_width_100 vc_sep_pos_align_center vc_sep_color_grey urunozellikleri vc_separator-has-text\" ><span class=\"vc_sep_holder vc_sep_holder_l\"><span class=\"vc_sep_line\"><\/span><\/span><h4>\u0627\u0644\u0645\u0648\u0627\u0635\u0641\u0627\u062a \u0627\u0644\u0641\u0646\u064a\u0629<\/h4><span class=\"vc_sep_holder vc_sep_holder_r\"><span class=\"vc_sep_line\"><\/span><\/span>\n<\/div>\n\t<div class=\"wpb_text_column wpb_content_element tobolum\" >\n\t\t<div class=\"wpb_wrapper\">\n\t\t\t\n<table id=\"tablepress-25\" class=\"tablepress tablepress-id-25 teknik tbody-has-connected-cells\">\n<tbody class=\"row-striping row-hover\">\n<tr class=\"row-1\">\n\t<td class=\"column-1\">\u0628\u0648\u0644\u064a \u0623\u0645\u064a\u062f<\/td><td class=\"column-2\">\u0646\u062d\u0627\u0633 \u0623\u0635\u0641\u0631<br \/>\n<a target=\"_blank\" href=\"https:\/\/www.reksan.com.tr\/ar\/pirinc-ms58\/\">MS 58  \u24d8<\/a><br \/>\n<\/td><td class=\"column-3\">\u0646\u062d\u0627\u0633 - \u0645\u0637\u0644\u064a \u0628\u0627\u0644\u0646\u064a\u0643\u0644<br \/>\r\n<a target=\"_blank\" href=\"https:\/\/www.reksan.com.tr\/ar\/pirinc-ms58\/\">MS 58  \u24d8<\/a><br \/>\r\n<\/td><td class=\"column-4\">\u0641\u0648\u0644\u0627\u0630 \u0645\u0642\u0627\u0648\u0645 \u0644\u0644\u0635\u062f\u0623 <br \/>\r\n<a target=\"_blank\" href=\"https:\/\/www.reksan.com.tr\/ar\/paslanmaz-celik\/\">AISI304 (EN 1.4301)  \u24d8<\/a><br \/>\r\n<\/td>\n<\/tr>\n<tr class=\"row-2\">\n\t<td class=\"column-1\">\u0645\u0639\u0627\u064a\u064a\u0631 \u0627\u0644\u062e\u064a\u0648\u0637<\/td><td colspan=\"3\" class=\"column-2\"><a target=\"_blank\" href=\"https:\/\/www.reksan.com.tr\/ar\/dis-standartlari\/\">PG DIN 46320<\/a> | <a target=\"_blank\" href=\"https:\/\/www.reksan.com.tr\/ar\/dis-standartlari\/\">\u0645\u062a\u0631\u064a EN 60423<\/a> | <a target=\"_blank\" href=\"https:\/\/www.reksan.com.tr\/ar\/dis-standartlari\/\">NPT ANSI B1.20.1<\/a> | <a target=\"_blank\" href=\"https:\/\/www.reksan.com.tr\/ar\/dis-standartlari\/\">GAS ISO 228  \u24d8<\/a><\/td>\n<\/tr>\n<tr class=\"row-3\">\n\t<td class=\"column-1\">\u0627\u0644\u0625\u062d\u0643\u0627\u0645<\/td><td colspan=\"3\" class=\"column-2\"><a target=\"_blank\" href=\"https:\/\/www.reksan.com.tr\/ar\/ip-kodlarinin-siniflari\/\">IP 55, 56  \u24d8<\/a><\/td>\n<\/tr>\n<tr class=\"row-4\">\n\t<td class=\"column-1\">\u0645\u0642\u0627\u0648\u0645\u0629 \u0627\u0644\u062d\u0631\u0627\u0631\u0629\t<\/td><td colspan=\"3\" class=\"column-2\">-40\u00b0 C +80\u00b0 C<\/td>\n<\/tr>\n<tr class=\"row-5\">\n\t<td class=\"column-1\">\u0627\u0633\u062a\u062e\u062f\u0627\u0645<\/td><td colspan=\"3\" class=\"column-2\">\u0644\u0644\u0627\u0633\u062a\u062e\u062f\u0627\u0645 \u0645\u0639 \u0627\u0644\u0643\u0627\u0628\u0644\u0627\u062a<\/td>\n<\/tr>\n<tr class=\"row-6\">\n\t<td colspan=\"4\" class=\"column-1\"><span class=\"tolerans\">\u064a\u0645\u0643\u0646 \u0627\u0644\u062a\u0635\u0646\u064a\u0639 \u062d\u0633\u0628 \u0627\u0644\u0637\u0644\u0628 \u0645\u0646 \u0627\u0644\u0641\u0648\u0644\u0627\u0630 \u0627\u0644\u0645\u0642\u0627\u0648\u0645 \u0644\u0644\u0635\u062f\u0623 316 (\u0627\u0644\u0643\u0648\u062f \u0627\u0644\u0645\u062a\u0648\u0633\u0637 17) \u0623\u0648 316L (\u0627\u0644\u0643\u0648\u062f \u0627\u0644\u0645\u062a\u0648\u0633\u0637 27).<\/span><\/td>\n<\/tr>\n<\/tbody>\n<\/table>\n<!-- #tablepress-25 from cache -->\n\n\t\t<\/div>\n\t<\/div>\n<div class=\"wpb_gallery wpb_content_element vc_clearfix\" id=\"isaretler\"><div class=\"wpb_wrapper\"><div class=\"wpb_gallery_slides wpb_image_grid\" data-interval=\"3\"><ul class=\"wpb_image_grid_ul\"><li class=\"isotope-item\"><img loading=\"lazy\" decoding=\"async\" width=\"300\" height=\"300\" src=\"https:\/\/www.reksan.com.tr\/wp-content\/uploads\/2024\/11\/uv-icon.png\" class=\"attachment-full\" alt=\"\" title=\"UV Direnci\" srcset=\"https:\/\/www.reksan.com.tr\/wp-content\/uploads\/2024\/11\/uv-icon.png 300w, https:\/\/www.reksan.com.tr\/wp-content\/uploads\/2024\/11\/uv-icon-150x150.png 150w\" sizes=\"auto, (max-width: 300px) 100vw, 300px\"><\/li><li class=\"isotope-item\"><img loading=\"lazy\" decoding=\"async\" width=\"300\" height=\"300\" src=\"https:\/\/www.reksan.com.tr\/wp-content\/uploads\/2024\/12\/nem-icon.png\" class=\"attachment-full\" alt=\"\" title=\"Hava Ko\u015fullar\u0131na Dayan\u0131kl\u0131l\u0131k\" srcset=\"https:\/\/www.reksan.com.tr\/wp-content\/uploads\/2024\/12\/nem-icon.png 300w, https:\/\/www.reksan.com.tr\/wp-content\/uploads\/2024\/12\/nem-icon-150x150.png 150w\" sizes=\"auto, (max-width: 300px) 100vw, 300px\"><\/li><li class=\"isotope-item\"><img loading=\"lazy\" decoding=\"async\" width=\"300\" height=\"300\" src=\"https:\/\/www.reksan.com.tr\/wp-content\/uploads\/2024\/11\/alev-icon.png\" class=\"attachment-full\" alt=\"\" title=\"Yanmay\u0131 Desteklemez\" srcset=\"https:\/\/www.reksan.com.tr\/wp-content\/uploads\/2024\/11\/alev-icon.png 300w, https:\/\/www.reksan.com.tr\/wp-content\/uploads\/2024\/11\/alev-icon-150x150.png 150w\" sizes=\"auto, (max-width: 300px) 100vw, 300px\"><\/li><li class=\"isotope-item\"><img loading=\"lazy\" decoding=\"async\" width=\"300\" height=\"300\" src=\"https:\/\/www.reksan.com.tr\/wp-content\/uploads\/2024\/11\/oil-icon.png\" class=\"attachment-full\" alt=\"\" title=\"Ya\u011fa Dayan\u0131kl\u0131\" srcset=\"https:\/\/www.reksan.com.tr\/wp-content\/uploads\/2024\/11\/oil-icon.png 300w, https:\/\/www.reksan.com.tr\/wp-content\/uploads\/2024\/11\/oil-icon-150x150.png 150w\" sizes=\"auto, (max-width: 300px) 100vw, 300px\"><\/li><li class=\"isotope-item\"><img loading=\"lazy\" decoding=\"async\" width=\"300\" height=\"300\" src=\"https:\/\/www.reksan.com.tr\/wp-content\/uploads\/2024\/12\/soguk-icon.png\" class=\"attachment-full\" alt=\"\" title=\"Dona Dayan\u0131kl\u0131\" srcset=\"https:\/\/www.reksan.com.tr\/wp-content\/uploads\/2024\/12\/soguk-icon.png 300w, https:\/\/www.reksan.com.tr\/wp-content\/uploads\/2024\/12\/soguk-icon-150x150.png 150w\" sizes=\"auto, (max-width: 300px) 100vw, 300px\"><\/li><li class=\"isotope-item\"><img loading=\"lazy\" decoding=\"async\" width=\"300\" height=\"300\" src=\"https:\/\/www.reksan.com.tr\/wp-content\/uploads\/2024\/11\/hf-icon.png\" class=\"attachment-full\" alt=\"\" title=\"Halojen \u0130\u00e7ermez\" srcset=\"https:\/\/www.reksan.com.tr\/wp-content\/uploads\/2024\/11\/hf-icon.png 300w, https:\/\/www.reksan.com.tr\/wp-content\/uploads\/2024\/11\/hf-icon-150x150.png 150w\" sizes=\"auto, (max-width: 300px) 100vw, 300px\"><\/li><li class=\"isotope-item\"><img loading=\"lazy\" decoding=\"async\" width=\"300\" height=\"300\" src=\"https:\/\/www.reksan.com.tr\/wp-content\/uploads\/2024\/12\/Geri-Dnusturulebilir.png\" class=\"attachment-full\" alt=\"\" title=\"Yeniden Kullan\u0131labilir\" srcset=\"https:\/\/www.reksan.com.tr\/wp-content\/uploads\/2024\/12\/Geri-Dnusturulebilir.png 300w, https:\/\/www.reksan.com.tr\/wp-content\/uploads\/2024\/12\/Geri-Dnusturulebilir-150x150.png 150w\" sizes=\"auto, (max-width: 300px) 100vw, 300px\"><\/li><li class=\"isotope-item\"><img loading=\"lazy\" decoding=\"async\" width=\"300\" height=\"300\" src=\"https:\/\/www.reksan.com.tr\/wp-content\/uploads\/2024\/12\/Hafif-Model.png\" class=\"attachment-full\" alt=\"\" title=\"Hafif Model\" srcset=\"https:\/\/www.reksan.com.tr\/wp-content\/uploads\/2024\/12\/Hafif-Model.png 300w, https:\/\/www.reksan.com.tr\/wp-content\/uploads\/2024\/12\/Hafif-Model-150x150.png 150w\" sizes=\"auto, (max-width: 300px) 100vw, 300px\"><\/li><li class=\"isotope-item\"><img loading=\"lazy\" decoding=\"async\" width=\"300\" height=\"300\" src=\"https:\/\/www.reksan.com.tr\/wp-content\/uploads\/2024\/12\/1-KWa-Kadar-Dielektik.png\" class=\"attachment-full\" alt=\"\" title=\"1 KW&#039;a Kadar Dielektik\" srcset=\"https:\/\/www.reksan.com.tr\/wp-content\/uploads\/2024\/12\/1-KWa-Kadar-Dielektik.png 300w, https:\/\/www.reksan.com.tr\/wp-content\/uploads\/2024\/12\/1-KWa-Kadar-Dielektik-150x150.png 150w\" sizes=\"auto, (max-width: 300px) 100vw, 300px\"><\/li><li class=\"isotope-item\"><img loading=\"lazy\" decoding=\"async\" width=\"300\" height=\"300\" src=\"https:\/\/www.reksan.com.tr\/wp-content\/uploads\/2024\/12\/neme-dayanikli.png\" class=\"attachment-full\" alt=\"\" title=\"Neme Dayan\u0131kl\u0131\" srcset=\"https:\/\/www.reksan.com.tr\/wp-content\/uploads\/2024\/12\/neme-dayanikli.png 300w, https:\/\/www.reksan.com.tr\/wp-content\/uploads\/2024\/12\/neme-dayanikli-150x150.png 150w\" sizes=\"auto, (max-width: 300px) 100vw, 300px\"><\/li><li class=\"isotope-item\"><img loading=\"lazy\" decoding=\"async\" width=\"300\" height=\"300\" src=\"https:\/\/www.reksan.com.tr\/wp-content\/uploads\/2025\/01\/ip-55-icon.png\" class=\"attachment-full\" alt=\"\" title=\"IP 55\" srcset=\"https:\/\/www.reksan.com.tr\/wp-content\/uploads\/2025\/01\/ip-55-icon.png 300w, https:\/\/www.reksan.com.tr\/wp-content\/uploads\/2025\/01\/ip-55-icon-150x150.png 150w\" sizes=\"auto, (max-width: 300px) 100vw, 300px\"><\/li><li class=\"isotope-item\"><img loading=\"lazy\" decoding=\"async\" width=\"300\" height=\"300\" src=\"https:\/\/www.reksan.com.tr\/wp-content\/uploads\/2025\/01\/ip-56-icon.png\" class=\"attachment-full\" alt=\"\" title=\"IP 56\" srcset=\"https:\/\/www.reksan.com.tr\/wp-content\/uploads\/2025\/01\/ip-56-icon.png 300w, https:\/\/www.reksan.com.tr\/wp-content\/uploads\/2025\/01\/ip-56-icon-150x150.png 150w\" sizes=\"auto, (max-width: 300px) 100vw, 300px\"><\/li><\/ul><\/div><\/div><\/div><\/div><\/div><\/div><\/div><div class=\"vc_row wpb_row vc_row-fluid\"><div class=\"wpb_column vc_column_container vc_col-sm-12\"><div class=\"vc_column-inner\"><div class=\"wpb_wrapper\"><div class=\"vc_separator wpb_content_element vc_separator_align_center vc_sep_width_100 vc_sep_pos_align_center vc_sep_color_grey urunozellikleri vc_separator-has-text\" ><span class=\"vc_sep_holder vc_sep_holder_l\"><span class=\"vc_sep_line\"><\/span><\/span><h4>\u062c\u062f\u0648\u0644 \u0627\u0644\u0645\u0642\u0627\u0633\u0627\u062a<\/h4><span class=\"vc_sep_holder vc_sep_holder_r\"><span class=\"vc_sep_line\"><\/span><\/span>\n<\/div>\n\t<div class=\"wpb_text_column wpb_content_element\" >\n\t\t<div class=\"wpb_wrapper\">\n\t\t\t\n<table id=\"tablepress-26\" class=\"tablepress tablepress-id-26 reksan21s tbody-has-connected-cells\">\n<tbody class=\"row-striping row-hover\">\n<tr class=\"row-1\">\n\t<td rowspan=\"2\" class=\"column-1\">\u0627\u0644\u0642\u064a\u0627\u0633 \u0627\u0644\u0627\u0633\u0645\u064a<\/td><td class=\"column-2\">\u0646\u062d\u0627\u0633 \u0623\u0635\u0641\u0631<\/td><td class=\"column-3\">\u0645\u0637\u0644\u064a \u0628\u0627\u0644\u0646\u064a\u0643\u0644<\/td><td class=\"column-4\">\u0641\u0648\u0644\u0627\u0630 \u0645\u0642\u0627\u0648\u0645 \u0644\u0644\u0635\u062f\u0623<\/td><td class=\"column-5\">\u0642\u0637\u0631 \u0627\u0644\u062a\u0631\u0643\u064a\u0628 \u00d8<br \/>\nC<\/td><td class=\"column-6\">\u0637\u0648\u0644 \u0627\u0644\u0642\u0644\u0627\u0648\u0648\u0638 <br \/>\nD<\/td><td colspan=\"2\" class=\"column-7\">\u0642\u0637\u0631 \u0627\u0644\u0643\u0627\u0628\u0644 \u00d8<br \/>\nB<\/td>\n<\/tr>\n<tr class=\"row-2\">\n\t<td class=\"column-2\">\u0627\u0644\u0631\u0645\u0632<\/td><td class=\"column-3\">\u0627\u0644\u0631\u0645\u0632<\/td><td class=\"column-4\">\u0627\u0644\u0631\u0645\u0632<\/td><td class=\"column-5\">(mm)<\/td><td class=\"column-6\">(mm)<\/td><td class=\"column-7\">Min (mm)<\/td><td class=\"column-8\">Max (mm)<\/td>\n<\/tr>\n<tr class=\"row-3\">\n\t<td class=\"column-1\">PG-7<\/td><td class=\"column-2\">RNM.05.151<\/td><td class=\"column-3\">RNM.06.151<\/td><td class=\"column-4\">RNM.07.151<\/td><td class=\"column-5\">12,5<\/td><td class=\"column-6\">7,0<\/td><td class=\"column-7\">3,0<\/td><td class=\"column-8\">7,0<\/td>\n<\/tr>\n<tr class=\"row-4\">\n\t<td class=\"column-1\">PG-9<\/td><td class=\"column-2\">RNM.05.152<\/td><td class=\"column-3\">RNM.06.152<\/td><td class=\"column-4\">RNM.07.152<\/td><td class=\"column-5\">15,5<\/td><td class=\"column-6\">7,0<\/td><td class=\"column-7\">6,0<\/td><td class=\"column-8\">9,0<\/td>\n<\/tr>\n<tr class=\"row-5\">\n\t<td class=\"column-1\">PG-11<\/td><td class=\"column-2\">RNM.05.153<\/td><td class=\"column-3\">RNM.06.153<\/td><td class=\"column-4\">RNM.07.153<\/td><td class=\"column-5\">19,0<\/td><td class=\"column-6\">6,5<\/td><td class=\"column-7\">7,0<\/td><td class=\"column-8\">10,0<\/td>\n<\/tr>\n<tr class=\"row-6\">\n\t<td class=\"column-1\">PG-13,5<\/td><td class=\"column-2\">RNM.05.154<\/td><td class=\"column-3\">RNM.06.154<\/td><td class=\"column-4\">RNM.07.154<\/td><td class=\"column-5\">20,5<\/td><td class=\"column-6\">8,0<\/td><td class=\"column-7\">8,0<\/td><td class=\"column-8\">11,0<\/td>\n<\/tr>\n<tr class=\"row-7\">\n\t<td class=\"column-1\">PG-16s<\/td><td class=\"column-2\">RNM.05.155s<\/td><td class=\"column-3\">RNM.06.155s<\/td><td class=\"column-4\">RNM.07.155s<\/td><td class=\"column-5\">22,5<\/td><td class=\"column-6\">8,0<\/td><td class=\"column-7\">8,0<\/td><td class=\"column-8\">13,0<\/td>\n<\/tr>\n<tr class=\"row-8\">\n\t<td class=\"column-1\">PG-16<\/td><td class=\"column-2\">RNM.05.155<\/td><td class=\"column-3\">RNM.06.155<\/td><td class=\"column-4\">RNM.07.155<\/td><td class=\"column-5\">22,5<\/td><td class=\"column-6\">8,0<\/td><td class=\"column-7\">10,0<\/td><td class=\"column-8\">14,0<\/td>\n<\/tr>\n<tr class=\"row-9\">\n\t<td class=\"column-1\">PG-21<\/td><td class=\"column-2\">RNM.05.156<\/td><td class=\"column-3\">RNM.06.156<\/td><td class=\"column-4\">RNM.07.156<\/td><td class=\"column-5\">28,5<\/td><td class=\"column-6\">9,0<\/td><td class=\"column-7\">14,0<\/td><td class=\"column-8\">19,0<\/td>\n<\/tr>\n<tr class=\"row-10\">\n\t<td class=\"column-1\">PQ-25<\/td><td class=\"column-2\">RNM.05.157<\/td><td class=\"column-3\">RNM.06.157<\/td><td class=\"column-4\">RNM.07.157<\/td><td class=\"column-5\">32,0<\/td><td class=\"column-6\">10,0<\/td><td class=\"column-7\">18,0<\/td><td class=\"column-8\">24,0<\/td>\n<\/tr>\n<tr class=\"row-11\">\n\t<td class=\"column-1\">PG-29<\/td><td class=\"column-2\">RNM.05.158<\/td><td class=\"column-3\">RNM.06.158<\/td><td class=\"column-4\">RNM.07.158<\/td><td class=\"column-5\">37,5<\/td><td class=\"column-6\">10,0<\/td><td class=\"column-7\">23,0<\/td><td class=\"column-8\">28,0<\/td>\n<\/tr>\n<tr class=\"row-12\">\n\t<td class=\"column-1\">PG-36<\/td><td class=\"column-2\">RNM.05.159<\/td><td class=\"column-3\">RNM.06.159<\/td><td class=\"column-4\">RNM.07.159<\/td><td class=\"column-5\">47,0<\/td><td class=\"column-6\">12,0<\/td><td class=\"column-7\">28,0<\/td><td class=\"column-8\">34,0<\/td>\n<\/tr>\n<tr class=\"row-13\">\n\t<td class=\"column-1\">PG-42<\/td><td class=\"column-2\">RNM.05.160<\/td><td class=\"column-3\">RNM.06.160<\/td><td class=\"column-4\">RNM.07.160<\/td><td class=\"column-5\">55,0<\/td><td class=\"column-6\">14,0<\/td><td class=\"column-7\">35,0<\/td><td class=\"column-8\">41,0<\/td>\n<\/tr>\n<tr class=\"row-14\">\n\t<td class=\"column-1\">PG-48<\/td><td class=\"column-2\">RNM.05.161<\/td><td class=\"column-3\">RNM.06.161<\/td><td class=\"column-4\">RNM.07.161<\/td><td class=\"column-5\">60,0<\/td><td class=\"column-6\">14,0<\/td><td class=\"column-7\">38,0<\/td><td class=\"column-8\">44,0<\/td>\n<\/tr>\n<tr class=\"row-15\">\n\t<td class=\"column-1\">P\u00d8-55<\/td><td class=\"column-2\">RNM.05.162<\/td><td class=\"column-3\">RNM.06.162<\/td><td class=\"column-4\">RNM.07.162<\/td><td class=\"column-5\">65,0<\/td><td class=\"column-6\">14,0<\/td><td class=\"column-7\">43,0<\/td><td class=\"column-8\">48,0<\/td>\n<\/tr>\n<tr class=\"row-16\">\n\t<td class=\"column-1\">P\u00d8-60<\/td><td class=\"column-2\">RNM.05.163<\/td><td class=\"column-3\">RNM.06.163<\/td><td class=\"column-4\">RNM.07.163<\/td><td class=\"column-5\">70,0<\/td><td class=\"column-6\">18,0<\/td><td class=\"column-7\">47,0<\/td><td class=\"column-8\">54,0<\/td>\n<\/tr>\n<tr class=\"row-17\">\n\t<td class=\"column-1\">P\u00d8-70<\/td><td class=\"column-2\">RNM.05.164<\/td><td class=\"column-3\">RNM.06.164<\/td><td class=\"column-4\">RNM.07.164<\/td><td class=\"column-5\">80,0<\/td><td class=\"column-6\">20,0<\/td><td class=\"column-7\">55,0<\/td><td class=\"column-8\">63,0<\/td>\n<\/tr>\n<tr class=\"row-18\">\n\t<td class=\"column-1\">P\u00d8-80<\/td><td class=\"column-2\">RNM.05.165<\/td><td class=\"column-3\">RNM.06.165<\/td><td class=\"column-4\">RNM.07.165<\/td><td class=\"column-5\">90,0<\/td><td class=\"column-6\">20,0<\/td><td class=\"column-7\">64,0<\/td><td class=\"column-8\">72,0<\/td>\n<\/tr>\n<tr class=\"row-19\">\n\t<td class=\"column-1\">P\u00d8-90<\/td><td class=\"column-2\">RNM.05.166<\/td><td class=\"column-3\">RNM.06.166<\/td><td class=\"column-4\">RNM.07.166<\/td><td class=\"column-5\">100,0<\/td><td class=\"column-6\">20,0<\/td><td class=\"column-7\">74,0<\/td><td class=\"column-8\">82,0<\/td>\n<\/tr>\n<tr class=\"row-20\">\n\t<td class=\"column-1\">P\u00d8-100<\/td><td class=\"column-2\">RNM.05.167<\/td><td class=\"column-3\">RNM.06.167<\/td><td class=\"column-4\">RNM.07.167<\/td><td class=\"column-5\">110,0<\/td><td class=\"column-6\">21,0<\/td><td class=\"column-7\">85,0<\/td><td class=\"column-8\">91,0<\/td>\n<\/tr>\n<tr class=\"row-21\">\n\t<td class=\"column-1\">P\u00d8-125<\/td><td class=\"column-2\">RNM.05.168<\/td><td class=\"column-3\">RNM.06.168<\/td><td class=\"column-4\">RNM.07.168<\/td><td class=\"column-5\">135,0<\/td><td class=\"column-6\">22,0<\/td><td class=\"column-7\">92,0<\/td><td class=\"column-8\">109,0<\/td>\n<\/tr>\n<tr class=\"row-22\">\n\t<td class=\"column-1\">P\u00d8-150s<\/td><td class=\"column-2\">RNM.05.169<\/td><td class=\"column-3\">RNM.06.169<\/td><td class=\"column-4\">RNM.07.169<\/td><td class=\"column-5\">160,0<\/td><td class=\"column-6\">30,0<\/td><td class=\"column-7\">115,0<\/td><td class=\"column-8\">130,0<\/td>\n<\/tr>\n<tr class=\"row-23\">\n\t<td class=\"column-1\">P\u00d8-150<\/td><td class=\"column-2\">RNM.05.170<\/td><td class=\"column-3\">RNM.06.170<\/td><td class=\"column-4\">RNM.07.170<\/td><td class=\"column-5\">170,0<\/td><td class=\"column-6\">30,0<\/td><td class=\"column-7\">130,0<\/td><td class=\"column-8\">150,0<\/td>\n<\/tr>\n<tr class=\"row-24\">\n\t<td colspan=\"8\" class=\"column-1\"><span class=\"tolerans\">\u062c\u0645\u064a\u0639 \u0627\u0644\u0623\u0628\u0639\u0627\u062f \u0644\u0644\u0627\u0633\u062a\u0631\u0634\u0627\u062f \u0641\u0642\u0637. \u0627\u0644\u0633\u0645\u0627\u062d\u064a\u0627\u062a: \u00b1\u0665\u066a<\/span><\/td>\n<\/tr>\n<\/tbody>\n<\/table>\n<!-- #tablepress-26 from cache -->\n\n\t\t<\/div>\n\t<\/div>\n<\/div><\/div><\/div><\/div>\n<\/div>","protected":false},"excerpt":{"rendered":"<p>\u062a\u0642\u062f\u0645 \u0647\u0630\u0647 \u0627\u0644\u0648\u0635\u0644\u0629 \u062d\u0644\u0627\u064b \u0645\u0648\u062b\u0648\u0642\u064b\u0627 \u0644\u0644\u0643\u0627\u0628\u0644\u0627\u062a \u0627\u0644\u0642\u064a\u0627\u0633\u064a\u0629\u060c \u0645\u062a\u0648\u0641\u0631\u0629 \u0628\u0646\u062d\u0627\u0633 \u0623\u0635\u0641\u0631 (MS 58) \u0623\u0648 \u0641\u0648\u0644\u0627\u0630 \u0645\u0642\u0627\u0648\u0645 \u0644\u0644\u0635\u062f\u0623. \u0643\u0644\u0627 \u0627\u0644\u0646\u0633\u062e\u062a\u064a\u0646 \u0645\u062a\u0648\u0627\u0641\u0642\u062a\u0627\u0646 \u0645\u0639 \u0645\u0639\u0627\u064a\u064a\u0631 \u0627\u0644\u062e\u064a\u0648\u0637 PG DIN 46320\u060c \u0645\u062a\u0631\u064a EN 60423\u060c NPT ANSI B1.20.1 \u0648GAS ISO 228\u060c \u0628\u062f\u0631\u062c\u0629 \u062d\u0645\u0627\u064a\u0629 IP55 \u0625\u0644\u0649 IP56. \u0627\u0644\u0646\u0633\u062e\u0629 \u0627\u0644\u0646\u062d\u0627\u0633\u064a\u0629 \u062a\u0639\u0645\u0644 \u0645\u0646 -40\u00b0C \u0625\u0644\u0649 +80\u00b0C \u0645\u0639 \u0645\u0642\u0627\u0648\u0645\u0629 \u0627\u0644\u062a\u0622\u0643\u0644\u060c \u0628\u064a\u0646\u0645\u0627 \u062a\u062d\u0627\u0641\u0638 \u0627\u0644\u0646\u0633\u062e\u0629 \u0627\u0644\u0641\u0648\u0644\u0627\u0630\u064a\u0629 (\u062f\u0631\u062c\u0627\u062a 303\u060c 304\u060c 316 \u0648316L) \u0639\u0644\u0649 \u0646\u0641\u0633 \u0627\u0644\u0645\u062f\u0649 \u0627\u0644\u062d\u0631\u0627\u0631\u064a. \u0643\u0644\u0627 \u0627\u0644\u0646\u0648\u0639\u064a\u0646 \u064a\u0636\u0645\u0646\u0627\u0646 \u0623\u062f\u0627\u0621\u064b \u0645\u062a\u064a\u0646\u064b\u0627.<\/p>","protected":false},"featured_media":14116,"template":"","meta":[],"product_brand":[],"product_cat":[120],"product_tag":[],"class_list":{"0":"post-10922","1":"product","2":"type-product","3":"status-publish","4":"has-post-thumbnail","6":"product_cat-metal-rakorlar","8":"first","9":"instock","10":"taxable","11":"shipping-taxable","12":"purchasable","13":"product-type-simple"},"_links":{"self":[{"href":"https:\/\/www.reksan.com.tr\/ar\/wp-json\/wp\/v2\/product\/10922","targetHints":{"allow":["GET"]}}],"collection":[{"href":"https:\/\/www.reksan.com.tr\/ar\/wp-json\/wp\/v2\/product"}],"about":[{"href":"https:\/\/www.reksan.com.tr\/ar\/wp-json\/wp\/v2\/types\/product"}],"wp:featuredmedia":[{"embeddable":true,"href":"https:\/\/www.reksan.com.tr\/ar\/wp-json\/wp\/v2\/media\/14116"}],"wp:attachment":[{"href":"https:\/\/www.reksan.com.tr\/ar\/wp-json\/wp\/v2\/media?parent=10922"}],"wp:term":[{"taxonomy":"product_brand","embeddable":true,"href":"https:\/\/www.reksan.com.tr\/ar\/wp-json\/wp\/v2\/product_brand?post=10922"},{"taxonomy":"product_cat","embeddable":true,"href":"https:\/\/www.reksan.com.tr\/ar\/wp-json\/wp\/v2\/product_cat?post=10922"},{"taxonomy":"product_tag","embeddable":true,"href":"https:\/\/www.reksan.com.tr\/ar\/wp-json\/wp\/v2\/product_tag?post=10922"}],"curies":[{"name":"wp","href":"https:\/\/api.w.org\/{rel}","templated":true}]}}