{"id":10828,"date":"2024-09-22T11:05:46","date_gmt":"2024-09-22T11:05:46","guid":{"rendered":"https:\/\/www.reksan.com.tr\/?post_type=product&#038;p=10828"},"modified":"2025-01-07T21:00:22","modified_gmt":"2025-01-07T18:00:22","slug":"caretta-bigayt-armatur","status":"publish","type":"product","link":"https:\/\/www.reksan.com.tr\/ar\/caretta-bigayt-armatur\/","title":{"rendered":"Caretta Bigayt Armat\u00fcr"},"content":{"rendered":"<div class=\"wpb-content-wrapper\"><div class=\"vc_row wpb_row vc_row-fluid\"><div class=\"wpb_column vc_column_container vc_col-sm-12\"><div class=\"vc_column-inner\"><div class=\"wpb_wrapper\"><div class=\"vc_separator wpb_content_element vc_separator_align_center vc_sep_width_100 vc_sep_pos_align_center vc_sep_color_grey urunozellikleri vc_separator-has-text\" ><span class=\"vc_sep_holder vc_sep_holder_l\"><span class=\"vc_sep_line\"><\/span><\/span><h4>\u0627\u0644\u0645\u0648\u0627\u0635\u0641\u0627\u062a \u0627\u0644\u0641\u0646\u064a\u0629<\/h4><span class=\"vc_sep_holder vc_sep_holder_r\"><span class=\"vc_sep_line\"><\/span><\/span>\n<\/div>\n\t<div class=\"wpb_text_column wpb_content_element tobolum\" >\n\t\t<div class=\"wpb_wrapper\">\n\t\t\t\n<table id=\"tablepress-9\" class=\"tablepress tablepress-id-9 teknik tbody-has-connected-cells\">\n<tbody class=\"row-striping row-hover\">\n<tr class=\"row-1\">\n\t<td class=\"column-1\">\u0628\u0648\u0644\u064a \u0623\u0645\u064a\u062f<\/td><td class=\"column-2\">\u0646\u062d\u0627\u0633 \u0623\u0635\u0641\u0631<br \/>\n<a target=\"_blank\" href=\"https:\/\/www.reksan.com.tr\/ar\/pirinc-ms58\/\">MS 58  \u24d8<\/a><br \/>\n<\/td><td class=\"column-3\">Al\u00fcm\u00fcnyum<br \/>\n<a target=\"_blank\" href=\"https:\/\/www.reksan.com.tr\/ar\/aluminyumun-caretta-buat-sistemleri\/\">(Al)  \u24d8<\/a><\/td>\n<\/tr>\n<tr class=\"row-2\">\n\t<td class=\"column-1\">Standart<\/td><td colspan=\"2\" class=\"column-2\"><a target=\"_blank\" href=\"https:\/\/www.reksan.com.tr\/ar\/din-89267-ve-din-89250-nedir\/\">DIN 89267  \u24d8<\/a><\/td>\n<\/tr>\n<tr class=\"row-3\">\n\t<td class=\"column-1\">\u0627\u0644\u0625\u062d\u0643\u0627\u0645<\/td><td colspan=\"2\" class=\"column-2\"><a target=\"_blank\" href=\"https:\/\/www.reksan.com.tr\/ar\/ip-kodlarinin-siniflari\/\">IP 56   \u24d8<\/a><\/td>\n<\/tr>\n<tr class=\"row-4\">\n\t<td class=\"column-1\">\u0645\u0642\u0627\u0648\u0645\u0629 \u0627\u0644\u062d\u0631\u0627\u0631\u0629<\/td><td colspan=\"2\" class=\"column-2\">-40\u00b0 C +80\u00b0 C<\/td>\n<\/tr>\n<tr class=\"row-5\">\n\t<td class=\"column-1\">Voltaj<\/td><td colspan=\"2\" class=\"column-2\">220 volt<\/td>\n<\/tr>\n<tr class=\"row-6\">\n\t<td class=\"column-1\">Kontak Kapasitesi<\/td><td colspan=\"2\" class=\"column-2\">16 A<\/td>\n<\/tr>\n<tr class=\"row-7\">\n\t<td class=\"column-1\">Kontak Say\u0131s\u0131<\/td><td colspan=\"2\" class=\"column-2\">2 Faz + 1Mp<\/td>\n<\/tr>\n<tr class=\"row-8\">\n\t<td class=\"column-1\">\u0627\u0633\u062a\u062e\u062f\u0627\u0645<\/td><td colspan=\"2\" class=\"column-2\">A\u011f\u0131r hizmet, gemi ve otantik ortamlarda tercih edilir.<\/td>\n<\/tr>\n<tr class=\"row-9\">\n\t<td class=\"column-1\">\u00d6zellik<\/td><td colspan=\"2\" class=\"column-2\">S\u0131zd\u0131rmazl\u0131k contalar\u0131 petrol \u00fcr\u00fcnlerine, tuzlu suya, \u0131s\u0131ya ve ozona dayan\u0131kl\u0131d\u0131r.<\/td>\n<\/tr>\n<\/tbody>\n<\/table>\n\n\n\t\t<\/div>\n\t<\/div>\n<div class=\"wpb_gallery wpb_content_element vc_clearfix\" id=\"isaretler\"><div class=\"wpb_wrapper\"><div class=\"wpb_gallery_slides wpb_image_grid\" data-interval=\"3\"><ul class=\"wpb_image_grid_ul\"><li class=\"isotope-item\"><img loading=\"lazy\" decoding=\"async\" width=\"300\" height=\"300\" src=\"https:\/\/www.reksan.com.tr\/wp-content\/uploads\/2024\/11\/uv-icon.png\" class=\"attachment-full\" alt=\"\" title=\"UV Direnci\" srcset=\"https:\/\/www.reksan.com.tr\/wp-content\/uploads\/2024\/11\/uv-icon.png 300w, https:\/\/www.reksan.com.tr\/wp-content\/uploads\/2024\/11\/uv-icon-150x150.png 150w\" sizes=\"auto, (max-width: 300px) 100vw, 300px\"><\/li><li class=\"isotope-item\"><img loading=\"lazy\" decoding=\"async\" width=\"300\" height=\"300\" src=\"https:\/\/www.reksan.com.tr\/wp-content\/uploads\/2024\/12\/nem-icon.png\" class=\"attachment-full\" alt=\"\" title=\"Hava Ko\u015fullar\u0131na Dayan\u0131kl\u0131l\u0131k\" srcset=\"https:\/\/www.reksan.com.tr\/wp-content\/uploads\/2024\/12\/nem-icon.png 300w, https:\/\/www.reksan.com.tr\/wp-content\/uploads\/2024\/12\/nem-icon-150x150.png 150w\" sizes=\"auto, (max-width: 300px) 100vw, 300px\"><\/li><li class=\"isotope-item\"><img loading=\"lazy\" decoding=\"async\" width=\"300\" height=\"300\" src=\"https:\/\/www.reksan.com.tr\/wp-content\/uploads\/2024\/11\/alev-icon.png\" class=\"attachment-full\" alt=\"\" title=\"Yanmay\u0131 Desteklemez\" srcset=\"https:\/\/www.reksan.com.tr\/wp-content\/uploads\/2024\/11\/alev-icon.png 300w, https:\/\/www.reksan.com.tr\/wp-content\/uploads\/2024\/11\/alev-icon-150x150.png 150w\" sizes=\"auto, (max-width: 300px) 100vw, 300px\"><\/li><li class=\"isotope-item\"><img loading=\"lazy\" decoding=\"async\" width=\"300\" height=\"300\" src=\"https:\/\/www.reksan.com.tr\/wp-content\/uploads\/2024\/11\/oil-icon.png\" class=\"attachment-full\" alt=\"\" title=\"Ya\u011fa Dayan\u0131kl\u0131\" srcset=\"https:\/\/www.reksan.com.tr\/wp-content\/uploads\/2024\/11\/oil-icon.png 300w, https:\/\/www.reksan.com.tr\/wp-content\/uploads\/2024\/11\/oil-icon-150x150.png 150w\" sizes=\"auto, (max-width: 300px) 100vw, 300px\"><\/li><li class=\"isotope-item\"><img loading=\"lazy\" decoding=\"async\" width=\"300\" height=\"300\" src=\"https:\/\/www.reksan.com.tr\/wp-content\/uploads\/2024\/12\/soguk-icon.png\" class=\"attachment-full\" alt=\"\" title=\"Dona Dayan\u0131kl\u0131\" srcset=\"https:\/\/www.reksan.com.tr\/wp-content\/uploads\/2024\/12\/soguk-icon.png 300w, https:\/\/www.reksan.com.tr\/wp-content\/uploads\/2024\/12\/soguk-icon-150x150.png 150w\" sizes=\"auto, (max-width: 300px) 100vw, 300px\"><\/li><li class=\"isotope-item\"><img loading=\"lazy\" decoding=\"async\" width=\"300\" height=\"300\" src=\"https:\/\/www.reksan.com.tr\/wp-content\/uploads\/2024\/11\/hf-icon.png\" class=\"attachment-full\" alt=\"\" title=\"Halojen \u0130\u00e7ermez\" srcset=\"https:\/\/www.reksan.com.tr\/wp-content\/uploads\/2024\/11\/hf-icon.png 300w, https:\/\/www.reksan.com.tr\/wp-content\/uploads\/2024\/11\/hf-icon-150x150.png 150w\" sizes=\"auto, (max-width: 300px) 100vw, 300px\"><\/li><li class=\"isotope-item\"><img loading=\"lazy\" decoding=\"async\" width=\"300\" height=\"300\" src=\"https:\/\/www.reksan.com.tr\/wp-content\/uploads\/2024\/12\/Geri-Dnusturulebilir.png\" class=\"attachment-full\" alt=\"\" title=\"Yeniden Kullan\u0131labilir\" srcset=\"https:\/\/www.reksan.com.tr\/wp-content\/uploads\/2024\/12\/Geri-Dnusturulebilir.png 300w, https:\/\/www.reksan.com.tr\/wp-content\/uploads\/2024\/12\/Geri-Dnusturulebilir-150x150.png 150w\" sizes=\"auto, (max-width: 300px) 100vw, 300px\"><\/li><li class=\"isotope-item\"><img loading=\"lazy\" decoding=\"async\" width=\"300\" height=\"300\" src=\"https:\/\/www.reksan.com.tr\/wp-content\/uploads\/2024\/12\/Hafif-Model.png\" class=\"attachment-full\" alt=\"\" title=\"Hafif Model\" srcset=\"https:\/\/www.reksan.com.tr\/wp-content\/uploads\/2024\/12\/Hafif-Model.png 300w, https:\/\/www.reksan.com.tr\/wp-content\/uploads\/2024\/12\/Hafif-Model-150x150.png 150w\" sizes=\"auto, (max-width: 300px) 100vw, 300px\"><\/li><li class=\"isotope-item\"><img loading=\"lazy\" decoding=\"async\" width=\"300\" height=\"300\" src=\"https:\/\/www.reksan.com.tr\/wp-content\/uploads\/2024\/12\/1-KWa-Kadar-Dielektik.png\" class=\"attachment-full\" alt=\"\" title=\"1 KW&#039;a Kadar Dielektik\" srcset=\"https:\/\/www.reksan.com.tr\/wp-content\/uploads\/2024\/12\/1-KWa-Kadar-Dielektik.png 300w, https:\/\/www.reksan.com.tr\/wp-content\/uploads\/2024\/12\/1-KWa-Kadar-Dielektik-150x150.png 150w\" sizes=\"auto, (max-width: 300px) 100vw, 300px\"><\/li><li class=\"isotope-item\"><img loading=\"lazy\" decoding=\"async\" width=\"300\" height=\"300\" src=\"https:\/\/www.reksan.com.tr\/wp-content\/uploads\/2024\/12\/neme-dayanikli.png\" class=\"attachment-full\" alt=\"\" title=\"Neme Dayan\u0131kl\u0131\" srcset=\"https:\/\/www.reksan.com.tr\/wp-content\/uploads\/2024\/12\/neme-dayanikli.png 300w, https:\/\/www.reksan.com.tr\/wp-content\/uploads\/2024\/12\/neme-dayanikli-150x150.png 150w\" sizes=\"auto, (max-width: 300px) 100vw, 300px\"><\/li><\/ul><\/div><\/div><\/div><\/div><\/div><\/div><\/div><div class=\"vc_row wpb_row vc_row-fluid\"><div class=\"wpb_column vc_column_container vc_col-sm-12\"><div class=\"vc_column-inner\"><div class=\"wpb_wrapper\"><div class=\"vc_separator wpb_content_element vc_separator_align_center vc_sep_width_100 vc_sep_pos_align_center vc_sep_color_grey urunozellikleri vc_separator-has-text\" ><span class=\"vc_sep_holder vc_sep_holder_l\"><span class=\"vc_sep_line\"><\/span><\/span><h4>\u062c\u062f\u0648\u0644 \u0627\u0644\u0645\u0642\u0627\u0633\u0627\u062a<\/h4><span class=\"vc_sep_holder vc_sep_holder_r\"><span class=\"vc_sep_line\"><\/span><\/span>\n<\/div>\n\t<div class=\"wpb_text_column wpb_content_element\" >\n\t\t<div class=\"wpb_wrapper\">\n\t\t\t\n<table id=\"tablepress-10\" class=\"tablepress tablepress-id-10 reksan21ns tbody-has-connected-cells\">\n<tbody class=\"row-striping row-hover\">\n<tr class=\"row-1\">\n\t<td rowspan=\"2\" class=\"column-1\">\u0627\u0644\u0631\u0645\u0632<\/td><td rowspan=\"2\" class=\"column-2\">Malzeme Cinsi<\/td><td colspan=\"2\" class=\"column-3\">\u0642\u0637\u0631 \u0627\u0644\u0643\u0627\u0628\u0644 \u00d8<br \/>\nB<\/td><td rowspan=\"2\" class=\"column-5\">Ampul-Duy<\/td>\n<\/tr>\n<tr class=\"row-2\">\n\t<td class=\"column-3\">Min (mm)<\/td><td class=\"column-4\">Max (mm)<\/td>\n<\/tr>\n<tr class=\"row-3\">\n\t<td class=\"column-1\">RAG.05.701<\/td><td class=\"column-2\">\u0646\u062d\u0627\u0633 \u0623\u0635\u0641\u0631<\/td><td class=\"column-3\">5,0<\/td><td class=\"column-4\">11,0<\/td><td class=\"column-5\">75 Watt-E 27<\/td>\n<\/tr>\n<tr class=\"row-4\">\n\t<td class=\"column-1\">RAG.05.702<\/td><td class=\"column-2\">Al\u00fcminyum<\/td><td class=\"column-3\">5,0<\/td><td class=\"column-4\">11,0<\/td><td class=\"column-5\">75 Watt-E 27<\/td>\n<\/tr>\n<tr class=\"row-5\">\n\t<td colspan=\"5\" class=\"column-1\"><span class=\"tolerans\">\u062c\u0645\u064a\u0639 \u0627\u0644\u0623\u0628\u0639\u0627\u062f \u0644\u0644\u0627\u0633\u062a\u0631\u0634\u0627\u062f \u0641\u0642\u0637. \u0627\u0644\u0633\u0645\u0627\u062d\u064a\u0627\u062a: \u00b1\u0665\u066a<\/span><\/td>\n<\/tr>\n<\/tbody>\n<\/table>\n\n\n\t\t<\/div>\n\t<\/div>\n<\/div><\/div><\/div><\/div>\n<\/div>","protected":false},"excerpt":{"rendered":"<p>Caretta Bigayt Armat\u00fcr, dayan\u0131kl\u0131l\u0131\u011f\u0131 ve g\u00fcvenilir performans\u0131yla dikkat \u00e7eker. DIN 89267 standard\u0131na uygun olarak \u00fcretilen bu armat\u00fcr, IP 56 s\u0131zd\u0131rmazl\u0131k derecesi ile su ve toz ge\u00e7irmez. -40\u00b0C ile +80\u00b0C s\u0131cakl\u0131k aral\u0131\u011f\u0131nda \u00e7al\u0131\u015fabilen \u00fcr\u00fcn, pirin\u00e7 (MS 58) ve al\u00fcminyum hammaddesi ile sa\u011flam bir yap\u0131 sunar. 220 volt voltajda 16 A kontak kapasitesine sahip olan armat\u00fcr, 2 faz ve 1 mp kontak say\u0131s\u0131 ile \u00e7e\u015fitli uygulamalarda kullan\u0131labilir. \u00d6zellikle a\u011f\u0131r hizmet, gemi ve otantik ortamlarda tercih edilen bu \u00fcr\u00fcn, petrol \u00fcr\u00fcnleri, tuzlu su, \u0131s\u0131 ve ozona kar\u015f\u0131 dayan\u0131kl\u0131 s\u0131zd\u0131rmazl\u0131k contalar\u0131 ile uzun \u00f6m\u00fcrl\u00fc bir \u00e7\u00f6z\u00fcm sunar.<\/p>\n<p><a href=\"http:\/\/www.reksan.com.tr\/wp-content\/uploads\/2024\/09\/caretta-aluminyum-bigayt-armatur.pdf\" target=\"_blank\" rel=\"noopener\">[icon class=\"pdfindir\" name=\"file-pdf\" prefix=\"fas\"]<\/a><\/p>\n","protected":false},"featured_media":10829,"template":"","meta":[],"product_brand":[],"product_cat":[80],"product_tag":[],"class_list":{"0":"post-10828","1":"product","2":"type-product","3":"status-publish","4":"has-post-thumbnail","6":"product_cat-caretta-buat-ve-gemi-malzemeleri","8":"first","9":"instock","10":"taxable","11":"shipping-taxable","12":"purchasable","13":"product-type-simple"},"_links":{"self":[{"href":"https:\/\/www.reksan.com.tr\/ar\/wp-json\/wp\/v2\/product\/10828","targetHints":{"allow":["GET"]}}],"collection":[{"href":"https:\/\/www.reksan.com.tr\/ar\/wp-json\/wp\/v2\/product"}],"about":[{"href":"https:\/\/www.reksan.com.tr\/ar\/wp-json\/wp\/v2\/types\/product"}],"wp:featuredmedia":[{"embeddable":true,"href":"https:\/\/www.reksan.com.tr\/ar\/wp-json\/wp\/v2\/media\/10829"}],"wp:attachment":[{"href":"https:\/\/www.reksan.com.tr\/ar\/wp-json\/wp\/v2\/media?parent=10828"}],"wp:term":[{"taxonomy":"product_brand","embeddable":true,"href":"https:\/\/www.reksan.com.tr\/ar\/wp-json\/wp\/v2\/product_brand?post=10828"},{"taxonomy":"product_cat","embeddable":true,"href":"https:\/\/www.reksan.com.tr\/ar\/wp-json\/wp\/v2\/product_cat?post=10828"},{"taxonomy":"product_tag","embeddable":true,"href":"https:\/\/www.reksan.com.tr\/ar\/wp-json\/wp\/v2\/product_tag?post=10828"}],"curies":[{"name":"wp","href":"https:\/\/api.w.org\/{rel}","templated":true}]}}