{"id":12036,"date":"2024-10-11T04:22:02","date_gmt":"2024-10-11T04:22:02","guid":{"rendered":"https:\/\/www.reksan.com.tr\/?page_id=12036"},"modified":"2025-03-17T10:25:32","modified_gmt":"2025-03-17T07:25:32","slug":"dokumanlar","status":"publish","type":"page","link":"https:\/\/www.reksan.com.tr\/ar\/dokumanlar\/","title":{"rendered":"\u0627\u0644\u0645\u0633\u062a\u0646\u062f\u0627\u062a"},"content":{"rendered":"<div class=\"wpb-content-wrapper\"><div id=\"dokumanlar\" class=\"vc_row wpb_row vc_row-fluid vc_row-o-full-height vc_row-o-columns-middle vc_row-flex wd-rs-6708aa6943c8e\"><div class=\"wpb_column vc_column_container vc_col-sm-4 wd-enabled-flex wd-rs-6702e197ea528\"><div class=\"vc_column-inner\"><div class=\"wpb_wrapper\">\n\t<div  class=\"wpb_single_image wpb_content_element vc_align_left vc_custom_1742195828331\">\n\t\t\n\t\t<figure class=\"wpb_wrapper vc_figure\">\n\t\t\t<div class=\"vc_single_image-wrapper   vc_box_border_grey\"><img loading=\"lazy\" decoding=\"async\" width=\"1700\" height=\"2352\" src=\"https:\/\/www.reksan.com.tr\/wp-content\/uploads\/2025\/02\/A2-sertifika.jpeg\" class=\"vc_single_image-img attachment-full\" alt=\"\" title=\"A2-sertifika\" srcset=\"https:\/\/www.reksan.com.tr\/wp-content\/uploads\/2025\/02\/A2-sertifika.jpeg 1700w, https:\/\/www.reksan.com.tr\/wp-content\/uploads\/2025\/02\/A2-sertifika-217x300.jpeg 217w, https:\/\/www.reksan.com.tr\/wp-content\/uploads\/2025\/02\/A2-sertifika-578x800.jpeg 578w, https:\/\/www.reksan.com.tr\/wp-content\/uploads\/2025\/02\/A2-sertifika-768x1063.jpeg 768w, https:\/\/www.reksan.com.tr\/wp-content\/uploads\/2025\/02\/A2-sertifika-1110x1536.jpeg 1110w, https:\/\/www.reksan.com.tr\/wp-content\/uploads\/2025\/02\/A2-sertifika-1480x2048.jpeg 1480w, https:\/\/www.reksan.com.tr\/wp-content\/uploads\/2025\/02\/A2-sertifika-9x12.jpeg 9w, https:\/\/www.reksan.com.tr\/wp-content\/uploads\/2025\/02\/A2-sertifika-430x595.jpeg 430w, https:\/\/www.reksan.com.tr\/wp-content\/uploads\/2025\/02\/A2-sertifika-700x968.jpeg 700w, https:\/\/www.reksan.com.tr\/wp-content\/uploads\/2025\/02\/A2-sertifika-150x208.jpeg 150w\" sizes=\"auto, (max-width: 1700px) 100vw, 1700px\"><\/div>\n\t\t<\/figure>\n\t<\/div>\n\n\t<div class=\"wpb_text_column wpb_content_element belgeadi\" >\n\t\t<div class=\"wpb_wrapper\">\n\t\t\t<p>Cable Glands A2 xx Series<\/p>\n\n\t\t<\/div>\n\t<\/div>\n<\/div><\/div><\/div><div class=\"wpb_column vc_column_container vc_col-sm-4\"><div class=\"vc_column-inner\"><div class=\"wpb_wrapper\">\n\t<div  class=\"wpb_single_image wpb_content_element vc_align_left vc_custom_1742195971156\">\n\t\t\n\t\t<figure class=\"wpb_wrapper vc_figure\">\n\t\t\t<div class=\"vc_single_image-wrapper   vc_box_border_grey\"><img loading=\"lazy\" decoding=\"async\" width=\"1700\" height=\"2352\" src=\"https:\/\/www.reksan.com.tr\/wp-content\/uploads\/2025\/02\/CWY-sertifika.jpeg\" class=\"vc_single_image-img attachment-full\" alt=\"\" title=\"CWY-sertifika\" srcset=\"https:\/\/www.reksan.com.tr\/wp-content\/uploads\/2025\/02\/CWY-sertifika.jpeg 1700w, https:\/\/www.reksan.com.tr\/wp-content\/uploads\/2025\/02\/CWY-sertifika-217x300.jpeg 217w, https:\/\/www.reksan.com.tr\/wp-content\/uploads\/2025\/02\/CWY-sertifika-578x800.jpeg 578w, https:\/\/www.reksan.com.tr\/wp-content\/uploads\/2025\/02\/CWY-sertifika-768x1063.jpeg 768w, https:\/\/www.reksan.com.tr\/wp-content\/uploads\/2025\/02\/CWY-sertifika-1110x1536.jpeg 1110w, https:\/\/www.reksan.com.tr\/wp-content\/uploads\/2025\/02\/CWY-sertifika-1480x2048.jpeg 1480w, https:\/\/www.reksan.com.tr\/wp-content\/uploads\/2025\/02\/CWY-sertifika-9x12.jpeg 9w, https:\/\/www.reksan.com.tr\/wp-content\/uploads\/2025\/02\/CWY-sertifika-430x595.jpeg 430w, https:\/\/www.reksan.com.tr\/wp-content\/uploads\/2025\/02\/CWY-sertifika-700x968.jpeg 700w, https:\/\/www.reksan.com.tr\/wp-content\/uploads\/2025\/02\/CWY-sertifika-150x208.jpeg 150w\" sizes=\"auto, (max-width: 1700px) 100vw, 1700px\"><\/div>\n\t\t<\/figure>\n\t<\/div>\n\n\t<div class=\"wpb_text_column wpb_content_element belgeadi\" >\n\t\t<div class=\"wpb_wrapper\">\n\t\t\t<p>Cable Glands CWy xx Series<\/p>\n\n\t\t<\/div>\n\t<\/div>\n<\/div><\/div><\/div><div class=\"wpb_column vc_column_container vc_col-sm-4\"><div class=\"vc_column-inner\"><div class=\"wpb_wrapper\">\n\t<div  class=\"wpb_single_image wpb_content_element vc_align_left vc_custom_1742196092884\">\n\t\t\n\t\t<figure class=\"wpb_wrapper vc_figure\">\n\t\t\t<div class=\"vc_single_image-wrapper   vc_box_border_grey\"><img loading=\"lazy\" decoding=\"async\" width=\"1777\" height=\"2560\" src=\"https:\/\/www.reksan.com.tr\/wp-content\/uploads\/2025\/02\/e1w-srtifika-2-scaled.jpg\" class=\"vc_single_image-img attachment-full\" alt=\"\" title=\"e1w-srtifika-2\" srcset=\"https:\/\/www.reksan.com.tr\/wp-content\/uploads\/2025\/02\/e1w-srtifika-2-scaled.jpg 1777w, https:\/\/www.reksan.com.tr\/wp-content\/uploads\/2025\/02\/e1w-srtifika-2-208x300.jpg 208w, https:\/\/www.reksan.com.tr\/wp-content\/uploads\/2025\/02\/e1w-srtifika-2-555x800.jpg 555w, https:\/\/www.reksan.com.tr\/wp-content\/uploads\/2025\/02\/e1w-srtifika-2-768x1106.jpg 768w, https:\/\/www.reksan.com.tr\/wp-content\/uploads\/2025\/02\/e1w-srtifika-2-1066x1536.jpg 1066w, https:\/\/www.reksan.com.tr\/wp-content\/uploads\/2025\/02\/e1w-srtifika-2-1422x2048.jpg 1422w, https:\/\/www.reksan.com.tr\/wp-content\/uploads\/2025\/02\/e1w-srtifika-2-8x12.jpg 8w, https:\/\/www.reksan.com.tr\/wp-content\/uploads\/2025\/02\/e1w-srtifika-2-430x619.jpg 430w, https:\/\/www.reksan.com.tr\/wp-content\/uploads\/2025\/02\/e1w-srtifika-2-700x1008.jpg 700w, https:\/\/www.reksan.com.tr\/wp-content\/uploads\/2025\/02\/e1w-srtifika-2-150x216.jpg 150w\" sizes=\"auto, (max-width: 1777px) 100vw, 1777px\"><\/div>\n\t\t<\/figure>\n\t<\/div>\n\n\t<div class=\"wpb_text_column wpb_content_element belgeadi\" >\n\t\t<div class=\"wpb_wrapper\">\n\t\t\t<p>Cable Glands CWy E1W Series<\/p>\n\n\t\t<\/div>\n\t<\/div>\n<\/div><\/div><\/div><\/div><div class=\"vc_row wpb_row vc_row-fluid vc_row-o-full-height vc_row-o-columns-middle vc_row-flex wd-rs-6702ee4f1e464\"><div class=\"wpb_column vc_column_container vc_col-sm-4 wd-enabled-flex wd-rs-6702e197ea528\"><div class=\"vc_column-inner\"><div class=\"wpb_wrapper\">\n\t<div  class=\"wpb_single_image wpb_content_element vc_align_left vc_custom_1742196312351\">\n\t\t\n\t\t<figure class=\"wpb_wrapper vc_figure\">\n\t\t\t<div class=\"vc_single_image-wrapper   vc_box_border_grey\"><img loading=\"lazy\" decoding=\"async\" width=\"1192\" height=\"1684\" src=\"https:\/\/www.reksan.com.tr\/wp-content\/uploads\/2025\/02\/exr-sertifika.jpg\" class=\"vc_single_image-img attachment-full\" alt=\"\" title=\"exr-sertifika\" srcset=\"https:\/\/www.reksan.com.tr\/wp-content\/uploads\/2025\/02\/exr-sertifika.jpg 1192w, https:\/\/www.reksan.com.tr\/wp-content\/uploads\/2025\/02\/exr-sertifika-212x300.jpg 212w, https:\/\/www.reksan.com.tr\/wp-content\/uploads\/2025\/02\/exr-sertifika-566x800.jpg 566w, https:\/\/www.reksan.com.tr\/wp-content\/uploads\/2025\/02\/exr-sertifika-768x1085.jpg 768w, https:\/\/www.reksan.com.tr\/wp-content\/uploads\/2025\/02\/exr-sertifika-1087x1536.jpg 1087w, https:\/\/www.reksan.com.tr\/wp-content\/uploads\/2025\/02\/exr-sertifika-8x12.jpg 8w, https:\/\/www.reksan.com.tr\/wp-content\/uploads\/2025\/02\/exr-sertifika-430x607.jpg 430w, https:\/\/www.reksan.com.tr\/wp-content\/uploads\/2025\/02\/exr-sertifika-700x989.jpg 700w, https:\/\/www.reksan.com.tr\/wp-content\/uploads\/2025\/02\/exr-sertifika-150x212.jpg 150w\" sizes=\"auto, (max-width: 1192px) 100vw, 1192px\"><\/div>\n\t\t<\/figure>\n\t<\/div>\n\n\t<div class=\"wpb_text_column wpb_content_element belgeadi\" >\n\t\t<div class=\"wpb_wrapper\">\n\t\t\t<p>Cable Glands CWy EX Series<\/p>\n\n\t\t<\/div>\n\t<\/div>\n<\/div><\/div><\/div><div class=\"wpb_column vc_column_container vc_col-sm-4\"><div class=\"vc_column-inner\"><div class=\"wpb_wrapper\">\n\t<div  class=\"wpb_single_image wpb_content_element vc_align_left vc_custom_1728621438084\">\n\t\t\n\t\t<figure class=\"wpb_wrapper vc_figure\">\n\t\t\t<div class=\"vc_single_image-wrapper   vc_box_border_grey\"><img loading=\"lazy\" decoding=\"async\" width=\"590\" height=\"429\" src=\"https:\/\/www.reksan.com.tr\/wp-content\/uploads\/2024\/10\/iso_9001_2008.jpg\" class=\"vc_single_image-img attachment-full\" alt=\"\" title=\"iso_9001_2008\" srcset=\"https:\/\/www.reksan.com.tr\/wp-content\/uploads\/2024\/10\/iso_9001_2008.jpg 590w, https:\/\/www.reksan.com.tr\/wp-content\/uploads\/2024\/10\/iso_9001_2008-430x313.jpg 430w, https:\/\/www.reksan.com.tr\/wp-content\/uploads\/2024\/10\/iso_9001_2008-150x109.jpg 150w, https:\/\/www.reksan.com.tr\/wp-content\/uploads\/2024\/10\/iso_9001_2008-400x291.jpg 400w\" sizes=\"auto, (max-width: 590px) 100vw, 590px\"><\/div>\n\t\t<\/figure>\n\t<\/div>\n\n\t<div class=\"wpb_text_column wpb_content_element belgeadi\" >\n\t\t<div class=\"wpb_wrapper\">\n\t\t\t<p>ISO 9001:2008<\/p>\n\n\t\t<\/div>\n\t<\/div>\n\n\t<div class=\"wpb_text_column wpb_content_element\" >\n\t\t<div class=\"wpb_wrapper\">\n\t\t\t<p>Gemi ayd\u0131nlatmalar\u0131 ve Buatlar\u0131, Klemensler, K\u00f6r Tapalar, Gemi Fi\u015f-Priz ve Anahtarlar\u0131, Pano Ekipmanlar\u0131, Havuz Malzemeleri, Kablo Rakorlar\u0131. Tasar\u0131m\u0131, \u00dcretimi, Sat\u0131\u015f\u0131 ve Pazarlamas\u0131<\/p>\n\n\t\t<\/div>\n\t<\/div>\n<\/div><\/div><\/div><div class=\"wpb_column vc_column_container vc_col-sm-4\"><div class=\"vc_column-inner\"><div class=\"wpb_wrapper\">\n\t<div  class=\"wpb_single_image wpb_content_element vc_align_left vc_custom_1728621445867\">\n\t\t\n\t\t<figure class=\"wpb_wrapper vc_figure\">\n\t\t\t<div class=\"vc_single_image-wrapper   vc_box_border_grey\"><img loading=\"lazy\" decoding=\"async\" width=\"590\" height=\"812\" src=\"https:\/\/www.reksan.com.tr\/wp-content\/uploads\/2024\/10\/marka_yenileme_belgesi.jpg\" class=\"vc_single_image-img attachment-full\" alt=\"\" title=\"marka_yenileme_belgesi\" srcset=\"https:\/\/www.reksan.com.tr\/wp-content\/uploads\/2024\/10\/marka_yenileme_belgesi.jpg 590w, https:\/\/www.reksan.com.tr\/wp-content\/uploads\/2024\/10\/marka_yenileme_belgesi-430x592.jpg 430w, https:\/\/www.reksan.com.tr\/wp-content\/uploads\/2024\/10\/marka_yenileme_belgesi-150x206.jpg 150w, https:\/\/www.reksan.com.tr\/wp-content\/uploads\/2024\/10\/marka_yenileme_belgesi-218x300.jpg 218w, https:\/\/www.reksan.com.tr\/wp-content\/uploads\/2024\/10\/marka_yenileme_belgesi-581x800.jpg 581w\" sizes=\"auto, (max-width: 590px) 100vw, 590px\"><\/div>\n\t\t<\/figure>\n\t<\/div>\n\n\t<div class=\"wpb_text_column wpb_content_element belgeadi\" >\n\t\t<div class=\"wpb_wrapper\">\n\t\t\t<p>Marka Yenileme Belgesi<\/p>\n\n\t\t<\/div>\n\t<\/div>\n<\/div><\/div><\/div><\/div><div class=\"vc_row wpb_row vc_row-fluid vc_row-o-full-height vc_row-o-columns-middle vc_row-flex wd-rs-6702ee4f1e464\"><div class=\"wpb_column vc_column_container vc_col-sm-4 wd-enabled-flex wd-rs-6702e197ea528\"><div class=\"vc_column-inner\"><div class=\"wpb_wrapper\">\n\t<div  class=\"wpb_single_image wpb_content_element vc_align_left vc_custom_1728621454651\">\n\t\t\n\t\t<figure class=\"wpb_wrapper vc_figure\">\n\t\t\t<div class=\"vc_single_image-wrapper   vc_box_border_grey\"><img loading=\"lazy\" decoding=\"async\" width=\"944\" height=\"686\" src=\"https:\/\/www.reksan.com.tr\/wp-content\/uploads\/2024\/10\/tse_ex_kalite_uygunluk_belgesi.jpg\" class=\"vc_single_image-img attachment-full\" alt=\"\" title=\"tse_ex_kalite_uygunluk_belgesi\" srcset=\"https:\/\/www.reksan.com.tr\/wp-content\/uploads\/2024\/10\/tse_ex_kalite_uygunluk_belgesi.jpg 944w, https:\/\/www.reksan.com.tr\/wp-content\/uploads\/2024\/10\/tse_ex_kalite_uygunluk_belgesi-430x312.jpg 430w, https:\/\/www.reksan.com.tr\/wp-content\/uploads\/2024\/10\/tse_ex_kalite_uygunluk_belgesi-150x109.jpg 150w, https:\/\/www.reksan.com.tr\/wp-content\/uploads\/2024\/10\/tse_ex_kalite_uygunluk_belgesi-700x509.jpg 700w, https:\/\/www.reksan.com.tr\/wp-content\/uploads\/2024\/10\/tse_ex_kalite_uygunluk_belgesi-400x291.jpg 400w, https:\/\/www.reksan.com.tr\/wp-content\/uploads\/2024\/10\/tse_ex_kalite_uygunluk_belgesi-768x558.jpg 768w\" sizes=\"auto, (max-width: 944px) 100vw, 944px\"><\/div>\n\t\t<\/figure>\n\t<\/div>\n\n\t<div class=\"wpb_text_column wpb_content_element belgeadi\" >\n\t\t<div class=\"wpb_wrapper\">\n\t\t\t<p>T\u00fcrk Standartlar\u0131 Enstit\u00fcs\u00fc Kalite Uygunluk Belgesi<\/p>\n\n\t\t<\/div>\n\t<\/div>\n\n\t<div  class=\"wpb_single_image wpb_content_element vc_align_left vc_custom_1728621462807\">\n\t\t\n\t\t<figure class=\"wpb_wrapper vc_figure\">\n\t\t\t<div class=\"vc_single_image-wrapper   vc_box_border_grey\"><img loading=\"lazy\" decoding=\"async\" width=\"812\" height=\"590\" src=\"https:\/\/www.reksan.com.tr\/wp-content\/uploads\/2024\/10\/tse_imalat_yeterlilik_belgesi.jpg\" class=\"vc_single_image-img attachment-full\" alt=\"\" title=\"tse_imalat_yeterlilik_belgesi\" srcset=\"https:\/\/www.reksan.com.tr\/wp-content\/uploads\/2024\/10\/tse_imalat_yeterlilik_belgesi.jpg 812w, https:\/\/www.reksan.com.tr\/wp-content\/uploads\/2024\/10\/tse_imalat_yeterlilik_belgesi-430x312.jpg 430w, https:\/\/www.reksan.com.tr\/wp-content\/uploads\/2024\/10\/tse_imalat_yeterlilik_belgesi-150x109.jpg 150w, https:\/\/www.reksan.com.tr\/wp-content\/uploads\/2024\/10\/tse_imalat_yeterlilik_belgesi-700x509.jpg 700w, https:\/\/www.reksan.com.tr\/wp-content\/uploads\/2024\/10\/tse_imalat_yeterlilik_belgesi-400x291.jpg 400w, https:\/\/www.reksan.com.tr\/wp-content\/uploads\/2024\/10\/tse_imalat_yeterlilik_belgesi-768x558.jpg 768w\" sizes=\"auto, (max-width: 812px) 100vw, 812px\"><\/div>\n\t\t<\/figure>\n\t<\/div>\n\n\t<div class=\"wpb_text_column wpb_content_element belgeadi\" >\n\t\t<div class=\"wpb_wrapper\">\n\t\t\t<p>T\u00fcrk Standartlar\u0131 Enstit\u00fcs\u00fc \u0130malat Yeterlilik Belgesi<\/p>\n\n\t\t<\/div>\n\t<\/div>\n<\/div><\/div><\/div><div class=\"wpb_column vc_column_container vc_col-sm-4\"><div class=\"vc_column-inner\"><div class=\"wpb_wrapper\">\n\t<div  class=\"wpb_single_image wpb_content_element vc_align_left vc_custom_1728621470867\">\n\t\t\n\t\t<figure class=\"wpb_wrapper vc_figure\">\n\t\t\t<div class=\"vc_single_image-wrapper   vc_box_border_grey\"><img loading=\"lazy\" decoding=\"async\" width=\"590\" height=\"812\" src=\"https:\/\/www.reksan.com.tr\/wp-content\/uploads\/2024\/10\/tse_ex_uygunluk_belgesi.jpg\" class=\"vc_single_image-img attachment-full\" alt=\"\" title=\"tse_ex_uygunluk_belgesi\" srcset=\"https:\/\/www.reksan.com.tr\/wp-content\/uploads\/2024\/10\/tse_ex_uygunluk_belgesi.jpg 590w, https:\/\/www.reksan.com.tr\/wp-content\/uploads\/2024\/10\/tse_ex_uygunluk_belgesi-430x592.jpg 430w, https:\/\/www.reksan.com.tr\/wp-content\/uploads\/2024\/10\/tse_ex_uygunluk_belgesi-150x206.jpg 150w, https:\/\/www.reksan.com.tr\/wp-content\/uploads\/2024\/10\/tse_ex_uygunluk_belgesi-218x300.jpg 218w, https:\/\/www.reksan.com.tr\/wp-content\/uploads\/2024\/10\/tse_ex_uygunluk_belgesi-581x800.jpg 581w\" sizes=\"auto, (max-width: 590px) 100vw, 590px\"><\/div>\n\t\t<\/figure>\n\t<\/div>\n\n\t<div class=\"wpb_text_column wpb_content_element belgeadi\" >\n\t\t<div class=\"wpb_wrapper\">\n\t\t\t<p>T\u00fcrk Standartlar\u0131 Enstit\u00fcs\u00fc Rex Uygunluk Belgesi<\/p>\n\n\t\t<\/div>\n\t<\/div>\n<\/div><\/div><\/div><div class=\"wpb_column vc_column_container vc_col-sm-4\"><div class=\"vc_column-inner\"><div class=\"wpb_wrapper\">\n\t<div  class=\"wpb_single_image wpb_content_element vc_align_left vc_custom_1728621478647\">\n\t\t\n\t\t<figure class=\"wpb_wrapper vc_figure\">\n\t\t\t<div class=\"vc_single_image-wrapper   vc_box_border_grey\"><img loading=\"lazy\" decoding=\"async\" width=\"726\" height=\"1000\" src=\"https:\/\/www.reksan.com.tr\/wp-content\/uploads\/2024\/10\/tsek_kritere_uygunluk_belgesi.jpg\" class=\"vc_single_image-img attachment-full\" alt=\"\" title=\"tsek_kritere_uygunluk_belgesi\" srcset=\"https:\/\/www.reksan.com.tr\/wp-content\/uploads\/2024\/10\/tsek_kritere_uygunluk_belgesi.jpg 726w, https:\/\/www.reksan.com.tr\/wp-content\/uploads\/2024\/10\/tsek_kritere_uygunluk_belgesi-430x592.jpg 430w, https:\/\/www.reksan.com.tr\/wp-content\/uploads\/2024\/10\/tsek_kritere_uygunluk_belgesi-150x207.jpg 150w, https:\/\/www.reksan.com.tr\/wp-content\/uploads\/2024\/10\/tsek_kritere_uygunluk_belgesi-700x964.jpg 700w, https:\/\/www.reksan.com.tr\/wp-content\/uploads\/2024\/10\/tsek_kritere_uygunluk_belgesi-218x300.jpg 218w, https:\/\/www.reksan.com.tr\/wp-content\/uploads\/2024\/10\/tsek_kritere_uygunluk_belgesi-581x800.jpg 581w\" sizes=\"auto, (max-width: 726px) 100vw, 726px\"><\/div>\n\t\t<\/figure>\n\t<\/div>\n\n\t<div class=\"wpb_text_column wpb_content_element belgeadi\" >\n\t\t<div class=\"wpb_wrapper\">\n\t\t\t<p>T\u00fcrk Standartlar\u0131 Enstit\u00fcs\u00fc Kritere Uygunluk Belgesi<\/p>\n\n\t\t<\/div>\n\t<\/div>\n<\/div><\/div><\/div><\/div>\n<\/div>","protected":false},"excerpt":{"rendered":"Cable Glands A2 xx Series Cable Glands CWy xx Series Cable Glands CWy E1W Series Cable Glands CWy EX Series","protected":false},"author":2,"featured_media":0,"parent":0,"menu_order":0,"comment_status":"closed","ping_status":"closed","template":"","meta":{"footnotes":""},"class_list":["post-12036","page","type-page","status-publish","hentry"],"_links":{"self":[{"href":"https:\/\/www.reksan.com.tr\/ar\/wp-json\/wp\/v2\/pages\/12036","targetHints":{"allow":["GET"]}}],"collection":[{"href":"https:\/\/www.reksan.com.tr\/ar\/wp-json\/wp\/v2\/pages"}],"about":[{"href":"https:\/\/www.reksan.com.tr\/ar\/wp-json\/wp\/v2\/types\/page"}],"author":[{"embeddable":true,"href":"https:\/\/www.reksan.com.tr\/ar\/wp-json\/wp\/v2\/users\/2"}],"replies":[{"embeddable":true,"href":"https:\/\/www.reksan.com.tr\/ar\/wp-json\/wp\/v2\/comments?post=12036"}],"version-history":[{"count":5,"href":"https:\/\/www.reksan.com.tr\/ar\/wp-json\/wp\/v2\/pages\/12036\/revisions"}],"predecessor-version":[{"id":17041,"href":"https:\/\/www.reksan.com.tr\/ar\/wp-json\/wp\/v2\/pages\/12036\/revisions\/17041"}],"wp:attachment":[{"href":"https:\/\/www.reksan.com.tr\/ar\/wp-json\/wp\/v2\/media?parent=12036"}],"curies":[{"name":"wp","href":"https:\/\/api.w.org\/{rel}","templated":true}]}}