{"id":10133,"date":"2024-09-18T21:14:42","date_gmt":"2024-09-18T21:14:42","guid":{"rendered":"https:\/\/www.reksan.com.tr\/?page_id=10133"},"modified":"2024-12-16T21:21:19","modified_gmt":"2024-12-16T18:21:19","slug":"kurumsal","status":"publish","type":"page","link":"https:\/\/www.reksan.com.tr\/ar\/kurumsal\/","title":{"rendered":"\u062d\u0648\u0644 \u0627\u0644\u0634\u0631\u0643\u0629"},"content":{"rendered":"<div class=\"wpb-content-wrapper\"><div id=\"hakkimizda\" class=\"vc_row wpb_row vc_row-fluid vc_row-o-full-height vc_row-o-columns-middle vc_row-flex wd-rs-6702ee4f1e464\"><div class=\"wpb_column vc_column_container vc_col-sm-6 wd-enabled-flex wd-rs-6702e197ea528\"><div class=\"vc_column-inner\"><div class=\"wpb_wrapper\"><div class=\"vc_empty_space\"   style=\"height: 50px\"><span class=\"vc_empty_space_inner\"><\/span><\/div>\t\t<div id=\"wd-67606f6ceb5fb\" data-parallax='{\"y\":\"-80\",\"smoothness\":\"30\"}' class=\"wd-image wd-wpb wd-rs-67606f6ceb5fb text-left vc_custom_1734373272468\">\n\t\t\t\n\t\t\t<img loading=\"lazy\" decoding=\"async\" width=\"689\" height=\"793\" src=\"https:\/\/www.reksan.com.tr\/wp-content\/uploads\/2024\/12\/reksan-urunler.jpg\" class=\"attachment-full size-full\" alt=\"\" srcset=\"https:\/\/www.reksan.com.tr\/wp-content\/uploads\/2024\/12\/reksan-urunler.jpg 689w, https:\/\/www.reksan.com.tr\/wp-content\/uploads\/2024\/12\/reksan-urunler-261x300.jpg 261w, https:\/\/www.reksan.com.tr\/wp-content\/uploads\/2024\/12\/reksan-urunler-430x495.jpg 430w, https:\/\/www.reksan.com.tr\/wp-content\/uploads\/2024\/12\/reksan-urunler-150x173.jpg 150w\" sizes=\"auto, (max-width: 689px) 100vw, 689px\">\n\t\t\t\t\t<\/div>\n\t\t<\/div><\/div><\/div><div class=\"wpb_column vc_column_container vc_col-sm-6\"><div class=\"vc_column-inner\"><div class=\"wpb_wrapper\">\n\t\t<div id=\"wd-6702e0df5e90d\" class=\"title-wrapper wd-wpb wd-set-mb reset-last-child  wd-rs-6702e0df5e90d wd-title-color-primary wd-title-style-default text-center  wd-underline-colored\">\n\t\t\t\n\t\t\t<div class=\"liner-continer\">\n\t\t\t\t<h4 class=\"woodmart-title-container title  wd-font-weight- wd-fontsize-xxl\" >\u0639\u0646 \u0631\u064a\u0643\u0633\u0627\u0646<\/h4>\n\t\t\t\t\t\t\t<\/div>\n\t\t\t\n\t\t\t\n\t\t\t\n\t\t<\/div>\n\t\t\n\t\t\t\t<div id=\"wd-6702e01ab3bb0\" class=\"wd-text-block wd-wpb reset-last-child wd-rs-6702e01ab3bb0 text-left wd-fontsize-custom vc_custom_1728241703801\">\n\t\t\t<p>\u062a\u0623\u0633\u0633\u062a \u0631\u064a\u0643\u0633\u0627\u0646 \u0641\u064a \u0625\u0633\u0637\u0646\u0628\u0648\u0644 \u0639\u0627\u0645 \u0661\u0669\u0669\u0661 \u062a\u062d\u062a \u0627\u0633\u0645 \u0634\u0631\u0643\u0629 \u0631\u064a\u0643\u0633\u0627\u0646 \u0644\u0635\u0646\u0627\u0639\u0629 \u0648\u062a\u062c\u0627\u0631\u0629 \u0627\u0644\u0645\u0648\u0627\u062f \u0627\u0644\u0643\u0647\u0631\u0628\u0627\u0626\u064a\u0629 (\u0630.\u0645.\u0645)\u060c \u0645\u062a\u062e\u0635\u0635\u0629\u064b \u0641\u064a \u062a\u0635\u0646\u064a\u0639 \u0645\u0644\u062d\u0642\u0627\u062a \u062a\u0648\u0635\u064a\u0644 \u0627\u0644\u0643\u0627\u0628\u0644\u0627\u062a. \u0628\u0641\u0636\u0644 \u0643\u0648\u0627\u062f\u0631\u0647\u0627 \u0627\u0644\u062e\u0628\u064a\u0631\u0629\u060c \u062d\u0642\u0642\u062a \u0627\u0644\u0631\u064a\u0627\u062f\u0629 \u0641\u064a \u062a\u0631\u0643\u064a\u0627 \u0648\u0646\u0634\u0631\u062a \u0633\u0645\u0639\u062a\u0647\u0627 \u0639\u0627\u0644\u0645\u064a\u064b\u0627 \u0639\u0628\u0631 \u0645\u0646\u062a\u062c\u0627\u062a\u0647\u0627 \u0639\u0627\u0644\u064a\u0629 \u0627\u0644\u062c\u0648\u062f\u0629 \u0648\u062a\u0648\u0635\u064a\u0644\u0647\u0627 \u0641\u064a \u0627\u0644\u0645\u0648\u0639\u062f \u0627\u0644\u0645\u062d\u062f\u062f.<\/p>\n<p>\u0644\u0642\u062f \u0645\u0646\u062d\u062a \u0631\u064a\u0643\u0633\u0627\u0646 \u0644\u0644\u0645\u0648\u0627\u062f \u0627\u0644\u0643\u0647\u0631\u0628\u0627\u0626\u064a\u0629 \u0627\u0644\u062b\u0642\u0629 \u0644\u0644\u0634\u0631\u0643\u0627\u062a \u0627\u0644\u062a\u064a \u062a\u0639\u0627\u0645\u0644\u062a \u0645\u0639\u0647\u0627\u060c \u0648\u0628\u0644\u063a\u062a \u0627\u0644\u062a\u0645\u064a\u0632 \u0628\u0641\u0636\u0644 \u062c\u0648\u062f\u062a\u0647\u0627 \u0627\u0644\u0641\u0627\u0626\u0642\u0629. \u0644\u0645 \u062a\u0642\u0644\u062f \u0631\u064a\u0643\u0633\u0627\u0646 \u0623\u064a \u0623\u062d\u062f\u060c \u0628\u0644 \u0623\u0635\u0628\u062d\u062a \u062f\u0627\u0626\u0645\u064b\u0627 \u0627\u0644\u0646\u0645\u0648\u0630\u062c \u0627\u0644\u0630\u064a \u064a\u064f\u062d\u062a\u0630\u0649 \u0628\u0647.<\/p>\n<p>\u0628\u0648\u062c\u0648\u062f\u0647\u0627 \u0627\u0644\u0645\u062a\u0645\u064a\u0632 \u0641\u064a \u0627\u0644\u0623\u0633\u0648\u0627\u0642 \u0627\u0644\u0639\u0627\u0644\u0645\u064a\u0629\u060c \u0639\u0632\u0632\u062a \u0631\u064a\u0643\u0633\u0627\u0646 \u0644\u0644\u0645\u0648\u0627\u062f \u0627\u0644\u0643\u0647\u0631\u0628\u0627\u0626\u064a\u0629 \u0645\u0643\u0627\u0646\u062a\u0647\u0627 \u0639\u0628\u0631 \u0627\u0644\u062d\u0635\u0648\u0644 \u0639\u0644\u0649 \u0634\u0647\u0627\u062f\u0627\u062a \u0627\u0644\u062c\u0648\u062f\u0629 \u0648\u0627\u0644\u0639\u0644\u0627\u0645\u0629 \u0627\u0644\u062a\u062c\u0627\u0631\u064a\u0629 \u0627\u0644\u0645\u0639\u062a\u0645\u062f\u0629\u060c \u0645\u0633\u062a\u062c\u064a\u0628\u0629\u064b \u0644\u0645\u062a\u0637\u0644\u0628\u0627\u062a \u0627\u0644\u0639\u0645\u0644\u0627\u0621 \u0628\u0623\u0639\u0644\u0649 \u0627\u0644\u0645\u0639\u0627\u064a\u064a\u0631.<\/p>\n<p>\u062a\u0639\u062a\u0628\u0631 \u0631\u064a\u0643\u0633\u0627\u0646 \u0644\u0644\u0645\u0648\u0627\u062f \u0627\u0644\u0643\u0647\u0631\u0628\u0627\u0626\u064a\u0629 \u062a\u0644\u0628\u064a\u0629 \u0645\u062a\u0637\u0644\u0628\u0627\u062a \u0627\u0644\u0639\u0645\u0644\u0627\u0621 \u0648\u062d\u0644 \u0645\u0634\u0643\u0644\u0627\u062a\u0647\u0645 \u0623\u0633\u0627\u0633\u064b\u0627 \u0631\u0627\u0633\u062e\u064b\u0627 \u0641\u064a \u0639\u0645\u0644\u0647\u0627\u060c \u0645\u0639 \u0627\u0644\u062a\u0645\u0633\u0643 \u0627\u0644\u062f\u0627\u0626\u0645 \u0628\u0647\u0648\u064a\u062a\u0647\u0627 \u0627\u0644\u0645\u0624\u0633\u0633\u064a\u0629 \u0627\u0644\u0645\u0645\u064a\u0632\u0629.<\/p>\n<p>\u062a\u0646\u062a\u062c \u0631\u064a\u0643\u0633\u0627\u0646 \u0644\u0644\u0645\u0648\u0627\u062f \u0627\u0644\u0643\u0647\u0631\u0628\u0627\u0626\u064a\u0629 \u0628\u0627\u0633\u062a\u062e\u062f\u0627\u0645 \u0623\u062d\u062f\u062b \u0639\u0645\u0644\u064a\u0627\u062a \u0627\u0644\u062a\u0634\u063a\u064a\u0644 \u0627\u0644\u0622\u0644\u064a\u060c \u0639\u0628\u0631 \u0641\u0631\u064a\u0642 \u0634\u0627\u0628 \u062f\u064a\u0646\u0627\u0645\u064a\u0643\u064a \u0648\u062e\u0628\u0631\u0629\u060c \u0645\u062f\u0639\u0648\u0645\u0629 \u0628\u0628\u0646\u064a\u0629 \u062a\u062d\u062a\u064a\u0629 \u062a\u0643\u0646\u0648\u0644\u0648\u062c\u064a\u0629 \u0645\u062a\u0637\u0648\u0631\u0629 \u0648\u062d\u062f\u064a\u0642\u0629 \u0622\u0644\u0627\u062a \u0639\u0627\u0644\u064a\u0629 \u0627\u0644\u062a\u0642\u0646\u064a\u0629\u060c \u0644\u0636\u0645\u0627\u0646 \u0625\u0646\u062a\u0627\u062c \u0633\u0631\u064a\u0639 \u0641\u064a \u0627\u0644\u0645\u0648\u0639\u062f \u0627\u0644\u0645\u062d\u062f\u062f \u062f\u0648\u0646 \u0623\u064a \u0645\u0633\u0627\u0648\u0645\u0629 \u0639\u0644\u0649 \u0627\u0644\u062c\u0648\u062f\u0629.<\/p>\n<p>\u062a\u0645\u062a\u0644\u0643 \u0631\u064a\u0643\u0633\u0627\u0646 \u0644\u0644\u0645\u0648\u0627\u062f \u0627\u0644\u0643\u0647\u0631\u0628\u0627\u0626\u064a\u0629 \u0645\u062c\u0645\u0648\u0639\u0629 \u0645\u062a\u0643\u0627\u0645\u0644\u0629 \u0645\u0646 \u0645\u062e\u0631\u0637\u0627\u062a \u0648\u0641\u0631\u0627\u064a\u0632 CNC \u0628\u0645\u0642\u0627\u0633\u0627\u062a \u0645\u062e\u062a\u0644\u0641\u0629\u060c \u0645\u0645\u0627 \u064a\u0645\u0643\u0646\u0646\u0627 \u0645\u0646 \u062a\u0642\u062f\u064a\u0645 \u062d\u0644\u0648\u0644 \u0634\u0627\u0645\u0644\u0629 \u0648\u062f\u0642\u064a\u0642\u0629 \u062a\u0644\u0628\u0651\u064a \u062c\u0645\u064a\u0639 \u0645\u062a\u0637\u0644\u0628\u0627\u062a \u0627\u0644\u062a\u0635\u0646\u064a\u0639.<\/p>\n<p>\u0625\u0644\u0649 \u062c\u0627\u0646\u0628 \u0630\u0644\u0643\u060c \u062a\u0648\u0627\u0635\u0644 \u0631\u064a\u0643\u0633\u0627\u0646 \u0644\u0644\u0645\u0648\u0627\u062f \u0627\u0644\u0643\u0647\u0631\u0628\u0627\u0626\u064a\u0629 \u0627\u0633\u062a\u062b\u0645\u0627\u0631\u0627\u062a\u0647\u0627 \u0641\u064a \u0627\u0644\u0622\u0644\u0627\u062a \u0648\u0627\u0644\u0645\u0639\u062f\u0627\u062a\u060c \u0645\u0639 \u0625\u0636\u0627\u0641\u0629 \u0622\u0644\u0627\u062a \u062c\u062f\u064a\u062f\u0629 \u0628\u0634\u0643\u0644 \u0645\u0633\u062a\u0645\u0631 \u0625\u0644\u0649 \u0645\u0635\u0646\u0639\u0647\u0627 \u0644\u062a\u0639\u0632\u064a\u0632 \u0642\u062f\u0631\u0627\u062a\u0647\u0627 \u0627\u0644\u0625\u0646\u062a\u0627\u062c\u064a\u0629.<\/p>\n\t\t<\/div>\n\t\t<\/div><\/div><\/div><\/div><div class=\"vc_row wpb_row vc_row-fluid\"><div class=\"wpb_column vc_column_container vc_col-sm-6\"><div class=\"vc_column-inner\"><div class=\"wpb_wrapper\">\n\t\t<div id=\"wd-6702e2ed2f4da\" class=\"title-wrapper wd-wpb wd-set-mb reset-last-child  wd-rs-6702e2ed2f4da wd-title-color-primary wd-title-style-default text-left  wd-underline-colored\">\n\t\t\t\n\t\t\t<div class=\"liner-continer\">\n\t\t\t\t<h4 class=\"woodmart-title-container title  wd-font-weight- wd-fontsize-xxl\" >\u0645\u0628\u0627\u062f\u0626\u0646\u0627<\/h4>\n\t\t\t\t\t\t\t<\/div>\n\t\t\t\n\t\t\t\n\t\t\t\n\t\t<\/div>\n\t\t\n\t\t\n\t\t<ul class=\"wd-rs-6702e213ddaaa wd-list wd-wpb color-scheme- wd-fontsize-xs wd-type-icon wd-style-default text-left\" id=\"wd-6702e213ddaaa\">\n\t\t\t\t\t\t\t\t\t\t\t<li>\n\t\t\t\t\t<span class=\"wd-icon list-icon fas fa-angle-double-right\"><\/span>\n\t\t\t\t\t<span class=\"wd-list-content list-content\">\u0661. \u0627\u0644\u0627\u0647\u062a\u0645\u0627\u0645 \u0628\u0639\u0644\u0627\u0642\u0627\u062a \u0627\u0644\u0639\u0645\u0644\u0627\u0621 \u0648\u062a\u0644\u0628\u064a\u0629 \u0631\u063a\u0628\u0627\u062a\u0647\u0645 \u0648\u062a\u0648\u0642\u0639\u0627\u062a\u0647\u0645.<\/span>\n\t\t\t\t\t\t\t\t\t<\/li>\n\t\t\t\t\t\t\t\t\t\t\t<li>\n\t\t\t\t\t<span class=\"wd-icon list-icon fas fa-angle-double-right\"><\/span>\n\t\t\t\t\t<span class=\"wd-list-content list-content\">\u0662. \u0627\u0644\u062a\u0635\u0646\u064a\u0641 \u0628\u064a\u0646 \u0627\u0644\u0623\u0641\u0636\u0644 \u0641\u064a \u0627\u0644\u062c\u0648\u062f\u0629\u060c \u0627\u0644\u0623\u0633\u0639\u0627\u0631\u060c \u0648\u0627\u0644\u062a\u0633\u0644\u064a\u0645 \u0641\u064a \u0627\u0644\u0645\u0648\u0639\u062f.<\/span>\n\t\t\t\t\t\t\t\t\t<\/li>\n\t\t\t\t\t\t\t\t\t\t\t<li>\n\t\t\t\t\t<span class=\"wd-icon list-icon fas fa-angle-double-right\"><\/span>\n\t\t\t\t\t<span class=\"wd-list-content list-content\">\u0663. \u0627\u0644\u0639\u0645\u0644 \u0639\u0644\u0649 \u0627\u0644\u062a\u062d\u0633\u064a\u0646 \u0627\u0644\u0645\u0633\u062a\u0645\u0631 \u0644\u062a\u062d\u0642\u064a\u0642 \u0623\u0639\u0644\u0649 \u0645\u0633\u062a\u0648\u064a\u0627\u062a \u0631\u0636\u0627 \u0627\u0644\u0639\u0645\u0644\u0627\u0621.<\/span>\n\t\t\t\t\t\t\t\t\t<\/li>\n\t\t\t\t\t\t\t\t\t\t\t<li>\n\t\t\t\t\t<span class=\"wd-icon list-icon fas fa-angle-double-right\"><\/span>\n\t\t\t\t\t<span class=\"wd-list-content list-content\">\u0664. \u0627\u0644\u0627\u0644\u062a\u0632\u0627\u0645 \u0627\u0644\u0635\u0627\u0631\u0645 \u0628\u0627\u0644\u0625\u062c\u0631\u0627\u0621\u0627\u062a \u0648\u0627\u0644\u062a\u0639\u0644\u064a\u0645\u0627\u062a.<\/span>\n\t\t\t\t\t\t\t\t\t<\/li>\n\t\t\t\t\t\t\t\t\t\t\t<li>\n\t\t\t\t\t<span class=\"wd-icon list-icon fas fa-angle-double-right\"><\/span>\n\t\t\t\t\t<span class=\"wd-list-content list-content\">\u0665. \u062a\u0639\u0632\u064a\u0632 \u0627\u0644\u0639\u0645\u0644 \u0627\u0644\u062c\u0645\u0627\u0639\u064a \u0648\u0645\u0634\u0627\u0631\u0643\u0629 \u0627\u0644\u0645\u0639\u0631\u0641\u0629.<\/span>\n\t\t\t\t\t\t\t\t\t<\/li>\n\t\t\t\t\t\t\t\t\t\t\t<li>\n\t\t\t\t\t<span class=\"wd-icon list-icon fas fa-angle-double-right\"><\/span>\n\t\t\t\t\t<span class=\"wd-list-content list-content\">\u0666. \u0627\u0644\u0627\u0647\u062a\u0645\u0627\u0645 \u0628\u0627\u0644\u0645\u0648\u0638\u0641\u064a\u0646 \u0648\u0636\u0645\u0627\u0646 \u0631\u0636\u0627\u0647\u0645 \u0627\u0644\u0648\u0638\u064a\u0641\u064a.<\/span>\n\t\t\t\t\t\t\t\t\t<\/li>\n\t\t\t\t\t\t\t\t\t\t\t<li>\n\t\t\t\t\t<span class=\"wd-icon list-icon fas fa-angle-double-right\"><\/span>\n\t\t\t\t\t<span class=\"wd-list-content list-content\">\u0667. \u0627\u0644\u062d\u0641\u0627\u0638 \u0639\u0644\u0649 \u0627\u0644\u0628\u064a\u0626\u0629\u060c \u0627\u0644\u0633\u0644\u0627\u0645\u0629 \u0627\u0644\u0645\u0647\u0646\u064a\u0629\u060c \u0648\u0627\u0644\u0646\u0638\u0627\u0641\u0629.<\/span>\n\t\t\t\t\t\t\t\t\t<\/li>\n\t\t\t\t\t<\/ul>\n\t\t<\/div><\/div><\/div><div class=\"wpb_column vc_column_container vc_col-sm-6\"><div class=\"vc_column-inner\"><div class=\"wpb_wrapper\">\n\t\t<div id=\"wd-6702e3a5bf934\" class=\"title-wrapper wd-wpb wd-set-mb reset-last-child  wd-rs-6702e3a5bf934 wd-title-color-primary wd-title-style-default text-left  wd-underline-colored\">\n\t\t\t\n\t\t\t<div class=\"liner-continer\">\n\t\t\t\t<h4 class=\"woodmart-title-container title  wd-font-weight- wd-fontsize-xxl\" >\u0627\u0644\u062a\u0632\u0627\u0645 \u0631\u064a\u0643\u0633\u0627\u0646<\/h4>\n\t\t\t\t\t\t\t<\/div>\n\t\t\t\n\t\t\t\n\t\t\t\n\t\t<\/div>\n\t\t\n\t\t\n\t<div class=\"wpb_text_column wpb_content_element\" >\n\t\t<div class=\"wpb_wrapper\">\n\t\t\t<p>\u062a\u062d\u0642\u064a\u0642 \u0631\u0636\u0627 \u0639\u0645\u0644\u0627\u0621 \u0645\u0637\u0644\u0642\u060c \u0648\u0627\u0644\u062a\u0637\u0648\u064a\u0631 \u0627\u0644\u0645\u0633\u062a\u0645\u0631 \u0644\u0644\u0645\u0639\u0627\u0631\u0641 \u0627\u0644\u062a\u0642\u0646\u064a\u0629 \u0648\u0627\u0644\u0645\u0647\u0646\u064a\u0629\u060c \u0648\u0627\u0644\u0627\u0644\u062a\u0632\u0627\u0645 \u0628\u0623\u0639\u0644\u0649 \u0645\u0639\u0627\u064a\u064a\u0631 \u0627\u0644\u062c\u0648\u062f\u0629 \u0627\u0644\u0625\u0646\u062a\u0627\u062c\u064a\u0629\u060c \u0648\u0627\u0644\u0639\u0645\u0644 \u0639\u0644\u0649 \u0628\u0646\u0627\u0621 \u0645\u0624\u0633\u0633\u0629 \u0645\u0633\u062a\u062f\u0627\u0645\u0629 \u062a\u062d\u062a\u0631\u0645 \u0627\u0644\u0628\u064a\u0626\u0629 \u0648\u0627\u0644\u0645\u062c\u062a\u0645\u0639 \u0648\u062a\u0636\u0645\u0646 \u0633\u0639\u0627\u062f\u0629 \u0645\u0648\u0638\u0641\u064a\u0647\u0627.<\/p>\n\n\t\t<\/div>\n\t<\/div>\n\n\t\t<div id=\"wd-6702e3d6aab83\" class=\"title-wrapper wd-wpb wd-set-mb reset-last-child  wd-rs-6702e3d6aab83 wd-title-color-primary wd-title-style-default text-left  wd-underline-colored\">\n\t\t\t\n\t\t\t<div class=\"liner-continer\">\n\t\t\t\t<h4 class=\"woodmart-title-container title  wd-font-weight- wd-fontsize-xxl\" >\u0631\u0624\u064a\u062a\u0646\u0627<\/h4>\n\t\t\t\t\t\t\t<\/div>\n\t\t\t\n\t\t\t\n\t\t\t\n\t\t<\/div>\n\t\t\n\t\t\n\t<div class=\"wpb_text_column wpb_content_element\" >\n\t\t<div class=\"wpb_wrapper\">\n\t\t\t<p>\u0623\u0646 \u0646\u064f\u0635\u0628\u062d \u0645\u0624\u0633\u0633\u0629 \u0645\u0648\u062b\u0648\u0642\u0629 \u0639\u0627\u0644\u0645\u064a\u064b\u0627 \u0645\u0646 \u062e\u0644\u0627\u0644 \u0625\u0646\u062a\u0627\u062c \u0645\u0646\u062a\u062c\u0627\u062a \u062a\u062a\u0648\u0627\u0641\u0642 \u0645\u0639 \u0645\u0639\u0627\u064a\u064a\u0631 \u0627\u0644\u062c\u0648\u062f\u0629 \u0627\u0644\u0639\u0627\u0644\u0645\u064a\u0629 \u0648\u062a\u0642\u062f\u064a\u0645 \u0639\u0645\u0644\u064a\u0627\u062a \u062a\u0633\u0644\u064a\u0645 \u0633\u0631\u064a\u0639\u0629 \u0648\u062e\u0627\u0644\u064a\u0629 \u0645\u0646 \u0627\u0644\u0645\u0634\u0643\u0644\u0627\u062a \u0644\u0639\u0645\u0644\u0627\u0626\u0646\u0627 \u062d\u0648\u0644 \u0627\u0644\u0639\u0627\u0644\u0645.<\/p>\n\n\t\t<\/div>\n\t<\/div>\n<\/div><\/div><\/div><\/div>\n<\/div>","protected":false},"excerpt":{"rendered":"Reksan Hakk\u0131nda Reksan 1991 y\u0131l\u0131nda \u0130stanbul'da \"Reksan Elektrik Malzemeleri Sanayi Ticaret ve Limited \u015eirketi\" olarak faaliyete ge\u00e7erek kablo ba\u011flant\u0131 elemanlar\u0131n\u0131n","protected":false},"author":2,"featured_media":0,"parent":0,"menu_order":0,"comment_status":"closed","ping_status":"closed","template":"","meta":{"footnotes":""},"class_list":["post-10133","page","type-page","status-publish","hentry"],"_links":{"self":[{"href":"https:\/\/www.reksan.com.tr\/ar\/wp-json\/wp\/v2\/pages\/10133","targetHints":{"allow":["GET"]}}],"collection":[{"href":"https:\/\/www.reksan.com.tr\/ar\/wp-json\/wp\/v2\/pages"}],"about":[{"href":"https:\/\/www.reksan.com.tr\/ar\/wp-json\/wp\/v2\/types\/page"}],"author":[{"embeddable":true,"href":"https:\/\/www.reksan.com.tr\/ar\/wp-json\/wp\/v2\/users\/2"}],"replies":[{"embeddable":true,"href":"https:\/\/www.reksan.com.tr\/ar\/wp-json\/wp\/v2\/comments?post=10133"}],"version-history":[{"count":1,"href":"https:\/\/www.reksan.com.tr\/ar\/wp-json\/wp\/v2\/pages\/10133\/revisions"}],"predecessor-version":[{"id":15298,"href":"https:\/\/www.reksan.com.tr\/ar\/wp-json\/wp\/v2\/pages\/10133\/revisions\/15298"}],"wp:attachment":[{"href":"https:\/\/www.reksan.com.tr\/ar\/wp-json\/wp\/v2\/media?parent=10133"}],"curies":[{"name":"wp","href":"https:\/\/api.w.org\/{rel}","templated":true}]}}